{"id":36526,"date":"2025-02-20T23:35:54","date_gmt":"2025-02-20T22:35:54","guid":{"rendered":"http:\/\/olemosaic.com\/producto\/iman-de-ceramica-toros-madrid-blanco-3\/"},"modified":"2025-07-25T18:42:24","modified_gmt":"2025-07-25T16:42:24","slug":"iman-de-ceramica-touros-madrid-branco-3","status":"publish","type":"product","link":"https:\/\/olemosaic.com\/pt-pt\/produto\/iman-de-ceramica-touros-madrid-branco-3\/","title":{"rendered":"\u00cdman de cer\u00e2mica. Touros. Verde, azul e vermelho. Madrid. Branco."},"content":{"rendered":"<p>\u00cdman de cer\u00e2mica com forma de colher inspirado na ic\u00f3nica figura do touro madrileno. Este vibrante \u00edman \u00e9 uma pe\u00e7a distintiva que capta a ess\u00eancia da cultura espanhola atrav\u00e9s de um design alegre e colorido. O touro, pintado numa mistura de verdes, azuis e vermelhos, destaca-se sobre um fundo branco com um atraente efeito de mosaico, simbolizando a tradi\u00e7\u00e3o taurom\u00e1quica, parte do patrim\u00f3nio madrileno. As flores que o rodeiam acrescentam um toque fresco e vibrante, tornando-o uma recorda\u00e7\u00e3o visualmente atraente e representativa da capital espanhola.<\/p>\n<p>A palavra &#8220;MADRID&#8221;, elegantemente inscrita na parte superior do \u00edman, refor\u00e7a a sua identidade como recorda\u00e7\u00e3o e acrescenta um elemento de autenticidade e liga\u00e7\u00e3o cultural. Este \u00edman de cer\u00e2mica \u00e9 perfeito para quem procura um presente que represente a riqueza cultural de Madrid, ideal tanto para turistas que desejam levar um pedacinho da cidade como para comerciantes que oferecem recorda\u00e7\u00f5es \u00fanicas nas suas lojas. Na Ol\u00e9 Mosaic, como grossista de recorda\u00e7\u00f5es, oferecemos produtos genu\u00ednos que refletem a diversidade e o car\u00e1ter de Espanha, e este \u00edman de cer\u00e2mica \u00e9 uma excelente op\u00e7\u00e3o para enriquecer qualquer cole\u00e7\u00e3o de presentes tur\u00edsticos.<\/p>\n","protected":false},"excerpt":{"rendered":"<p>\u00cdman de cer\u00e2mica com forma de colher, inspirado na ic\u00f3nica figura do touro madrileno. Este \u00edman apresenta um design colorido e vibrante, com um touro pintado em tons de verde, azul e vermelho, rodeado de flores sobre um fundo branco com efeito mosaico. A palavra &#8220;MADRID&#8221; est\u00e1 elegantemente inscrita na parte superior, acrescentando um toque distintivo e representativo da cultura espanhola. Perfeito para levar uma recorda\u00e7\u00e3o \u00fanica da capital.<\/p>\n","protected":false},"featured_media":8617,"template":"","meta":{"_acf_changed":false},"product_brand":[],"product_cat":[699],"product_tag":[516,515],"class_list":{"0":"post-36526","1":"product","2":"type-product","3":"status-publish","4":"has-post-thumbnail","6":"product_cat-imanes","7":"product_tag-animais","8":"product_tag-ceramica","9":"pa_ciudad-madrid","10":"pa_motivo-touros","11":"pa_pais-espana","13":"first","14":"instock","15":"shipping-taxable","16":"product-type-simple"},"acf":[],"_links":{"self":[{"href":"https:\/\/olemosaic.com\/pt-pt\/wp-json\/wp\/v2\/product\/36526","targetHints":{"allow":["GET"]}}],"collection":[{"href":"https:\/\/olemosaic.com\/pt-pt\/wp-json\/wp\/v2\/product"}],"about":[{"href":"https:\/\/olemosaic.com\/pt-pt\/wp-json\/wp\/v2\/types\/product"}],"wp:featuredmedia":[{"embeddable":true,"href":"https:\/\/olemosaic.com\/pt-pt\/wp-json\/wp\/v2\/media\/8617"}],"wp:attachment":[{"href":"https:\/\/olemosaic.com\/pt-pt\/wp-json\/wp\/v2\/media?parent=36526"}],"wp:term":[{"taxonomy":"product_brand","embeddable":true,"href":"https:\/\/olemosaic.com\/pt-pt\/wp-json\/wp\/v2\/product_brand?post=36526"},{"taxonomy":"product_cat","embeddable":true,"href":"https:\/\/olemosaic.com\/pt-pt\/wp-json\/wp\/v2\/product_cat?post=36526"},{"taxonomy":"product_tag","embeddable":true,"href":"https:\/\/olemosaic.com\/pt-pt\/wp-json\/wp\/v2\/product_tag?post=36526"}],"curies":[{"name":"wp","href":"https:\/\/api.w.org\/{rel}","templated":true}]}}