{"id":36525,"date":"2025-02-20T23:35:54","date_gmt":"2025-02-20T22:35:54","guid":{"rendered":"http:\/\/olemosaic.com\/producto\/iman-de-ceramica-valencia-blanco-3\/"},"modified":"2025-07-25T19:24:33","modified_gmt":"2025-07-25T17:24:33","slug":"iman-de-ceramica-valencia-branco-3","status":"publish","type":"product","link":"https:\/\/olemosaic.com\/pt-pt\/produto\/iman-de-ceramica-valencia-branco-3\/","title":{"rendered":"\u00cdman de cer\u00e2mica. Colher. Val\u00eancia. Branco."},"content":{"rendered":"<p>\u00cdman de cer\u00e2mica com design de colher de Val\u00eancia, uma joia que capta a ess\u00eancia desta vibrante cidade. Este \u00edman, com o seu atraente formato em forma de colher, destaca-se tanto pela sua funcionalidade como pela sua est\u00e9tica contempor\u00e2nea. A sua base branca serve de tela perfeita para os coloridos detalhes ilustrativos da majestosa Catedral de Val\u00eancia, famosa pela sua impressionante arquitetura g\u00f3tica, e do inovador edif\u00edcio da Cidade das Artes e das Ci\u00eancias, um \u00edcone do design moderno. Os toques de colora\u00e7\u00e3o na representa\u00e7\u00e3o destes monumentos contrastam maravilhosamente com o fundo, criando um aspeto apelativo que encantar\u00e1 qualquer visitante.<\/p>\n<p>O nome &#8220;Valencia&#8221; apresenta-se em letras chamativas na parte superior, acrescentando um toque final que real\u00e7a a sua identidade como aut\u00eantica recorda\u00e7\u00e3o da cidade. Este \u00edman n\u00e3o \u00e9 um simples objeto decorativo; \u00e9 uma lembran\u00e7a tang\u00edvel da rica hist\u00f3ria e cultura de Val\u00eancia, conhecida pela sua gastronomia, festivais e arquitetura. Na Ol\u00e9 Mosaic, especializada na distribui\u00e7\u00e3o de recorda\u00e7\u00f5es por grosso, este \u00edman de cer\u00e2mica \u00e9 uma excelente op\u00e7\u00e3o para lojas de presentes tur\u00edsticos que procuram oferecer produtos aut\u00eanticos e significativos. \u00c9 um presente perfeito e uma recorda\u00e7\u00e3o representativa que ajudar\u00e1 a reviver as mem\u00f3rias de uma visita inesquec\u00edvel a Val\u00eancia.<\/p>\n","protected":false},"excerpt":{"rendered":"<p>\u00cdman de cer\u00e2mica inspirado na vibrante cidade de Val\u00eancia, com um design em forma de colher. Este \u00edman apresenta coloridos detalhes ilustrativos da Catedral de Val\u00eancia e do moderno edif\u00edcio da Cidade das Artes e das Ci\u00eancias, sobre um fundo branco com toques de cor. Decorado com um estilo contempor\u00e2neo, inclui o nome &#8220;Valencia&#8221; em letras chamativas, ideal para recordar esta bela cidade.<\/p>\n","protected":false},"featured_media":9896,"template":"","meta":{"_acf_changed":false},"product_brand":[],"product_cat":[699],"product_tag":[515],"class_list":{"0":"post-36525","1":"product","2":"type-product","3":"status-publish","4":"has-post-thumbnail","6":"product_cat-imanes","7":"product_tag-ceramica","8":"pa_ciudad-valencia","9":"pa_pais-espana","11":"first","12":"instock","13":"shipping-taxable","14":"product-type-simple"},"acf":[],"_links":{"self":[{"href":"https:\/\/olemosaic.com\/pt-pt\/wp-json\/wp\/v2\/product\/36525","targetHints":{"allow":["GET"]}}],"collection":[{"href":"https:\/\/olemosaic.com\/pt-pt\/wp-json\/wp\/v2\/product"}],"about":[{"href":"https:\/\/olemosaic.com\/pt-pt\/wp-json\/wp\/v2\/types\/product"}],"wp:featuredmedia":[{"embeddable":true,"href":"https:\/\/olemosaic.com\/pt-pt\/wp-json\/wp\/v2\/media\/9896"}],"wp:attachment":[{"href":"https:\/\/olemosaic.com\/pt-pt\/wp-json\/wp\/v2\/media?parent=36525"}],"wp:term":[{"taxonomy":"product_brand","embeddable":true,"href":"https:\/\/olemosaic.com\/pt-pt\/wp-json\/wp\/v2\/product_brand?post=36525"},{"taxonomy":"product_cat","embeddable":true,"href":"https:\/\/olemosaic.com\/pt-pt\/wp-json\/wp\/v2\/product_cat?post=36525"},{"taxonomy":"product_tag","embeddable":true,"href":"https:\/\/olemosaic.com\/pt-pt\/wp-json\/wp\/v2\/product_tag?post=36525"}],"curies":[{"name":"wp","href":"https:\/\/api.w.org\/{rel}","templated":true}]}}