{"id":36524,"date":"2025-02-20T23:35:54","date_gmt":"2025-02-20T22:35:54","guid":{"rendered":"http:\/\/olemosaic.com\/producto\/huevera-de-ceramica-salamandra-mallorca-beige\/"},"modified":"2025-07-25T19:37:26","modified_gmt":"2025-07-25T17:37:26","slug":"hueveira-de-ceramica-salamandra-maiorca-bege","status":"publish","type":"product","link":"https:\/\/olemosaic.com\/pt-pt\/produto\/hueveira-de-ceramica-salamandra-maiorca-bege\/","title":{"rendered":"Hueveira de cer\u00e2mica. Salamandra. Maiorca. Bege"},"content":{"rendered":"<p>Hueveira de cer\u00e2mica com efeito pintado \u00e0 m\u00e3o, inspirada no folclore maiorquino. Este design encantador destaca a rica heran\u00e7a cultural da ilha, exibindo um par de salamandras pintadas com cores vibrantes e ornamentos florais que captam a ess\u00eancia da paisagem mediterr\u00e2nica. A base, num suave tom bege, \u00e9 complementada por elegantes bordas vermelhas, criando um apelo visual que transformar\u00e1 qualquer mesa num espa\u00e7o festivo e acolhedor. Na parte superior, o texto &#8220;MALLORCA&#8221; acrescenta um toque pessoal e aut\u00eantico, tornando-a uma recorda\u00e7\u00e3o ideal para os visitantes que procuram levar um peda\u00e7o da tradi\u00e7\u00e3o maiorquina para casa.<\/p>\n<p>Esta hueveira, al\u00e9m de funcional, real\u00e7a a mestria da cer\u00e2mica artesanal de Maiorca. Cada pe\u00e7a \u00e9 meticulosamente elaborada e com efeito pintado \u00e0 m\u00e3o, garantindo que seja \u00fanica e conte uma hist\u00f3ria de heran\u00e7a cultural. Perfeita para apresentar ovos de forma estilizada, \u00e9 uma excelente op\u00e7\u00e3o para quem deseja dar um toque especial \u00e0 sua mesa. Na Ol\u00e9 Mosaic, como distribuidores de recorda\u00e7\u00f5es por grosso, oferecemos esta hueveira de cer\u00e2mica como parte da nossa cole\u00e7\u00e3o de produtos aut\u00eanticos e representativos que captam a magia de Maiorca. Ideal para lojas de presentes tur\u00edsticos que procuram oferecer artigos de qualidade que realcem o artesanato local e a riqueza cultural de Espanha.<\/p>\n","protected":false},"excerpt":{"rendered":"<p>Hueveira de cer\u00e2mica com design artesanal, pintada \u00e0 m\u00e3o, inspirada no folclore de Maiorca. Este design \u00fanico apresenta duas encantadoras salamandras decoradas com cores vibrantes e flores, juntamente com a palavra &#8220;MALLORCA&#8221;. A base, em cor bege, combina-se com bordas vermelhas, conferindo um toque mediterr\u00e2nico. Ideal para apresentar ovos de forma elegante, este produto real\u00e7a a cultura local e o artesanato tradicional maiorquino, perfeito para dar um toque especial a qualquer mesa.<\/p>\n","protected":false},"featured_media":7349,"template":"","meta":{"_acf_changed":false},"product_brand":[],"product_cat":[666],"product_tag":[516,515],"class_list":{"0":"post-36524","1":"product","2":"type-product","3":"status-publish","4":"has-post-thumbnail","6":"product_cat-copos-para-ovos","7":"product_tag-animais","8":"product_tag-ceramica","9":"pa_ciudad-mallorca","10":"pa_motivo-salamandras","11":"pa_pais-espana","13":"first","14":"instock","15":"shipping-taxable","16":"product-type-simple"},"acf":[],"_links":{"self":[{"href":"https:\/\/olemosaic.com\/pt-pt\/wp-json\/wp\/v2\/product\/36524","targetHints":{"allow":["GET"]}}],"collection":[{"href":"https:\/\/olemosaic.com\/pt-pt\/wp-json\/wp\/v2\/product"}],"about":[{"href":"https:\/\/olemosaic.com\/pt-pt\/wp-json\/wp\/v2\/types\/product"}],"wp:featuredmedia":[{"embeddable":true,"href":"https:\/\/olemosaic.com\/pt-pt\/wp-json\/wp\/v2\/media\/7349"}],"wp:attachment":[{"href":"https:\/\/olemosaic.com\/pt-pt\/wp-json\/wp\/v2\/media?parent=36524"}],"wp:term":[{"taxonomy":"product_brand","embeddable":true,"href":"https:\/\/olemosaic.com\/pt-pt\/wp-json\/wp\/v2\/product_brand?post=36524"},{"taxonomy":"product_cat","embeddable":true,"href":"https:\/\/olemosaic.com\/pt-pt\/wp-json\/wp\/v2\/product_cat?post=36524"},{"taxonomy":"product_tag","embeddable":true,"href":"https:\/\/olemosaic.com\/pt-pt\/wp-json\/wp\/v2\/product_tag?post=36524"}],"curies":[{"name":"wp","href":"https:\/\/api.w.org\/{rel}","templated":true}]}}