{"id":36513,"date":"2025-02-20T23:35:53","date_gmt":"2025-02-20T22:35:53","guid":{"rendered":"http:\/\/olemosaic.com\/producto\/huevera-de-ceramica-toros-blanco\/"},"modified":"2025-07-25T18:36:48","modified_gmt":"2025-07-25T16:36:48","slug":"oveira-de-ceramica-touros-branco","status":"publish","type":"product","link":"https:\/\/olemosaic.com\/pt-pt\/produto\/oveira-de-ceramica-touros-branco\/","title":{"rendered":"Oveira de cer\u00e2mica. Touros. Branco"},"content":{"rendered":"<p>Oveira de cer\u00e2mica decorada com um design vibrante que destaca a figura de um touro, s\u00edmbolo emblem\u00e1tico da cultura espanhola. Esta requintada oveira, realizada em cer\u00e2mica branca, apresenta um acabamento pintado \u00e0 m\u00e3o com coloridos motivos em tonalidades de azul, vermelho e verde, dispostos em estilo de mosaico que confere vitalidade e alegria a qualquer mesa. O touro, representado num din\u00e2mico desdobramento de cores, n\u00e3o \u00e9 apenas um emblema da tradi\u00e7\u00e3o taurom\u00e1quica espanhola, mas tamb\u00e9m simboliza a for\u00e7a e o orgulho da cultura ib\u00e9rica.<\/p>\n<p>Os detalhes florais e os raios de sol que rodeiam a figura do touro adicionam um encanto art\u00edstico adicional, tornando esta pe\u00e7a num souvenir ideal que captura a ess\u00eancia da tradi\u00e7\u00e3o espanhola. A oveira n\u00e3o \u00e9 apenas funcional, mas tamb\u00e9m se torna um elemento decorativo \u00fanico que recorda aos turistas a rica heran\u00e7a cultural de Espanha.<\/p>\n<p>Na Ol\u00e9 Mosaic somos especialistas na distribui\u00e7\u00e3o de souvenirs por grosso, oferecendo produtos aut\u00eanticos que representam a diversidade cultural do nosso pa\u00eds. Esta oveira \u00e9 uma excelente op\u00e7\u00e3o para lojas de presentes tur\u00edsticos que procuram oferecer aos seus clientes uma recorda\u00e7\u00e3o representativa que combine funcionalidade e arte. Um souvenir de grande valor cultural que celebra a impressionante tradi\u00e7\u00e3o do touro na sociedade espanhola, perfeita para aqueles que desejam levar para casa um pedacinho de Espanha.<\/p>\n","protected":false},"excerpt":{"rendered":"<p>Oveira de cer\u00e2mica decorada com um design vibrante que real\u00e7a a figura de um touro, s\u00edmbolo emblem\u00e1tico da cultura espanhola. Esta pe\u00e7a, realizada em cer\u00e2mica branca, apresenta um acabamento de design artesanal, pintado \u00e0 m\u00e3o, com motivos coloridos em tons de azul, vermelho e verde, combinados num estilo de mosaico. Os detalhes florais e os raios de sol conferem-lhe um encanto art\u00edstico, tornando-a uma recorda\u00e7\u00e3o ideal que captura a ess\u00eancia da tradi\u00e7\u00e3o espanhola.<\/p>\n","protected":false},"featured_media":8543,"template":"","meta":{"_acf_changed":false},"product_brand":[],"product_cat":[666],"product_tag":[516,515],"class_list":{"0":"post-36513","1":"product","2":"type-product","3":"status-publish","4":"has-post-thumbnail","6":"product_cat-copos-para-ovos","7":"product_tag-animais","8":"product_tag-ceramica","9":"pa_motivo-touros","11":"first","12":"instock","13":"shipping-taxable","14":"product-type-simple"},"acf":[],"_links":{"self":[{"href":"https:\/\/olemosaic.com\/pt-pt\/wp-json\/wp\/v2\/product\/36513","targetHints":{"allow":["GET"]}}],"collection":[{"href":"https:\/\/olemosaic.com\/pt-pt\/wp-json\/wp\/v2\/product"}],"about":[{"href":"https:\/\/olemosaic.com\/pt-pt\/wp-json\/wp\/v2\/types\/product"}],"wp:featuredmedia":[{"embeddable":true,"href":"https:\/\/olemosaic.com\/pt-pt\/wp-json\/wp\/v2\/media\/8543"}],"wp:attachment":[{"href":"https:\/\/olemosaic.com\/pt-pt\/wp-json\/wp\/v2\/media?parent=36513"}],"wp:term":[{"taxonomy":"product_brand","embeddable":true,"href":"https:\/\/olemosaic.com\/pt-pt\/wp-json\/wp\/v2\/product_brand?post=36513"},{"taxonomy":"product_cat","embeddable":true,"href":"https:\/\/olemosaic.com\/pt-pt\/wp-json\/wp\/v2\/product_cat?post=36513"},{"taxonomy":"product_tag","embeddable":true,"href":"https:\/\/olemosaic.com\/pt-pt\/wp-json\/wp\/v2\/product_tag?post=36513"}],"curies":[{"name":"wp","href":"https:\/\/api.w.org\/{rel}","templated":true}]}}