{"id":36511,"date":"2025-02-20T22:35:53","date_gmt":"2025-02-20T22:35:53","guid":{"rendered":"http:\/\/olemosaic.com\/producto\/funda-de-telefono-para-xiaomi-rmnote-12-tpu-abstracto-negro\/"},"modified":"2025-07-25T18:45:58","modified_gmt":"2025-07-25T16:45:58","slug":"capa-para-telemovel-xiaomi-rmnote-12-tpu-abstrato-preto","status":"publish","type":"product","link":"https:\/\/olemosaic.com\/pt-pt\/produto\/capa-para-telemovel-xiaomi-rmnote-12-tpu-abstrato-preto\/","title":{"rendered":"Capa para telem\u00f3vel para Xiaomi RMNote 12 (TPU). Abstrato. Preto"},"content":{"rendered":"<p>Capa de telem\u00f3vel para Xiaomi RMNote 12 de TPU com design abstrato.<\/p>\n<p>Descubra a vibrante capa para Xiaomi RMNote 12, fabricada em TPU, que combina design contempor\u00e2neo e art\u00edstico com uma funcionalidade excecional. Destaca-se pelo seu impressionante padr\u00e3o abstrato que mistura tons intensos de azul, roxo, vermelho e amarelo, criando um efeito visual que atrai todos os olhares e real\u00e7a a est\u00e9tica do seu dispositivo. O design de nuvens de cores intensas sobre um fundo preto adiciona um toque de eleg\u00e2ncia e modernidade, ideal para quem deseja expressar o seu estilo pessoal.<\/p>\n<p>Al\u00e9m do seu apelo visual, esta capa oferece uma s\u00f3lida prote\u00e7\u00e3o contra quedas e riscos, assegurando que o seu telem\u00f3vel mantenha a sua apar\u00eancia e funcionalidade em qualquer situa\u00e7\u00e3o. A sua constru\u00e7\u00e3o em TPU proporciona uma cobertura completa que se adapta perfeitamente \u00e0s linhas do Xiaomi RMNote 12, conseguindo um ajuste seguro e confort\u00e1vel na m\u00e3o.<\/p>\n<p>A Ol\u00e9 Mosaic orgulha-se de oferecer esta capa como um souvenir moderno, ideal para turistas que procuram produtos aut\u00eanticos e representativos do design contempor\u00e2neo. Como grossistas de acess\u00f3rios, garantimos a qualidade e a exclusividade em cada um dos nossos produtos. Esta capa \u00e9 uma excelente op\u00e7\u00e3o para lojas de presentes tur\u00edsticos que desejam enriquecer a sua oferta com artigos funcionais e artisticamente atraentes.<\/p>\n","protected":false},"excerpt":{"rendered":"<p>Capa de telem\u00f3vel para Xiaomi Redmi Note 12 fabricada em TPU, com um design abstrato e vibrante. Esta capa destaca-se pelo seu atraente padr\u00e3o de nuvens de cores intensas, com azuis, roxos, vermelhos e amarelos, que criam uma imagem contempor\u00e2nea e art\u00edstica. Al\u00e9m da sua est\u00e9tica din\u00e2mica, oferece uma excelente prote\u00e7\u00e3o contra quedas e riscos, garantindo que o seu dispositivo mantenha o seu estilo e seguran\u00e7a em todos os momentos.<\/p>\n","protected":false},"featured_media":12707,"template":"","meta":{"_acf_changed":false},"product_brand":[],"product_cat":[685],"product_tag":[],"class_list":{"0":"post-36511","1":"product","2":"type-product","3":"status-publish","4":"has-post-thumbnail","6":"product_cat-capas-para-telemoveis","7":"pa_motivo-resumo","9":"first","10":"instock","11":"shipping-taxable","12":"product-type-simple"},"acf":[],"_links":{"self":[{"href":"https:\/\/olemosaic.com\/pt-pt\/wp-json\/wp\/v2\/product\/36511","targetHints":{"allow":["GET"]}}],"collection":[{"href":"https:\/\/olemosaic.com\/pt-pt\/wp-json\/wp\/v2\/product"}],"about":[{"href":"https:\/\/olemosaic.com\/pt-pt\/wp-json\/wp\/v2\/types\/product"}],"wp:featuredmedia":[{"embeddable":true,"href":"https:\/\/olemosaic.com\/pt-pt\/wp-json\/wp\/v2\/media\/12707"}],"wp:attachment":[{"href":"https:\/\/olemosaic.com\/pt-pt\/wp-json\/wp\/v2\/media?parent=36511"}],"wp:term":[{"taxonomy":"product_brand","embeddable":true,"href":"https:\/\/olemosaic.com\/pt-pt\/wp-json\/wp\/v2\/product_brand?post=36511"},{"taxonomy":"product_cat","embeddable":true,"href":"https:\/\/olemosaic.com\/pt-pt\/wp-json\/wp\/v2\/product_cat?post=36511"},{"taxonomy":"product_tag","embeddable":true,"href":"https:\/\/olemosaic.com\/pt-pt\/wp-json\/wp\/v2\/product_tag?post=36511"}],"curies":[{"name":"wp","href":"https:\/\/api.w.org\/{rel}","templated":true}]}}