{"id":36509,"date":"2025-02-20T22:35:53","date_gmt":"2025-02-20T22:35:53","guid":{"rendered":"http:\/\/olemosaic.com\/producto\/funda-de-telefono-para-xiaomi-rmnote-12-tpu-punt-de-trobada-barcelona-blanco\/"},"modified":"2025-07-25T20:00:45","modified_gmt":"2025-07-25T18:00:45","slug":"capa-para-telemovel-xiaomi-rmnote-12-tpu-punt-de-trobada-barcelona-branco","status":"publish","type":"product","link":"https:\/\/olemosaic.com\/pt-pt\/produto\/capa-para-telemovel-xiaomi-rmnote-12-tpu-punt-de-trobada-barcelona-branco\/","title":{"rendered":"Capa para telem\u00f3vel para Xiaomi RMNote 12 (TPU). Punt de trobada. Barcelona. Branco"},"content":{"rendered":"<p>Capa para telem\u00f3vel Xiaomi RMNote 12 concebida como uma homenagem vibrante ao famoso &#8220;Punt de Trobada&#8221; de Barcelona. Esta capa, fabricada em TPU de alta qualidade, n\u00e3o s\u00f3 protege eficazmente o seu dispositivo, como tamb\u00e9m transforma o seu telem\u00f3vel numa pe\u00e7a de arte. Com uma ilustra\u00e7\u00e3o en\u00e9rgica que apresenta figuras abstratas em tons de vermelho, amarelo, verde e azul, a capa reflete a alegria e a criatividade do mosaico catal\u00e3o. O fundo branco real\u00e7a maravilhosamente as cores, enquanto a palavra &#8220;Barcelona&#8221; estampada na parte inferior encapsula a ess\u00eancia art\u00edstica da cidade.<\/p>\n<p>O &#8220;Punt de Trobada&#8221;, criado pelo c\u00e9lebre artista Antoni Gaud\u00ed, \u00e9 um s\u00edmbolo da vanguarda arquitet\u00f3nica e cultural de Barcelona, e esta capa captura o seu esp\u00edrito vibrante, tornando-a uma recorda\u00e7\u00e3o perfeita para quem deseja levar um peda\u00e7o desta ic\u00f3nica cidade para qualquer lugar. \u00c9 uma op\u00e7\u00e3o ideal para turistas e amantes da arte, pois oferece tanto funcionalidade como um estilo \u00fanico. Na Ol\u00e9 Mosaic, garantimos que os nossos produtos, como esta capa para telem\u00f3vel, s\u00e3o souvenirs aut\u00eanticos de Barcelona, perfeitos para lojas de presentes tur\u00edsticos que procuram destacar a riqueza cultural da regi\u00e3o.<\/p>\n","protected":false},"excerpt":{"rendered":"<p>Capa para Xiaomi Redmi Note 12, fabricada em TPU com um design vibrante que homenageia o famoso &#8220;Punt de Trobada&#8221; de Barcelona. A capa apresenta uma ilustra\u00e7\u00e3o colorida e en\u00e9rgica com figuras abstratas em tons de vermelho, amarelo, verde e azul, sobre um fundo branco que real\u00e7a a beleza do mosaico. A palavra &#8220;Barcelona&#8221; est\u00e1 impressa na parte inferior, refletindo a ess\u00eancia art\u00edstica da cidade. Ideal para proteger o seu dispositivo e afirmar o seu estilo \u00fanico.<\/p>\n","protected":false},"featured_media":12692,"template":"","meta":{"_acf_changed":false},"product_brand":[],"product_cat":[685],"product_tag":[],"class_list":{"0":"post-36509","1":"product","2":"type-product","3":"status-publish","4":"has-post-thumbnail","6":"product_cat-capas-para-telemoveis","7":"pa_ciudad-barcelona","8":"pa_motivo-punt-de-trobada","9":"pa_pais-espana","11":"first","12":"instock","13":"shipping-taxable","14":"product-type-simple"},"acf":[],"_links":{"self":[{"href":"https:\/\/olemosaic.com\/pt-pt\/wp-json\/wp\/v2\/product\/36509","targetHints":{"allow":["GET"]}}],"collection":[{"href":"https:\/\/olemosaic.com\/pt-pt\/wp-json\/wp\/v2\/product"}],"about":[{"href":"https:\/\/olemosaic.com\/pt-pt\/wp-json\/wp\/v2\/types\/product"}],"wp:featuredmedia":[{"embeddable":true,"href":"https:\/\/olemosaic.com\/pt-pt\/wp-json\/wp\/v2\/media\/12692"}],"wp:attachment":[{"href":"https:\/\/olemosaic.com\/pt-pt\/wp-json\/wp\/v2\/media?parent=36509"}],"wp:term":[{"taxonomy":"product_brand","embeddable":true,"href":"https:\/\/olemosaic.com\/pt-pt\/wp-json\/wp\/v2\/product_brand?post=36509"},{"taxonomy":"product_cat","embeddable":true,"href":"https:\/\/olemosaic.com\/pt-pt\/wp-json\/wp\/v2\/product_cat?post=36509"},{"taxonomy":"product_tag","embeddable":true,"href":"https:\/\/olemosaic.com\/pt-pt\/wp-json\/wp\/v2\/product_tag?post=36509"}],"curies":[{"name":"wp","href":"https:\/\/api.w.org\/{rel}","templated":true}]}}