{"id":36508,"date":"2025-02-20T23:35:53","date_gmt":"2025-02-20T22:35:53","guid":{"rendered":"http:\/\/olemosaic.com\/producto\/funda-de-telefono-para-xiaomi-rmnote-12-tpu-salamandra-barcelona-blanco\/"},"modified":"2025-07-25T20:09:38","modified_gmt":"2025-07-25T18:09:38","slug":"capa-de-telemovel-para-xiaomi-rmnote-12-tpu-salamandra-barcelona-branco","status":"publish","type":"product","link":"https:\/\/olemosaic.com\/pt-pt\/produto\/capa-de-telemovel-para-xiaomi-rmnote-12-tpu-salamandra-barcelona-branco\/","title":{"rendered":"Capa para telem\u00f3vel para Xiaomi RMNote 12 (TPU). Salamandra. Barcelona. Branco"},"content":{"rendered":"<p>Capa para Xiaomi Redmi Note 12 com um vibrante design de salamandras e flores, ideal para capturar a ess\u00eancia de Barcelona. Elaborada em TPU, esta capa n\u00e3o s\u00f3 protege o seu dispositivo, como se torna uma obra de arte port\u00e1til. A base branca do design real\u00e7a um estilo de mosaico que evoca a famosa obra de Antoni Gaud\u00ed, enquanto as salamandras coloridas \u2014 em tons de vermelho, azul e verde \u2014 se entrela\u00e7am com delicadas flores, criando um efeito visual deslumbrante. Na parte inferior, destaca-se a palavra &#8220;Barcelona&#8221;, o que torna esta capa uma recorda\u00e7\u00e3o ic\u00f3nica da cidade.<\/p>\n<p>Este acess\u00f3rio \u00e9 muito mais do que uma simples capa; \u00e9 uma homenagem \u00e0 rica cultura e \u00e0 arte que caracterizam Barcelona, o que o torna um presente perfeito para turistas que desejam levar um peda\u00e7o da cidade. A sua autenticidade e design muito especial tornam-na uma escolha excelente para lojas de presentes tur\u00edsticos. Na Ol\u00e9 Mosaic, como distribuidores de recorda\u00e7\u00f5es por grosso, oferecemos produtos que encapsulam a ess\u00eancia de cada lugar. Esta capa para smartphone representa a heran\u00e7a cultural de Barcelona e \u00e9 uma op\u00e7\u00e3o ideal para quem procura uma recorda\u00e7\u00e3o \u00fanica e funcional.<\/p>\n","protected":false},"excerpt":{"rendered":"<p>Capa para Xiaomi Redmi Note 12, fabricada em TPU, com um design vibrante de salamandras e flores que evocam a ess\u00eancia de Barcelona. Decorada sobre um fundo branco com um estilo de mosaico, esta capa destaca-se pelas suas chamativas cores brilhantes, como o vermelho, o azul e o verde, e um texto com a palavra &#8220;Barcelona&#8221;. Este acess\u00f3rio n\u00e3o s\u00f3 protege o seu dispositivo, como tamb\u00e9m adiciona um toque art\u00edstico inspirado na rica cultura da cidade.<\/p>\n","protected":false},"featured_media":12689,"template":"","meta":{"_acf_changed":false},"product_brand":[],"product_cat":[685],"product_tag":[516],"class_list":{"0":"post-36508","1":"product","2":"type-product","3":"status-publish","4":"has-post-thumbnail","6":"product_cat-capas-para-telemoveis","7":"product_tag-animais","8":"pa_ciudad-barcelona","9":"pa_motivo-salamandras","10":"pa_pais-espana","12":"first","13":"instock","14":"shipping-taxable","15":"product-type-simple"},"acf":[],"_links":{"self":[{"href":"https:\/\/olemosaic.com\/pt-pt\/wp-json\/wp\/v2\/product\/36508","targetHints":{"allow":["GET"]}}],"collection":[{"href":"https:\/\/olemosaic.com\/pt-pt\/wp-json\/wp\/v2\/product"}],"about":[{"href":"https:\/\/olemosaic.com\/pt-pt\/wp-json\/wp\/v2\/types\/product"}],"wp:featuredmedia":[{"embeddable":true,"href":"https:\/\/olemosaic.com\/pt-pt\/wp-json\/wp\/v2\/media\/12689"}],"wp:attachment":[{"href":"https:\/\/olemosaic.com\/pt-pt\/wp-json\/wp\/v2\/media?parent=36508"}],"wp:term":[{"taxonomy":"product_brand","embeddable":true,"href":"https:\/\/olemosaic.com\/pt-pt\/wp-json\/wp\/v2\/product_brand?post=36508"},{"taxonomy":"product_cat","embeddable":true,"href":"https:\/\/olemosaic.com\/pt-pt\/wp-json\/wp\/v2\/product_cat?post=36508"},{"taxonomy":"product_tag","embeddable":true,"href":"https:\/\/olemosaic.com\/pt-pt\/wp-json\/wp\/v2\/product_tag?post=36508"}],"curies":[{"name":"wp","href":"https:\/\/api.w.org\/{rel}","templated":true}]}}