{"id":36507,"date":"2025-02-20T22:35:53","date_gmt":"2025-02-20T22:35:53","guid":{"rendered":"http:\/\/olemosaic.com\/producto\/funda-de-telefono-para-xiaomi-rmnote-12-tpu-gato-barcelona-negro\/"},"modified":"2025-07-25T19:23:55","modified_gmt":"2025-07-25T17:23:55","slug":"capa-de-telemovel-para-xiaomi-rmnote-12-tpu-gato-barcelona-preto","status":"publish","type":"product","link":"https:\/\/olemosaic.com\/pt-pt\/produto\/capa-de-telemovel-para-xiaomi-rmnote-12-tpu-gato-barcelona-preto\/","title":{"rendered":"Capa para telem\u00f3vel para Xiaomi RMNote 12 (TPU). Gato. Barcelona. Preto"},"content":{"rendered":"<p>Capa para Xiaomi RMNote 12 com um design vibrante de um gato decorado com mosaicos e coloridas borboletas, inspirado na criatividade barcelonesa. Esta capa, fabricada em TPU flex\u00edvel e resistente, combina funcionalidade e estilo, garantindo a prote\u00e7\u00e3o do seu dispositivo ao mesmo tempo que adiciona um toque art\u00edstico \u00fanico. O fundo preto real\u00e7a a ilustra\u00e7\u00e3o de um encantador gato, cujas formas triangulares e cores brilhantes evocam o famoso estilo de mosaico da cidade, destacando a sua rica heran\u00e7a cultural e art\u00edstica. A cena complementa-se com borboletas de cores vivas que parecem ganhar vida, simbolizando a liberdade e a beleza da natureza, caracter\u00edsticas muito presentes nos espa\u00e7os p\u00fablicos de Barcelona.<\/p>\n<p>Este produto n\u00e3o s\u00f3 oferece uma excelente prote\u00e7\u00e3o para o telem\u00f3vel, como tamb\u00e9m se torna uma aut\u00eantica recorda\u00e7\u00e3o da ic\u00f3nica cidade, perfeito para quem procura um souvenir que combine a praticidade com um design atrativo. Na Ol\u00e9 Mosaic, especializamo-nos na distribui\u00e7\u00e3o de recorda\u00e7\u00f5es por grosso, e esta capa de telem\u00f3vel apresenta-se como uma op\u00e7\u00e3o ideal para lojas de presentes tur\u00edsticos, gra\u00e7as \u00e0 sua autenticidade e liga\u00e7\u00e3o cultural. Um excelente presente para turistas que desejam levar um peda\u00e7o de Barcelona para casa, real\u00e7ando a riqueza art\u00edstica e a originalidade da cidade.<\/p>\n","protected":false},"excerpt":{"rendered":"<p>Capa de telem\u00f3vel para Xiaomi Redmi Note 12, fabricada em TPU, com um design vibrante de um gato decorado com mosaicos e borboletas coloridas. Destacando a famosa cidade de Barcelona, este acess\u00f3rio apresenta um fundo preto que real\u00e7a a arte de cores brilhantes, criando um efeito visual atrativo. A ilustra\u00e7\u00e3o capta a ess\u00eancia criativa da cidade, ideal para quem procura um toque art\u00edstico e \u00fanico nos seus dispositivos.<\/p>\n","protected":false},"featured_media":12706,"template":"","meta":{"_acf_changed":false},"product_brand":[],"product_cat":[685],"product_tag":[516],"class_list":{"0":"post-36507","1":"product","2":"type-product","3":"status-publish","4":"has-post-thumbnail","6":"product_cat-capas-para-telemoveis","7":"product_tag-animais","8":"pa_ciudad-barcelona","9":"pa_motivo-gatos","10":"pa_pais-espana","12":"first","13":"instock","14":"shipping-taxable","15":"product-type-simple"},"acf":[],"_links":{"self":[{"href":"https:\/\/olemosaic.com\/pt-pt\/wp-json\/wp\/v2\/product\/36507","targetHints":{"allow":["GET"]}}],"collection":[{"href":"https:\/\/olemosaic.com\/pt-pt\/wp-json\/wp\/v2\/product"}],"about":[{"href":"https:\/\/olemosaic.com\/pt-pt\/wp-json\/wp\/v2\/types\/product"}],"wp:featuredmedia":[{"embeddable":true,"href":"https:\/\/olemosaic.com\/pt-pt\/wp-json\/wp\/v2\/media\/12706"}],"wp:attachment":[{"href":"https:\/\/olemosaic.com\/pt-pt\/wp-json\/wp\/v2\/media?parent=36507"}],"wp:term":[{"taxonomy":"product_brand","embeddable":true,"href":"https:\/\/olemosaic.com\/pt-pt\/wp-json\/wp\/v2\/product_brand?post=36507"},{"taxonomy":"product_cat","embeddable":true,"href":"https:\/\/olemosaic.com\/pt-pt\/wp-json\/wp\/v2\/product_cat?post=36507"},{"taxonomy":"product_tag","embeddable":true,"href":"https:\/\/olemosaic.com\/pt-pt\/wp-json\/wp\/v2\/product_tag?post=36507"}],"curies":[{"name":"wp","href":"https:\/\/api.w.org\/{rel}","templated":true}]}}