{"id":36506,"date":"2025-02-20T22:35:52","date_gmt":"2025-02-20T22:35:52","guid":{"rendered":"http:\/\/olemosaic.com\/producto\/funda-de-telefono-para-xiaomi-rmnote-12-tpu-salamandra-barcelona-negro\/"},"modified":"2025-07-25T19:42:32","modified_gmt":"2025-07-25T17:42:32","slug":"capa-de-telemovel-para-xiaomi-rmnote-12-tpu-salamandra-barcelona-preto","status":"publish","type":"product","link":"https:\/\/olemosaic.com\/pt-pt\/produto\/capa-de-telemovel-para-xiaomi-rmnote-12-tpu-salamandra-barcelona-preto\/","title":{"rendered":"Capa para telem\u00f3vel para Xiaomi RMNote 12 (TPU). Salamandra. Barcelona. Preto"},"content":{"rendered":"<p>Capa para telem\u00f3vel Xiaomi RMNote 12 com um design vibrante de salamandras, uma recorda\u00e7\u00e3o perfeita de Barcelona. Este acess\u00f3rio, fabricado em TPU de alta qualidade, protege o seu dispositivo de forma fi\u00e1vel, ao mesmo tempo que adiciona um toque art\u00edstico e cultural. Sobre um elegante fundo preto, as salamandras, cuidadosamente ilustradas em cores vivas como azul, vermelho e verde, entrela\u00e7am-se com detalhes florais que evocam o ic\u00f3nico mosaico modernista da cidade. A palavra &#8220;Barcelona&#8221; est\u00e1 elegantemente impressa na parte inferior, o que refor\u00e7a a sua liga\u00e7\u00e3o cultural e a torna ideal para quem deseja levar uma recorda\u00e7\u00e3o tang\u00edvel da vibrante est\u00e9tica catal\u00e3.<\/p>\n<p>O design da capa n\u00e3o se foca apenas na funcionalidade; \u00e9 tamb\u00e9m uma pe\u00e7a de arte que reflete a rica tradi\u00e7\u00e3o art\u00edstica de Barcelona, inspirada na obra de Antoni Gaud\u00ed, onde a natureza se integra na arquitetura de forma \u00fanica. Este acess\u00f3rio \u00e9 uma excelente op\u00e7\u00e3o para os turistas que procuram levar um fragmento desta cidade ic\u00f3nica. Na Ol\u00e9 Mosaic, especializamo-nos na distribui\u00e7\u00e3o de recorda\u00e7\u00f5es por grosso, e esta capa de telem\u00f3vel destaca-se n\u00e3o s\u00f3 pela sua originalidade, mas tamb\u00e9m pela sua autenticidade como recorda\u00e7\u00e3o t\u00edpica de Barcelona, ideal para lojas de presentes tur\u00edsticos que procuram produtos criativos e representativos.<\/p>\n","protected":false},"excerpt":{"rendered":"<p>Capa de telem\u00f3vel para Xiaomi Redmi Note 12 fabricada em TPU, com um design vibrante de salamandras que evoca a ic\u00f3nica est\u00e9tica de Barcelona. Este acess\u00f3rio preto apresenta salamandras em cores vivas e detalhes florais, recordando o mosaico caracter\u00edstico do modernismo catal\u00e3o. A palavra &#8220;Barcelona&#8221; est\u00e1 elegantemente impressa, adicionando um toque distintivo que real\u00e7a o seu apelo visual e cultural, ideal para quem procura uma combina\u00e7\u00e3o de funcionalidade e estilo.<\/p>\n","protected":false},"featured_media":12705,"template":"","meta":{"_acf_changed":false},"product_brand":[],"product_cat":[685],"product_tag":[516],"class_list":{"0":"post-36506","1":"product","2":"type-product","3":"status-publish","4":"has-post-thumbnail","6":"product_cat-capas-para-telemoveis","7":"product_tag-animais","8":"pa_ciudad-barcelona","9":"pa_motivo-salamandras","10":"pa_pais-espana","12":"first","13":"instock","14":"shipping-taxable","15":"product-type-simple"},"acf":[],"_links":{"self":[{"href":"https:\/\/olemosaic.com\/pt-pt\/wp-json\/wp\/v2\/product\/36506","targetHints":{"allow":["GET"]}}],"collection":[{"href":"https:\/\/olemosaic.com\/pt-pt\/wp-json\/wp\/v2\/product"}],"about":[{"href":"https:\/\/olemosaic.com\/pt-pt\/wp-json\/wp\/v2\/types\/product"}],"wp:featuredmedia":[{"embeddable":true,"href":"https:\/\/olemosaic.com\/pt-pt\/wp-json\/wp\/v2\/media\/12705"}],"wp:attachment":[{"href":"https:\/\/olemosaic.com\/pt-pt\/wp-json\/wp\/v2\/media?parent=36506"}],"wp:term":[{"taxonomy":"product_brand","embeddable":true,"href":"https:\/\/olemosaic.com\/pt-pt\/wp-json\/wp\/v2\/product_brand?post=36506"},{"taxonomy":"product_cat","embeddable":true,"href":"https:\/\/olemosaic.com\/pt-pt\/wp-json\/wp\/v2\/product_cat?post=36506"},{"taxonomy":"product_tag","embeddable":true,"href":"https:\/\/olemosaic.com\/pt-pt\/wp-json\/wp\/v2\/product_tag?post=36506"}],"curies":[{"name":"wp","href":"https:\/\/api.w.org\/{rel}","templated":true}]}}