{"id":36505,"date":"2025-02-20T22:35:52","date_gmt":"2025-02-20T22:35:52","guid":{"rendered":"http:\/\/olemosaic.com\/producto\/funda-de-telefono-para-xiaomi-rmnote-12-tpu-mariposa-barcelona-blanco\/"},"modified":"2025-07-25T19:21:53","modified_gmt":"2025-07-25T17:21:53","slug":"capa-de-telemovel-para-xiaomi-rmnote-12-tpu-borboleta-barcelona-branco","status":"publish","type":"product","link":"https:\/\/olemosaic.com\/pt-pt\/produto\/capa-de-telemovel-para-xiaomi-rmnote-12-tpu-borboleta-barcelona-branco\/","title":{"rendered":"Capa para telem\u00f3vel para Xiaomi RMNote 12 (TPU). Borboleta. Barcelona. Branco"},"content":{"rendered":"<p>Capa para telem\u00f3vel Xiaomi RMNote 12 com um vibrante design de borboletas, ideal para quem quer levar um peda\u00e7o de Barcelona no seu dia a dia. Esta capa branca, fabricada em TPU de alta qualidade, combate o desgaste di\u00e1rio ao mesmo tempo que adiciona um toque art\u00edstico e colorido ao seu dispositivo m\u00f3vel. O seu design inspira-se no famoso trencad\u00eds da cidade, uma das marcas distintivas da obra de Gaud\u00ed, com um fundo repleto de cores brilhantes em tons de azul, vermelho e amarelo. As borboletas, pintadas com matizes vivos e formas estilizadas, parecem ganhar vida, simbolizando a alegria e a primavera que envolvem a cidade mediterr\u00e2nica.<\/p>\n<p>O nome &#8220;Barcelona&#8221;, destacado com uma elegante tipografia manuscrita, real\u00e7a o car\u00e1cter cultural da recorda\u00e7\u00e3o, tornando-a uma lembran\u00e7a aut\u00eantica que evoca a magia da cidade. Esta capa n\u00e3o s\u00f3 proporciona prote\u00e7\u00e3o, como tamb\u00e9m \u00e9 uma pe\u00e7a decorativa que presta homenagem ao patrim\u00f3nio art\u00edstico e arquitet\u00f3nico de Barcelona. \u00c9 a recorda\u00e7\u00e3o perfeita para turistas que procuram produtos \u00fanicos e representativos. Na Ol\u00e9 Mosaic especializamo-nos na distribui\u00e7\u00e3o por grosso de recorda\u00e7\u00f5es, oferecendo artigos que capturam a ess\u00eancia de cada canto de Espanha, e esta capa \u00e9 uma excelente op\u00e7\u00e3o para lojas de presentes tur\u00edsticos que desejem oferecer produtos aut\u00eanticos e de qualidade.<\/p>\n","protected":false},"excerpt":{"rendered":"<p>Capa de telem\u00f3vel para Xiaomi Redmi Note 12, fabricada em TPU com um design vibrante de borboletas. Esta capa branca apresenta um fundo que imita o trencad\u00eds, t\u00e3o caracter\u00edstico de Barcelona, com cores brilhantes e detalhes art\u00edsticos em tons de azul, vermelho e amarelo. As borboletas, pintadas com cores variadas e formas estilizadas, adicionam um toque alegre e distintivo, enquanto o texto &#8220;Barcelona&#8221; se destaca num elegante estilo manuscrito, evocando a ess\u00eancia cultural da cidade.<\/p>\n","protected":false},"featured_media":12691,"template":"","meta":{"_acf_changed":false},"product_brand":[],"product_cat":[685],"product_tag":[516],"class_list":{"0":"post-36505","1":"product","2":"type-product","3":"status-publish","4":"has-post-thumbnail","6":"product_cat-capas-para-telemoveis","7":"product_tag-animais","8":"pa_ciudad-barcelona","9":"pa_motivo-borboletas","10":"pa_pais-espana","12":"first","13":"instock","14":"shipping-taxable","15":"product-type-simple"},"acf":[],"_links":{"self":[{"href":"https:\/\/olemosaic.com\/pt-pt\/wp-json\/wp\/v2\/product\/36505","targetHints":{"allow":["GET"]}}],"collection":[{"href":"https:\/\/olemosaic.com\/pt-pt\/wp-json\/wp\/v2\/product"}],"about":[{"href":"https:\/\/olemosaic.com\/pt-pt\/wp-json\/wp\/v2\/types\/product"}],"wp:featuredmedia":[{"embeddable":true,"href":"https:\/\/olemosaic.com\/pt-pt\/wp-json\/wp\/v2\/media\/12691"}],"wp:attachment":[{"href":"https:\/\/olemosaic.com\/pt-pt\/wp-json\/wp\/v2\/media?parent=36505"}],"wp:term":[{"taxonomy":"product_brand","embeddable":true,"href":"https:\/\/olemosaic.com\/pt-pt\/wp-json\/wp\/v2\/product_brand?post=36505"},{"taxonomy":"product_cat","embeddable":true,"href":"https:\/\/olemosaic.com\/pt-pt\/wp-json\/wp\/v2\/product_cat?post=36505"},{"taxonomy":"product_tag","embeddable":true,"href":"https:\/\/olemosaic.com\/pt-pt\/wp-json\/wp\/v2\/product_tag?post=36505"}],"curies":[{"name":"wp","href":"https:\/\/api.w.org\/{rel}","templated":true}]}}