{"id":36504,"date":"2025-02-20T23:35:52","date_gmt":"2025-02-20T22:35:52","guid":{"rendered":"http:\/\/olemosaic.com\/producto\/funda-de-telefono-para-xiaomi-rmnote-12-tpu-panoramica-barcelona-azul-2\/"},"modified":"2025-07-25T19:46:30","modified_gmt":"2025-07-25T17:46:30","slug":"capa-de-telemovel-para-xiaomi-rmnote-12-tpu-panoramica-barcelona-azul-2","status":"publish","type":"product","link":"https:\/\/olemosaic.com\/pt-pt\/produto\/capa-de-telemovel-para-xiaomi-rmnote-12-tpu-panoramica-barcelona-azul-2\/","title":{"rendered":"Capa para telem\u00f3vel para Xiaomi RMNote 12 (TPU). Panor\u00e2mica. Sagrada Fam\u00edlia. Barcelona. Azul"},"content":{"rendered":"<p>Capa para telem\u00f3vel Xiaomi RMNote 12 com uma bel\u00edssima panor\u00e2mica de Barcelona que capta a ess\u00eancia vibrante desta emblem\u00e1tica cidade. Fabricada em TPU de alta qualidade, esta capa oferece uma prote\u00e7\u00e3o duradoura para o seu dispositivo, protegendo-o de quedas e riscos. O design destaca a majestosa Sagrada Fam\u00edlia, uma obra-prima arquitet\u00f3nica de Antoni Gaud\u00ed, glorificada em tons quentes que evocam o clima mediterr\u00e2nico. Ao seu redor, palmeiras que acrescentam um toque tropical e um c\u00e9u azul claro criam uma atmosfera relaxante e alegre que recorda os dias ensolarados na costa catal\u00e3.<\/p>\n<p>O nome &#8220;Barcelona&#8221; est\u00e1 plasmado em letras coloridas, adicionando um elemento criativo e atrativo que faz com que esta capa n\u00e3o seja apenas funcional, mas tamb\u00e9m um s\u00edmbolo de orgulho por esta vibrante metr\u00f3pole. Este produto n\u00e3o \u00e9 apenas uma excelente op\u00e7\u00e3o para quem procura proteger o seu telem\u00f3vel, mas tamb\u00e9m atua como uma aut\u00eantica recorda\u00e7\u00e3o de Barcelona, perfeito para recordar e partilhar a beleza da cidade. Na Ol\u00e9 Mosaic, como distribuidores de recorda\u00e7\u00f5es de Barcelona por grosso, oferecemos artigos aut\u00eanticos que celebram a rica cultura e a tradi\u00e7\u00e3o art\u00edstica de Espanha. Esta capa \u00e9 uma op\u00e7\u00e3o ideal para lojas de presentes tur\u00edsticos que procuram destacar produtos que combinam utilidade e est\u00e9tica cultural.<\/p>\n","protected":false},"excerpt":{"rendered":"<p>Capa para Xiaomi Redmi Note 12 fabricada em TPU, decorada com uma vibrante panor\u00e2mica de Barcelona. A capa mostra a majestosa Sagrada Fam\u00edlia em tons quentes, rodeada de palmeiras e um c\u00e9u azul claro, evocando o ambiente mediterr\u00e2nico da cidade. O design inclui o nome &#8220;Barcelona&#8221; em letras coloridas, adicionando um toque art\u00edstico e chamativo. Ideal para proteger o seu dispositivo enquanto exibe o encanto de uma das cidades mais emblem\u00e1ticas de Espanha.<\/p>\n","protected":false},"featured_media":12700,"template":"","meta":{"_acf_changed":false},"product_brand":[],"product_cat":[685],"product_tag":[],"class_list":{"0":"post-36504","1":"product","2":"type-product","3":"status-publish","4":"has-post-thumbnail","6":"product_cat-capas-para-telemoveis","7":"pa_ciudad-barcelona","8":"pa_motivo-panoramas","9":"pa_pais-espana","11":"first","12":"instock","13":"shipping-taxable","14":"product-type-simple"},"acf":[],"_links":{"self":[{"href":"https:\/\/olemosaic.com\/pt-pt\/wp-json\/wp\/v2\/product\/36504","targetHints":{"allow":["GET"]}}],"collection":[{"href":"https:\/\/olemosaic.com\/pt-pt\/wp-json\/wp\/v2\/product"}],"about":[{"href":"https:\/\/olemosaic.com\/pt-pt\/wp-json\/wp\/v2\/types\/product"}],"wp:featuredmedia":[{"embeddable":true,"href":"https:\/\/olemosaic.com\/pt-pt\/wp-json\/wp\/v2\/media\/12700"}],"wp:attachment":[{"href":"https:\/\/olemosaic.com\/pt-pt\/wp-json\/wp\/v2\/media?parent=36504"}],"wp:term":[{"taxonomy":"product_brand","embeddable":true,"href":"https:\/\/olemosaic.com\/pt-pt\/wp-json\/wp\/v2\/product_brand?post=36504"},{"taxonomy":"product_cat","embeddable":true,"href":"https:\/\/olemosaic.com\/pt-pt\/wp-json\/wp\/v2\/product_cat?post=36504"},{"taxonomy":"product_tag","embeddable":true,"href":"https:\/\/olemosaic.com\/pt-pt\/wp-json\/wp\/v2\/product_tag?post=36504"}],"curies":[{"name":"wp","href":"https:\/\/api.w.org\/{rel}","templated":true}]}}