{"id":36468,"date":"2025-02-20T22:35:52","date_gmt":"2025-02-20T22:35:52","guid":{"rendered":"http:\/\/olemosaic.com\/producto\/funda-de-telefono-para-xiaomi-rmnote-12-tpu-sagrada-familia-barcelona-azul\/"},"modified":"2025-07-25T18:51:26","modified_gmt":"2025-07-25T16:51:26","slug":"capa-de-telemovel-para-xiaomi-rmnote-12-tpu-sagrada-familia-barcelona-azul","status":"publish","type":"product","link":"https:\/\/olemosaic.com\/pt-pt\/produto\/capa-de-telemovel-para-xiaomi-rmnote-12-tpu-sagrada-familia-barcelona-azul\/","title":{"rendered":"Capa de telem\u00f3vel para Xiaomi RMNote 12 (TPU). Sagrada Fam\u00edlia. Barcelona. Azul"},"content":{"rendered":"<p>Capa para Xiaomi RMNote 12 com uma requintada ilustra\u00e7\u00e3o da Sagrada Fam\u00edlia, um \u00edcone arquitet\u00f3nico de Barcelona. Esta capa, fabricada em TPU, garante uma prote\u00e7\u00e3o duradoura e leve para o seu dispositivo, ao mesmo tempo que embeleza o seu aspeto com um vibrante design que captura a ess\u00eancia deste majestoso monumento. A Sagrada Fam\u00edlia destaca-se com as suas impressionantes torres numa paleta de cores azul e quente, evocando a luminosidade e o esp\u00edrito art\u00edstico da obra-prima de Antoni Gaud\u00ed. Elementos arquitet\u00f3nicos \u00fanicos, como as curiosas formas das torres e os ricos pormenores ornamentais, emergem de um fundo azul que recorda o c\u00e9u de Barcelona, adicionando profundidade e car\u00e1ter ao design. A palavra &#8220;Barcelona&#8221; apresenta-se num texto elegante, tornando esta capa n\u00e3o apenas um acess\u00f3rio pr\u00e1tico, mas tamb\u00e9m uma recorda\u00e7\u00e3o distintiva da capital catal\u00e3, ideal para quem procura souvenirs aut\u00eanticos que reflitam a identidade cultural da regi\u00e3o. Na Ol\u00e9 Mosaic, somos distribuidores grossistas deste tipo de souvenirs que prestam homenagem ao patrim\u00f3nio espanhol, oferecendo produtos que combinam funcionalidade e arte, perfeitos para turistas em busca de recorda\u00e7\u00f5es \u00fanicas.<\/p>\n","protected":false},"excerpt":{"rendered":"<p>Capa para Xiaomi Redmi Note 12 fabricada em TPU, decorada com uma vibrante ilustra\u00e7\u00e3o da Sagrada Fam\u00edlia de Barcelona. Este design real\u00e7a as caracter\u00edsticas cores azul e quente do monumento, destacando as suas impressionantes torres e elementos arquitet\u00f3nicos com um estilo art\u00edstico. A palavra &#8220;Barcelona&#8221; aparece numa tipografia elegante, conferindo um toque distintivo. Ideal para quem aprecia a cultura catal\u00e3 e deseja proteger o seu dispositivo com estilo.<\/p>\n","protected":false},"featured_media":12699,"template":"","meta":{"_acf_changed":false},"product_brand":[],"product_cat":[685],"product_tag":[],"class_list":{"0":"post-36468","1":"product","2":"type-product","3":"status-publish","4":"has-post-thumbnail","6":"product_cat-capas-para-telemoveis","7":"pa_ciudad-barcelona","8":"pa_motivo-sagrada-familia","9":"pa_pais-espana","11":"first","12":"instock","13":"shipping-taxable","14":"product-type-simple"},"acf":[],"_links":{"self":[{"href":"https:\/\/olemosaic.com\/pt-pt\/wp-json\/wp\/v2\/product\/36468","targetHints":{"allow":["GET"]}}],"collection":[{"href":"https:\/\/olemosaic.com\/pt-pt\/wp-json\/wp\/v2\/product"}],"about":[{"href":"https:\/\/olemosaic.com\/pt-pt\/wp-json\/wp\/v2\/types\/product"}],"wp:featuredmedia":[{"embeddable":true,"href":"https:\/\/olemosaic.com\/pt-pt\/wp-json\/wp\/v2\/media\/12699"}],"wp:attachment":[{"href":"https:\/\/olemosaic.com\/pt-pt\/wp-json\/wp\/v2\/media?parent=36468"}],"wp:term":[{"taxonomy":"product_brand","embeddable":true,"href":"https:\/\/olemosaic.com\/pt-pt\/wp-json\/wp\/v2\/product_brand?post=36468"},{"taxonomy":"product_cat","embeddable":true,"href":"https:\/\/olemosaic.com\/pt-pt\/wp-json\/wp\/v2\/product_cat?post=36468"},{"taxonomy":"product_tag","embeddable":true,"href":"https:\/\/olemosaic.com\/pt-pt\/wp-json\/wp\/v2\/product_tag?post=36468"}],"curies":[{"name":"wp","href":"https:\/\/api.w.org\/{rel}","templated":true}]}}