{"id":36467,"date":"2025-02-20T22:35:52","date_gmt":"2025-02-20T22:35:52","guid":{"rendered":"http:\/\/olemosaic.com\/producto\/funda-de-telefono-para-xiaomi-rmnote-12-tpu-panoramica-barcelona-blanco\/"},"modified":"2025-07-25T19:53:23","modified_gmt":"2025-07-25T17:53:23","slug":"capa-de-telemovel-para-xiaomi-rmnote-12-tpu-panoramica-barcelona-branco","status":"publish","type":"product","link":"https:\/\/olemosaic.com\/pt-pt\/produto\/capa-de-telemovel-para-xiaomi-rmnote-12-tpu-panoramica-barcelona-branco\/","title":{"rendered":"Capa de telem\u00f3vel para Xiaomi RMNote 12 (TPU). Panor\u00e2mica. Barcelona. Branco"},"content":{"rendered":"<p>Capa para Xiaomi Redmi Note 12 com design panor\u00e2mico de Barcelona. Esta excecional capa de TPU combina prote\u00e7\u00e3o e estilo, apresentando uma colorida representa\u00e7\u00e3o da emblem\u00e1tica Sagrada Fam\u00edlia juntamente com outros \u00edcones arquitet\u00f3nicos que fazem de Barcelona uma cidade \u00fanica. As cores vivas do design, com tons intensos de vermelho, amarelo, verde e azul, evocam o famoso estilo do trencad\u00eds, caracter\u00edstico da obra de Antoni Gaud\u00ed, reconhecido pelo seu uso inovador de fragmentos de cer\u00e2mica para criar mosaicos vibrantes.<\/p>\n<p>A base branca da capa destaca as nuances do mosaico, conferindo-lhe um aspeto fresco e moderno, ideal para quem deseja manter o seu dispositivo protegido sem sacrificar o estilo. A inscri\u00e7\u00e3o &#8220;Barcelona&#8221;, com um design elegante e contempor\u00e2neo, real\u00e7a ainda mais a liga\u00e7\u00e3o com esta maravilhosa cidade, tornando-a num souvenir perfeito.<\/p>\n<p>Este artigo n\u00e3o s\u00f3 protege o seu telem\u00f3vel, como tamb\u00e9m \u00e9 uma recorda\u00e7\u00e3o representativa da riqueza cultural de Barcelona, ideal para turistas que procuram levar um pedacinho desta vibrante metr\u00f3pole. Na Ol\u00e9 Mosaic, especializada na distribui\u00e7\u00e3o de souvenirs por grosso, oferecemos esta capa como uma excelente op\u00e7\u00e3o para lojas de presentes tur\u00edsticos que procuram produtos aut\u00eanticos e de qualidade. Um presente ideal que captura o melhor da arquitetura e da cultura catal\u00e3.<\/p>\n","protected":false},"excerpt":{"rendered":"<p>Capa para Xiaomi Redmi Note 12 fabricada em TPU, com uma vibrante panor\u00e2mica de Barcelona. Este design apresenta uma colorida representa\u00e7\u00e3o da famosa Sagrada Fam\u00edlia e outros \u00edcones arquitet\u00f3nicos da cidade, com padr\u00f5es que evocam o estilo trencad\u00eds. A base branca real\u00e7a as cores vivas do mosaico, incluindo tons vermelhos, amarelos, verdes e azuis, complementados pela inscri\u00e7\u00e3o &#8220;Barcelona&#8221; que se destaca num design elegante. Perfeita para proteger o seu dispositivo enquanto mostra o seu amor por esta cidade ic\u00f3nica.<\/p>\n","protected":false},"featured_media":12693,"template":"","meta":{"_acf_changed":false},"product_brand":[],"product_cat":[685],"product_tag":[],"class_list":{"0":"post-36467","1":"product","2":"type-product","3":"status-publish","4":"has-post-thumbnail","6":"product_cat-capas-para-telemoveis","7":"pa_ciudad-barcelona","8":"pa_motivo-panoramas","9":"pa_pais-espana","11":"first","12":"instock","13":"shipping-taxable","14":"product-type-simple"},"acf":[],"_links":{"self":[{"href":"https:\/\/olemosaic.com\/pt-pt\/wp-json\/wp\/v2\/product\/36467","targetHints":{"allow":["GET"]}}],"collection":[{"href":"https:\/\/olemosaic.com\/pt-pt\/wp-json\/wp\/v2\/product"}],"about":[{"href":"https:\/\/olemosaic.com\/pt-pt\/wp-json\/wp\/v2\/types\/product"}],"wp:featuredmedia":[{"embeddable":true,"href":"https:\/\/olemosaic.com\/pt-pt\/wp-json\/wp\/v2\/media\/12693"}],"wp:attachment":[{"href":"https:\/\/olemosaic.com\/pt-pt\/wp-json\/wp\/v2\/media?parent=36467"}],"wp:term":[{"taxonomy":"product_brand","embeddable":true,"href":"https:\/\/olemosaic.com\/pt-pt\/wp-json\/wp\/v2\/product_brand?post=36467"},{"taxonomy":"product_cat","embeddable":true,"href":"https:\/\/olemosaic.com\/pt-pt\/wp-json\/wp\/v2\/product_cat?post=36467"},{"taxonomy":"product_tag","embeddable":true,"href":"https:\/\/olemosaic.com\/pt-pt\/wp-json\/wp\/v2\/product_tag?post=36467"}],"curies":[{"name":"wp","href":"https:\/\/api.w.org\/{rel}","templated":true}]}}