{"id":36465,"date":"2025-02-20T22:35:52","date_gmt":"2025-02-20T22:35:52","guid":{"rendered":"http:\/\/olemosaic.com\/producto\/funda-de-telefono-para-xiaomi-rmnote-12-tpu-mosaico-barcelona-blanco\/"},"modified":"2025-07-25T20:05:29","modified_gmt":"2025-07-25T18:05:29","slug":"capa-de-telemovel-para-xiaomi-rmnote-12-tpu-mosaico-barcelona-branco","status":"publish","type":"product","link":"https:\/\/olemosaic.com\/pt-pt\/produto\/capa-de-telemovel-para-xiaomi-rmnote-12-tpu-mosaico-barcelona-branco\/","title":{"rendered":"Capa de telem\u00f3vel para Xiaomi RMNote 12 (TPU). Mosaico. Barcelona. Branco"},"content":{"rendered":"<p>Capa para telem\u00f3vel Xiaomi Redmi Note 12 com design de mosaico de Barcelona, fabricada em TPU, que combina funcionalidade e arte numa s\u00f3 pe\u00e7a. Esta capa apresenta um vibrante mosaico que presta homenagem \u00e0 rica tradi\u00e7\u00e3o arquitet\u00f3nica da cidade, evocando a ess\u00eancia do modernismo catal\u00e3o. Com uma variada paleta de cores que inclui azuis intensos, vermelhos quentes e laranjas vibrantes, cada padr\u00e3o geom\u00e9trico e floral conta uma hist\u00f3ria visual que reflete o dinamismo da cultura barcelonesa. A palavra &#8220;Barcelona&#8221; est\u00e1 elegantemente impressa, adicionando um toque distintivo que real\u00e7a a sua origem.<\/p>\n<p>O material de TPU n\u00e3o s\u00f3 proporciona uma excelente prote\u00e7\u00e3o contra choques e quedas, mas tamb\u00e9m mant\u00e9m a flexibilidade, garantindo um ajuste perfeito ao dispositivo. Esta capa \u00e9 mais do que um simples acess\u00f3rio; \u00e9 uma recorda\u00e7\u00e3o aut\u00eantica da capital catal\u00e3, ideal para aqueles turistas que procuram um souvenir representativo da sua visita.<\/p>\n<p>Na Ol\u00e9 Mosaic, especializamo-nos na distribui\u00e7\u00e3o de souvenirs por grosso, oferecendo produtos aut\u00eanticos que capturam a ess\u00eancia das regi\u00f5es espanholas. Este produto \u00e9 uma excelente op\u00e7\u00e3o para lojas de presentes tur\u00edsticos que procuram destacar-se na sua oferta. Um imprescind\u00edvel para quem deseja levar consigo um peda\u00e7o da beleza arquitet\u00f3nica de Barcelona.<\/p>\n","protected":false},"excerpt":{"rendered":"<p>Capa para telem\u00f3vel Xiaomi RMNote 12 fabricada em TPU, decorada com um vibrante mosaico inspirado na rica tradi\u00e7\u00e3o arquitet\u00f3nica de Barcelona. Este design destaca-se pela sua variada paleta de cores, que inclui azuis, vermelhos e laranjas, dispostos em padr\u00f5es geom\u00e9tricos e florais t\u00edpicos do modernismo catal\u00e3o. Com a palavra &#8220;Barcelona&#8221; impressa de forma elegante, esta capa n\u00e3o s\u00f3 protege o seu telem\u00f3vel, como tamb\u00e9m lhe adiciona um toque art\u00edstico.<\/p>\n","protected":false},"featured_media":12694,"template":"","meta":{"_acf_changed":false},"product_brand":[],"product_cat":[685],"product_tag":[],"class_list":{"0":"post-36465","1":"product","2":"type-product","3":"status-publish","4":"has-post-thumbnail","6":"product_cat-capas-para-telemoveis","7":"pa_ciudad-barcelona","8":"pa_motivo-mosaico","9":"pa_pais-espana","11":"first","12":"instock","13":"shipping-taxable","14":"product-type-simple"},"acf":[],"_links":{"self":[{"href":"https:\/\/olemosaic.com\/pt-pt\/wp-json\/wp\/v2\/product\/36465","targetHints":{"allow":["GET"]}}],"collection":[{"href":"https:\/\/olemosaic.com\/pt-pt\/wp-json\/wp\/v2\/product"}],"about":[{"href":"https:\/\/olemosaic.com\/pt-pt\/wp-json\/wp\/v2\/types\/product"}],"wp:featuredmedia":[{"embeddable":true,"href":"https:\/\/olemosaic.com\/pt-pt\/wp-json\/wp\/v2\/media\/12694"}],"wp:attachment":[{"href":"https:\/\/olemosaic.com\/pt-pt\/wp-json\/wp\/v2\/media?parent=36465"}],"wp:term":[{"taxonomy":"product_brand","embeddable":true,"href":"https:\/\/olemosaic.com\/pt-pt\/wp-json\/wp\/v2\/product_brand?post=36465"},{"taxonomy":"product_cat","embeddable":true,"href":"https:\/\/olemosaic.com\/pt-pt\/wp-json\/wp\/v2\/product_cat?post=36465"},{"taxonomy":"product_tag","embeddable":true,"href":"https:\/\/olemosaic.com\/pt-pt\/wp-json\/wp\/v2\/product_tag?post=36465"}],"curies":[{"name":"wp","href":"https:\/\/api.w.org\/{rel}","templated":true}]}}