{"id":36461,"date":"2025-02-20T23:35:51","date_gmt":"2025-02-20T22:35:51","guid":{"rendered":"http:\/\/olemosaic.com\/producto\/funda-de-telefono-para-xiaomi-13-tpu-panoramica-barcelona-azul-2\/"},"modified":"2025-07-25T20:24:48","modified_gmt":"2025-07-25T18:24:48","slug":"capa-para-telemovel-para-xiaomi-13-tpu-panoramica-barcelona-azul","status":"publish","type":"product","link":"https:\/\/olemosaic.com\/pt-pt\/produto\/capa-para-telemovel-para-xiaomi-13-tpu-panoramica-barcelona-azul\/","title":{"rendered":"Capa para telem\u00f3vel para Xiaomi 13 (TPU). Panor\u00e2mica. Mosaico. Barcelona. Azul"},"content":{"rendered":"<p>Capa para Xiaomi 13 com um design vibrante que mostra uma bela panor\u00e2mica de Barcelona em tons azuis, capturando a ess\u00eancia de uma das cidades mais emblem\u00e1ticas de Espanha. Esta capa, fabricada em TPU resistente e flex\u00edvel, oferece uma prote\u00e7\u00e3o duradoura para o seu dispositivo, ao mesmo tempo que exibe uma est\u00e9tica art\u00edstica. O design, com um mosaico inspirado no singular estilo arquitet\u00f3nico de Gaud\u00ed, cria um fundo din\u00e2mico que complementa \u00edcones representativos da cidade, como a majestosa Sagrada Fam\u00edlia, que se ergue com orgulho na parte superior, aludindo \u00e0 rica heran\u00e7a cultural e art\u00edstica de Barcelona. A palavra &#8220;Barcelona&#8221; destaca-se em letras alegres e coloridas, acrescentando um toque de vitalidade que ressoa com a energia vibrante da cidade. Este produto n\u00e3o s\u00f3 cumpre a fun\u00e7\u00e3o de prote\u00e7\u00e3o, como tamb\u00e9m atua como uma atraente recorda\u00e7\u00e3o que evoca cada experi\u00eancia vivida nesta cativante metr\u00f3pole. Na Ol\u00e9 Mosaic, distribu\u00edmos recorda\u00e7\u00f5es \u00fanicas e aut\u00eanticas, e esta capa \u00e9 uma excelente op\u00e7\u00e3o para lojas de presentes tur\u00edsticos que desejem oferecer produtos com valor cultural e est\u00e9tico. Ideal para turistas que procuram lembran\u00e7as de Barcelona.<\/p>\n","protected":false},"excerpt":{"rendered":"<p>Capa para Xiaomi 13 fabricada em TPU, decorada com uma vibrante panor\u00e2mica de Barcelona em tons azuis. Este design colorido apresenta um mosaico que evoca o estilo arquitet\u00f3nico de Gaud\u00ed, juntamente com \u00edcones representativos da cidade como a Sagrada Fam\u00edlia. A palavra &#8220;Barcelona&#8221; destaca-se em letras alegres, complementando a cena com um fundo marinho. Ideal para proteger o seu dispositivo enquanto mostra o encanto desta emblem\u00e1tica cidade.<\/p>\n","protected":false},"featured_media":12678,"template":"","meta":{"_acf_changed":false},"product_brand":[],"product_cat":[685],"product_tag":[],"class_list":{"0":"post-36461","1":"product","2":"type-product","3":"status-publish","4":"has-post-thumbnail","6":"product_cat-capas-para-telemoveis","7":"pa_ciudad-barcelona","8":"pa_motivo-panoramas","9":"pa_pais-espana","11":"first","12":"instock","13":"shipping-taxable","14":"product-type-simple"},"acf":[],"_links":{"self":[{"href":"https:\/\/olemosaic.com\/pt-pt\/wp-json\/wp\/v2\/product\/36461","targetHints":{"allow":["GET"]}}],"collection":[{"href":"https:\/\/olemosaic.com\/pt-pt\/wp-json\/wp\/v2\/product"}],"about":[{"href":"https:\/\/olemosaic.com\/pt-pt\/wp-json\/wp\/v2\/types\/product"}],"wp:featuredmedia":[{"embeddable":true,"href":"https:\/\/olemosaic.com\/pt-pt\/wp-json\/wp\/v2\/media\/12678"}],"wp:attachment":[{"href":"https:\/\/olemosaic.com\/pt-pt\/wp-json\/wp\/v2\/media?parent=36461"}],"wp:term":[{"taxonomy":"product_brand","embeddable":true,"href":"https:\/\/olemosaic.com\/pt-pt\/wp-json\/wp\/v2\/product_brand?post=36461"},{"taxonomy":"product_cat","embeddable":true,"href":"https:\/\/olemosaic.com\/pt-pt\/wp-json\/wp\/v2\/product_cat?post=36461"},{"taxonomy":"product_tag","embeddable":true,"href":"https:\/\/olemosaic.com\/pt-pt\/wp-json\/wp\/v2\/product_tag?post=36461"}],"curies":[{"name":"wp","href":"https:\/\/api.w.org\/{rel}","templated":true}]}}