{"id":36460,"date":"2025-02-20T22:35:51","date_gmt":"2025-02-20T22:35:51","guid":{"rendered":"http:\/\/olemosaic.com\/producto\/funda-de-telefono-para-xiaomi-13-tpu-panoramica-barcelona-blanco\/"},"modified":"2025-07-25T19:39:52","modified_gmt":"2025-07-25T17:39:52","slug":"capa-para-telemovel-para-xiaomi-13-tpu-panoramica-barcelona-branco","status":"publish","type":"product","link":"https:\/\/olemosaic.com\/pt-pt\/produto\/capa-para-telemovel-para-xiaomi-13-tpu-panoramica-barcelona-branco\/","title":{"rendered":"Capa para telem\u00f3vel para Xiaomi 13 (TPU). Panor\u00e2mica. Barcelona. Branco"},"content":{"rendered":"<p>Capa para Xiaomi 13 com uma vibrante panor\u00e2mica de Barcelona. Esta elegante capa, fabricada em TPU, um material altamente resistente, proporciona uma excelente prote\u00e7\u00e3o para o seu dispositivo. O seu design destaca-se por uma ilustra\u00e7\u00e3o colorida que capta a ess\u00eancia de alguns dos monumentos mais ic\u00f3nicos da cidade, como a majestosa Sagrada Fam\u00edlia e o colorido Parque G\u00fcell, ambos representados com um cativante design de mosaico em tons brilhantes. O fundo branco n\u00e3o s\u00f3 real\u00e7a a beleza destes locais emblem\u00e1ticos, como tamb\u00e9m proporciona um acabamento limpo e moderno, enquanto o texto &#8220;Barcelona&#8221;, num estilo atraente, acrescenta um toque distintivo a esta pe\u00e7a \u00fanica.<\/p>\n<p>Este souvenir \u00e9 perfeito para turistas que desejam levar uma recorda\u00e7\u00e3o aut\u00eantica da sua visita a Barcelona. A liga\u00e7\u00e3o cultural da capa com a obra de Antoni Gaud\u00ed \u00e9 ineg\u00e1vel, simbolizando a rica heran\u00e7a arquitet\u00f3nica e art\u00edstica da cidade. Na Ol\u00e9 Mosaic, especializamo-nos na distribui\u00e7\u00e3o de souvenirs por grosso, e esta capa de telem\u00f3vel representa uma op\u00e7\u00e3o excecional para lojas de presentes tur\u00edsticos que procuram produtos que liguem os visitantes \u00e0 cultura local. Contar com souvenirs de Barcelona de qualidade \u00e9 fundamental, e esta capa \u00e9 uma escolha inteligente que combina funcionalidade e arte, ideal para qualquer amante da Cidade Condal.<\/p>\n","protected":false},"excerpt":{"rendered":"<p>Capa para Xiaomi 13 fabricada em TPU, decorada com uma vibrante panor\u00e2mica de Barcelona. Este artigo apresenta elementos ic\u00f3nicos como a Sagrada Fam\u00edlia e o Parque G\u00fcell, representados com um detalhado design de mosaico em cores brilhantes. A ilustra\u00e7\u00e3o inclui um fundo branco que ressalta a beleza destes monumentos, e o texto &#8220;Barcelona&#8221; acrescenta um toque distintivo. Ideal para proteger o seu dispositivo e celebrar a ess\u00eancia desta emblem\u00e1tica cidade.<\/p>\n","protected":false},"featured_media":12673,"template":"","meta":{"_acf_changed":false},"product_brand":[],"product_cat":[685],"product_tag":[],"class_list":{"0":"post-36460","1":"product","2":"type-product","3":"status-publish","4":"has-post-thumbnail","6":"product_cat-capas-para-telemoveis","7":"pa_ciudad-barcelona","8":"pa_motivo-panoramas","9":"pa_pais-espana","11":"first","12":"instock","13":"shipping-taxable","14":"product-type-simple"},"acf":[],"_links":{"self":[{"href":"https:\/\/olemosaic.com\/pt-pt\/wp-json\/wp\/v2\/product\/36460","targetHints":{"allow":["GET"]}}],"collection":[{"href":"https:\/\/olemosaic.com\/pt-pt\/wp-json\/wp\/v2\/product"}],"about":[{"href":"https:\/\/olemosaic.com\/pt-pt\/wp-json\/wp\/v2\/types\/product"}],"wp:featuredmedia":[{"embeddable":true,"href":"https:\/\/olemosaic.com\/pt-pt\/wp-json\/wp\/v2\/media\/12673"}],"wp:attachment":[{"href":"https:\/\/olemosaic.com\/pt-pt\/wp-json\/wp\/v2\/media?parent=36460"}],"wp:term":[{"taxonomy":"product_brand","embeddable":true,"href":"https:\/\/olemosaic.com\/pt-pt\/wp-json\/wp\/v2\/product_brand?post=36460"},{"taxonomy":"product_cat","embeddable":true,"href":"https:\/\/olemosaic.com\/pt-pt\/wp-json\/wp\/v2\/product_cat?post=36460"},{"taxonomy":"product_tag","embeddable":true,"href":"https:\/\/olemosaic.com\/pt-pt\/wp-json\/wp\/v2\/product_tag?post=36460"}],"curies":[{"name":"wp","href":"https:\/\/api.w.org\/{rel}","templated":true}]}}