{"id":36459,"date":"2025-02-20T22:35:50","date_gmt":"2025-02-20T22:35:50","guid":{"rendered":"http:\/\/olemosaic.com\/producto\/funda-de-telefono-para-xiaomi-13-tpu-mosaico-barcelona-blanco\/"},"modified":"2025-07-25T19:40:45","modified_gmt":"2025-07-25T17:40:45","slug":"capa-para-telemovel-para-xiaomi-13-tpu-mosaico-barcelona-branco","status":"publish","type":"product","link":"https:\/\/olemosaic.com\/pt-pt\/produto\/capa-para-telemovel-para-xiaomi-13-tpu-mosaico-barcelona-branco\/","title":{"rendered":"Capa para telem\u00f3vel para Xiaomi 13 (TPU). Mosaico. Barcelona. Branco"},"content":{"rendered":"<p>Capa para Xiaomi 13 com um vibrante design de mosaico inspirado na rica tradi\u00e7\u00e3o art\u00edstica de Barcelona. Esta capa, fabricada em TPU, n\u00e3o s\u00f3 protege o seu dispositivo, como tamb\u00e9m acrescenta um toque distintivo com o seu padr\u00e3o colorido que evoca os famosos azulejos da cidade. Com um fundo branco que real\u00e7a as suas cores vivas, este design apresenta uma fus\u00e3o de padr\u00f5es geom\u00e9tricos em tons de azul, vermelho e laranja que recordam a heran\u00e7a cultural catal\u00e3 e a obra do c\u00e9lebre arquiteto Antoni Gaud\u00ed.<\/p>\n<p>A palavra \u201cBarcelona\u201d complementa de forma elegante o motivo, convertendo esta capa num aut\u00eantico souvenir que celebra a ess\u00eancia da cidade e a sua arte. A qualidade do material TPU proporciona uma excelente resist\u00eancia aos impactos, assegurando que o seu telem\u00f3vel esteja sempre protegido no seu dia a dia.<\/p>\n<p>Este produto \u00e9 uma excelente escolha para turistas que procuram recorda\u00e7\u00f5es \u00fanicas e funcionais de Barcelona, bem como para lojas de presentes tur\u00edsticos interessadas em oferecer souvenirs aut\u00eanticos que realcem a cultura local. Na Ol\u00e9 Mosaic, como grossista de capas, garantimos um design atraente e relevante, ideal para atrair qualquer amante desta vibrante cidade.<\/p>\n","protected":false},"excerpt":{"rendered":"<p>Capa para Xiaomi 13 fabricada em TPU, com um vibrante design de mosaico inspirado na rica tradi\u00e7\u00e3o art\u00edstica de Barcelona. Este acess\u00f3rio destaca-se pelas suas cores vivas e padr\u00f5es geom\u00e9tricos que evocam os famosos azulejos da cidade, sobre um fundo branco que real\u00e7a a sua beleza visual. Complementada com a palavra \u201cBarcelona\u201d, esta capa n\u00e3o s\u00f3 oferece prote\u00e7\u00e3o, como tamb\u00e9m um toque distintivo ao seu dispositivo. Ideal para quem procura uma fus\u00e3o de estilo e funcionalidade.<\/p>\n","protected":false},"featured_media":12674,"template":"","meta":{"_acf_changed":false},"product_brand":[],"product_cat":[685],"product_tag":[],"class_list":{"0":"post-36459","1":"product","2":"type-product","3":"status-publish","4":"has-post-thumbnail","6":"product_cat-capas-para-telemoveis","7":"pa_ciudad-barcelona","8":"pa_motivo-mosaico","9":"pa_pais-espana","11":"first","12":"instock","13":"shipping-taxable","14":"product-type-simple"},"acf":[],"_links":{"self":[{"href":"https:\/\/olemosaic.com\/pt-pt\/wp-json\/wp\/v2\/product\/36459","targetHints":{"allow":["GET"]}}],"collection":[{"href":"https:\/\/olemosaic.com\/pt-pt\/wp-json\/wp\/v2\/product"}],"about":[{"href":"https:\/\/olemosaic.com\/pt-pt\/wp-json\/wp\/v2\/types\/product"}],"wp:featuredmedia":[{"embeddable":true,"href":"https:\/\/olemosaic.com\/pt-pt\/wp-json\/wp\/v2\/media\/12674"}],"wp:attachment":[{"href":"https:\/\/olemosaic.com\/pt-pt\/wp-json\/wp\/v2\/media?parent=36459"}],"wp:term":[{"taxonomy":"product_brand","embeddable":true,"href":"https:\/\/olemosaic.com\/pt-pt\/wp-json\/wp\/v2\/product_brand?post=36459"},{"taxonomy":"product_cat","embeddable":true,"href":"https:\/\/olemosaic.com\/pt-pt\/wp-json\/wp\/v2\/product_cat?post=36459"},{"taxonomy":"product_tag","embeddable":true,"href":"https:\/\/olemosaic.com\/pt-pt\/wp-json\/wp\/v2\/product_tag?post=36459"}],"curies":[{"name":"wp","href":"https:\/\/api.w.org\/{rel}","templated":true}]}}