{"id":36413,"date":"2025-02-20T22:35:49","date_gmt":"2025-02-20T22:35:49","guid":{"rendered":"http:\/\/olemosaic.com\/producto\/funda-de-telefono-para-xiaomi-12-tpu-mariposa-barcelona-blanco\/"},"modified":"2025-07-25T18:37:12","modified_gmt":"2025-07-25T16:37:12","slug":"capa-para-telemovel-para-xiaomi-12-tpu-borboleta-barcelona-branco","status":"publish","type":"product","link":"https:\/\/olemosaic.com\/pt-pt\/produto\/capa-para-telemovel-para-xiaomi-12-tpu-borboleta-barcelona-branco\/","title":{"rendered":"Capa para telem\u00f3vel para Xiaomi 12 (TPU). Borboleta. Barcelona. Branco"},"content":{"rendered":"<p>Capa de telem\u00f3vel para Xiaomi 12 adornada com um design vibrante de borboletas inspirado na ess\u00eancia de Barcelona. Esta capa, elaborada em TPU de alta qualidade, oferece uma prote\u00e7\u00e3o eficaz para o seu dispositivo ao mesmo tempo que real\u00e7a a criatividade da cidade. O design apresenta um cativante fundo branco sobre o qual se destacam coloridas borboletas em tons de laranja, azul e rosa, que parecem esvoa\u00e7ar num mosaico que evoca as famosas obras de Antoni Gaud\u00ed. A palavra &#8220;Barcelona&#8221; \u00e9 inclu\u00edda num elegante estilo tipogr\u00e1fico, criando um belo contraste que real\u00e7a o car\u00e1ter art\u00edstico do acess\u00f3rio.<\/p>\n<p>Cada borboleta \u00e9 cuidadosamente ilustrada, capturando n\u00e3o s\u00f3 a beleza destas criaturas, mas tamb\u00e9m a vibrante vida cultural de Barcelona. Esta capa n\u00e3o \u00e9 apenas um protetor funcional, mas torna-se tamb\u00e9m uma recorda\u00e7\u00e3o ic\u00f3nica que evoca a arquitetura modernista e a arte que caracterizam a cidade condal. Ao escolher esta capa, os turistas poder\u00e3o levar um peda\u00e7o de Barcelona consigo, tornando-a uma excelente op\u00e7\u00e3o para quem procura souvenirs aut\u00eanticos e representativos da sua viagem.<\/p>\n<p>Na Ol\u00e9 Mosaic, especializamo-nos na distribui\u00e7\u00e3o de souvenirs por grosso, oferecendo produtos que combinam utilidade e est\u00e9tica. Esta capa de telem\u00f3vel \u00e9 ideal para lojas de presentes tur\u00edsticos que desejem oferecer artigos distintivos e de qualidade, refor\u00e7ando a sua liga\u00e7\u00e3o com a rica cultura de Barcelona.<\/p>\n","protected":false},"excerpt":{"rendered":"<p>Capa para telem\u00f3vel Xiaomi 12 fabricada em TPU, adornada com um design vibrante de borboletas que evocam a ess\u00eancia de Barcelona. A capa apresenta um fundo branco com um mosaico de cores que representa a famosa obra de Gaud\u00ed, criando um atraente contraste com as borboletas em tons de laranja, azul e rosa. Inclui a palavra &#8220;Barcelona&#8221; numa elegante tipografia, combinando arte e funcionalidade num acess\u00f3rio perfeito para proteger o seu dispositivo.<\/p>\n","protected":false},"featured_media":12651,"template":"","meta":{"_acf_changed":false},"product_brand":[],"product_cat":[685],"product_tag":[516],"class_list":{"0":"post-36413","1":"product","2":"type-product","3":"status-publish","4":"has-post-thumbnail","6":"product_cat-capas-para-telemoveis","7":"product_tag-animais","8":"pa_ciudad-barcelona","9":"pa_motivo-borboletas","10":"pa_pais-espana","12":"first","13":"instock","14":"shipping-taxable","15":"product-type-simple"},"acf":[],"_links":{"self":[{"href":"https:\/\/olemosaic.com\/pt-pt\/wp-json\/wp\/v2\/product\/36413","targetHints":{"allow":["GET"]}}],"collection":[{"href":"https:\/\/olemosaic.com\/pt-pt\/wp-json\/wp\/v2\/product"}],"about":[{"href":"https:\/\/olemosaic.com\/pt-pt\/wp-json\/wp\/v2\/types\/product"}],"wp:featuredmedia":[{"embeddable":true,"href":"https:\/\/olemosaic.com\/pt-pt\/wp-json\/wp\/v2\/media\/12651"}],"wp:attachment":[{"href":"https:\/\/olemosaic.com\/pt-pt\/wp-json\/wp\/v2\/media?parent=36413"}],"wp:term":[{"taxonomy":"product_brand","embeddable":true,"href":"https:\/\/olemosaic.com\/pt-pt\/wp-json\/wp\/v2\/product_brand?post=36413"},{"taxonomy":"product_cat","embeddable":true,"href":"https:\/\/olemosaic.com\/pt-pt\/wp-json\/wp\/v2\/product_cat?post=36413"},{"taxonomy":"product_tag","embeddable":true,"href":"https:\/\/olemosaic.com\/pt-pt\/wp-json\/wp\/v2\/product_tag?post=36413"}],"curies":[{"name":"wp","href":"https:\/\/api.w.org\/{rel}","templated":true}]}}