{"id":36412,"date":"2025-02-20T22:35:49","date_gmt":"2025-02-20T22:35:49","guid":{"rendered":"http:\/\/olemosaic.com\/producto\/funda-de-telefono-para-xiaomi-12-tpu-motivos-marinos-azul\/"},"modified":"2025-07-25T18:53:47","modified_gmt":"2025-07-25T16:53:47","slug":"capa-para-telemovel-para-xiaomi-12-tpu-motivos-marinhos-azul","status":"publish","type":"product","link":"https:\/\/olemosaic.com\/pt-pt\/produto\/capa-para-telemovel-para-xiaomi-12-tpu-motivos-marinhos-azul\/","title":{"rendered":"Capa para telem\u00f3vel para Xiaomi 12 (TPU). Motivos marinhos. Azul"},"content":{"rendered":"<p>Capa para Xiaomi 12 com motivos marinhos vibrantes. Fabricada em TPU de alta qualidade, esta capa destaca-se pelo seu design colorido e alegre, inspirado na riqueza da vida marinha. Apresenta um belo fundo azul que evoca a calma e a beleza do oceano, salpicado com uma variedade de peixes, tartarugas e cavalos-marinhos, tudo representado num chamativo estilo de mosaico. Cada detalhe foi cuidadosamente desenhado, desde as escamas dos peixes at\u00e9 aos delicados tra\u00e7os das algas, criando uma composi\u00e7\u00e3o visual que captura a ess\u00eancia do mundo submarino.<\/p>\n<p>Al\u00e9m da sua est\u00e9tica atraente, esta capa oferece uma prote\u00e7\u00e3o adequada para o seu dispositivo e, por sua vez, reflete um estilo de vida ligado aos amantes do mar e da natureza. A sua liga\u00e7\u00e3o cultural remonta \u00e0s ricas tradi\u00e7\u00f5es marinhas das costas espanholas, onde os elementos do oceano t\u00eam inspirado artistas e artes\u00e3os durante anos. Este souvenir moderno \u00e9 uma excelente op\u00e7\u00e3o para turistas que procuram uma recorda\u00e7\u00e3o aut\u00eantica e representativa da sua experi\u00eancia costeira em Espanha.<\/p>\n<p>Na Ol\u00e9 Mosaic, especializamo-nos na distribui\u00e7\u00e3o de souvenirs por grosso, e esta capa \u00e9 um artigo ideal para lojas de presentes tur\u00edsticos, oferecendo uma fus\u00e3o de arte, cultura e funcionalidade. Como grossistas de capas para telem\u00f3vel, garantimos qualidade e autenticidade em cada pe\u00e7a, proporcionando aos seus clientes a oportunidade de levar consigo um pedacinho do oceano.<\/p>\n","protected":false},"excerpt":{"rendered":"<p>Capa para Xiaomi 12, fabricada em TPU de alta qualidade, com um design vibrante de motivos marinhos. A capa apresenta um bonito fundo azul que evoca o oceano, salpicado de coloridos peixes, tartarugas e cavalos-marinhos num estilo de mosaico. Elementos marinhos como conchas e algas completam a cena, oferecendo uma est\u00e9tica din\u00e2mica e alegre, ideal para os amantes do mar e da vida marinha.<\/p>\n","protected":false},"featured_media":12657,"template":"","meta":{"_acf_changed":false},"product_brand":[],"product_cat":[685],"product_tag":[516],"class_list":{"0":"post-36412","1":"product","2":"type-product","3":"status-publish","4":"has-post-thumbnail","6":"product_cat-capas-para-telemoveis","7":"product_tag-animais","8":"pa_motivo-animais-marinhos","10":"first","11":"instock","12":"shipping-taxable","13":"product-type-simple"},"acf":[],"_links":{"self":[{"href":"https:\/\/olemosaic.com\/pt-pt\/wp-json\/wp\/v2\/product\/36412","targetHints":{"allow":["GET"]}}],"collection":[{"href":"https:\/\/olemosaic.com\/pt-pt\/wp-json\/wp\/v2\/product"}],"about":[{"href":"https:\/\/olemosaic.com\/pt-pt\/wp-json\/wp\/v2\/types\/product"}],"wp:featuredmedia":[{"embeddable":true,"href":"https:\/\/olemosaic.com\/pt-pt\/wp-json\/wp\/v2\/media\/12657"}],"wp:attachment":[{"href":"https:\/\/olemosaic.com\/pt-pt\/wp-json\/wp\/v2\/media?parent=36412"}],"wp:term":[{"taxonomy":"product_brand","embeddable":true,"href":"https:\/\/olemosaic.com\/pt-pt\/wp-json\/wp\/v2\/product_brand?post=36412"},{"taxonomy":"product_cat","embeddable":true,"href":"https:\/\/olemosaic.com\/pt-pt\/wp-json\/wp\/v2\/product_cat?post=36412"},{"taxonomy":"product_tag","embeddable":true,"href":"https:\/\/olemosaic.com\/pt-pt\/wp-json\/wp\/v2\/product_tag?post=36412"}],"curies":[{"name":"wp","href":"https:\/\/api.w.org\/{rel}","templated":true}]}}