{"id":36411,"date":"2025-02-20T22:35:49","date_gmt":"2025-02-20T22:35:49","guid":{"rendered":"http:\/\/olemosaic.com\/producto\/funda-de-telefono-para-xiaomi-12-tpu-gato-barcelona-blanco\/"},"modified":"2025-07-25T19:57:50","modified_gmt":"2025-07-25T17:57:50","slug":"capa-para-telemovel-para-xiaomi-12-tpu-gato-barcelona-branco","status":"publish","type":"product","link":"https:\/\/olemosaic.com\/pt-pt\/produto\/capa-para-telemovel-para-xiaomi-12-tpu-gato-barcelona-branco\/","title":{"rendered":"Capa para telem\u00f3vel para Xiaomi 12 (TPU). Gato. Barcelona. Branco"},"content":{"rendered":"<p>Capa para Xiaomi 12 com um design vibrante de gato inspirado nos mosaicos de Barcelona. Fabricada em TPU resistente, esta capa oferece uma prote\u00e7\u00e3o ideal para o seu dispositivo, ao mesmo tempo que exibe um colorido motivo que celebra a magia da cidade condal. No centro, um gato \u00e9 representado numa explos\u00e3o de cores: azul, vermelho, amarelo e verde, evocando o famoso estilo trencad\u00eds que caracteriza as obras de Antoni Gaud\u00ed. O fundo branco da capa simula um padr\u00e3o de trencad\u00eds, conferindo um ar art\u00edstico e moderno que real\u00e7a a ess\u00eancia de Barcelona. \u00c0 sua volta, borboletas coloridas adicionam um toque alegre que complementa a ilustra\u00e7\u00e3o principal, fazendo desta capa n\u00e3o apenas um acess\u00f3rio pr\u00e1tico, mas tamb\u00e9m um objeto cheio de vida e personalidade. A palavra &#8220;Barcelona&#8221; aparece em letras estilizadas, refor\u00e7ando a liga\u00e7\u00e3o cultural do produto com a emblem\u00e1tica cidade. Ideal como souvenir, esta capa \u00e9 uma excelente recorda\u00e7\u00e3o da rica heran\u00e7a cultural e art\u00edstica de Barcelona, perfeita para turistas que procuram levar um pedacinho da cidade no seu dia a dia. Na Ol\u00e9 Mosaic, somos distribuidores de souvenirs por grosso, oferecendo produtos aut\u00eanticos que refletem a ess\u00eancia da sua origem, como esta capa de telem\u00f3vel que captar\u00e1 a aten\u00e7\u00e3o de quem procura presentes \u00fanicos e significativos.<\/p>\n","protected":false},"excerpt":{"rendered":"<p>Capa para o telem\u00f3vel Xiaomi 12, fabricada em TPU resistente, com um design vibrante de um gato em azul, vermelho, amarelo e verde, inspirado no mosaico de Barcelona. O fundo branco simula um padr\u00e3o de trencad\u00eds, complementado com borboletas coloridas que lhe d\u00e3o um toque alegre. Com a palavra &#8220;Barcelona&#8221; em letras estilizadas, esta capa combina funcionalidade e apelo visual, sendo perfeita para quem procura um souvenir desta emblem\u00e1tica cidade.<\/p>\n","protected":false},"featured_media":12650,"template":"","meta":{"_acf_changed":false},"product_brand":[],"product_cat":[685],"product_tag":[516],"class_list":{"0":"post-36411","1":"product","2":"type-product","3":"status-publish","4":"has-post-thumbnail","6":"product_cat-capas-para-telemoveis","7":"product_tag-animais","8":"pa_ciudad-barcelona","9":"pa_motivo-gatos","10":"pa_pais-espana","12":"first","13":"instock","14":"shipping-taxable","15":"product-type-simple"},"acf":[],"_links":{"self":[{"href":"https:\/\/olemosaic.com\/pt-pt\/wp-json\/wp\/v2\/product\/36411","targetHints":{"allow":["GET"]}}],"collection":[{"href":"https:\/\/olemosaic.com\/pt-pt\/wp-json\/wp\/v2\/product"}],"about":[{"href":"https:\/\/olemosaic.com\/pt-pt\/wp-json\/wp\/v2\/types\/product"}],"wp:featuredmedia":[{"embeddable":true,"href":"https:\/\/olemosaic.com\/pt-pt\/wp-json\/wp\/v2\/media\/12650"}],"wp:attachment":[{"href":"https:\/\/olemosaic.com\/pt-pt\/wp-json\/wp\/v2\/media?parent=36411"}],"wp:term":[{"taxonomy":"product_brand","embeddable":true,"href":"https:\/\/olemosaic.com\/pt-pt\/wp-json\/wp\/v2\/product_brand?post=36411"},{"taxonomy":"product_cat","embeddable":true,"href":"https:\/\/olemosaic.com\/pt-pt\/wp-json\/wp\/v2\/product_cat?post=36411"},{"taxonomy":"product_tag","embeddable":true,"href":"https:\/\/olemosaic.com\/pt-pt\/wp-json\/wp\/v2\/product_tag?post=36411"}],"curies":[{"name":"wp","href":"https:\/\/api.w.org\/{rel}","templated":true}]}}