{"id":36409,"date":"2025-02-20T23:35:49","date_gmt":"2025-02-20T22:35:49","guid":{"rendered":"http:\/\/olemosaic.com\/producto\/funda-de-telefono-para-xiaomi-12-tpu-salamandra-barcelona-negro\/"},"modified":"2025-07-25T19:59:54","modified_gmt":"2025-07-25T17:59:54","slug":"capa-para-telemovel-para-xiaomi-12-tpu-salamandra-barcelona-preto","status":"publish","type":"product","link":"https:\/\/olemosaic.com\/pt-pt\/produto\/capa-para-telemovel-para-xiaomi-12-tpu-salamandra-barcelona-preto\/","title":{"rendered":"Capa para telem\u00f3vel para Xiaomi 12 (TPU). Salamandra. Barcelona. Preto"},"content":{"rendered":"<p>Capa para telem\u00f3vel Xiaomi 12 com um design vibrante de salamandras coloridas, ideal para quem procura um souvenir funcional que reflita a ess\u00eancia art\u00edstica de Barcelona. Fabricada em TPU, esta capa n\u00e3o s\u00f3 protege o seu dispositivo, como tamb\u00e9m adiciona um toque distintivo ao seu estilo di\u00e1rio. Numa elegante cor preta, apresenta ilustra\u00e7\u00f5es com efeito pintado \u00e0 m\u00e3o de salamandras em tons de azul, verde e vermelho, rodeadas de delicados detalhes florais que evocam a rica biodiversidade e a arte vibrante da cidade. Na parte inferior, o texto &#8220;Barcelona&#8221; destaca-se com um toque pessoal, tornando esta capa uma recorda\u00e7\u00e3o perfeita da sua visita \u00e0 capital catal\u00e3.<\/p>\n<p>A salamandra, s\u00edmbolo de transforma\u00e7\u00e3o e criatividade, liga-se profundamente \u00e0 cultura barcelonesa, famosa pela sua arquitetura inovadora e pelo seu patrim\u00f3nio art\u00edstico. Cada vez que utilizar o seu telem\u00f3vel, recordar\u00e1 a magia de Barcelona e os seus encantos. Na Ol\u00e9 Mosaic, como grossistas de souvenirs, oferecemos produtos aut\u00eanticos que celebram a identidade cultural desta emblem\u00e1tica cidade. Esta capa para telem\u00f3vel \u00e9 uma excelente op\u00e7\u00e3o para lojas de presentes tur\u00edsticos que procuram souvenirs \u00fanicos e representativos de Barcelona, combinando funcionalidade e arte num s\u00f3 produto.<\/p>\n","protected":false},"excerpt":{"rendered":"<p>Capa para Xiaomi 12 fabricada em TPU, com um design vibrante de salamandras coloridas que evoca o esp\u00edrito art\u00edstico de Barcelona. Esta capa preta destaca-se pelas suas ilustra\u00e7\u00f5es com efeito pintado \u00e0 m\u00e3o, nas quais se misturam o azul, o verde e o vermelho, com pequenos detalhes florais. Na parte inferior, a palavra &#8220;Barcelona&#8221; adiciona um toque pessoal e distintivo, tornando esta capa uma recorda\u00e7\u00e3o perfeita e funcional, que presta homenagem \u00e0 rica cultura local.<\/p>\n","protected":false},"featured_media":12665,"template":"","meta":{"_acf_changed":false},"product_brand":[],"product_cat":[685],"product_tag":[516],"class_list":{"0":"post-36409","1":"product","2":"type-product","3":"status-publish","4":"has-post-thumbnail","6":"product_cat-capas-para-telemoveis","7":"product_tag-animais","8":"pa_ciudad-barcelona","9":"pa_motivo-salamandras","10":"pa_pais-espana","12":"first","13":"instock","14":"shipping-taxable","15":"product-type-simple"},"acf":[],"_links":{"self":[{"href":"https:\/\/olemosaic.com\/pt-pt\/wp-json\/wp\/v2\/product\/36409","targetHints":{"allow":["GET"]}}],"collection":[{"href":"https:\/\/olemosaic.com\/pt-pt\/wp-json\/wp\/v2\/product"}],"about":[{"href":"https:\/\/olemosaic.com\/pt-pt\/wp-json\/wp\/v2\/types\/product"}],"wp:featuredmedia":[{"embeddable":true,"href":"https:\/\/olemosaic.com\/pt-pt\/wp-json\/wp\/v2\/media\/12665"}],"wp:attachment":[{"href":"https:\/\/olemosaic.com\/pt-pt\/wp-json\/wp\/v2\/media?parent=36409"}],"wp:term":[{"taxonomy":"product_brand","embeddable":true,"href":"https:\/\/olemosaic.com\/pt-pt\/wp-json\/wp\/v2\/product_brand?post=36409"},{"taxonomy":"product_cat","embeddable":true,"href":"https:\/\/olemosaic.com\/pt-pt\/wp-json\/wp\/v2\/product_cat?post=36409"},{"taxonomy":"product_tag","embeddable":true,"href":"https:\/\/olemosaic.com\/pt-pt\/wp-json\/wp\/v2\/product_tag?post=36409"}],"curies":[{"name":"wp","href":"https:\/\/api.w.org\/{rel}","templated":true}]}}