{"id":36406,"date":"2025-02-20T23:35:48","date_gmt":"2025-02-20T22:35:48","guid":{"rendered":"http:\/\/olemosaic.com\/producto\/funda-de-telefono-para-xiaomi-12-tpu-abstracto-azul-2\/"},"modified":"2025-07-25T20:21:41","modified_gmt":"2025-07-25T18:21:41","slug":"capa-de-telemovel-para-xiaomi-12-tpu-abstrato-azul-2","status":"publish","type":"product","link":"https:\/\/olemosaic.com\/pt-pt\/produto\/capa-de-telemovel-para-xiaomi-12-tpu-abstrato-azul-2\/","title":{"rendered":"Capa de telem\u00f3vel para Xiaomi 12 (TPU). Abstrato. Efeito ondas. Azul"},"content":{"rendered":"<p>Capa para telem\u00f3vel Xiaomi 12 com design abstrato. Elaborada em TPU, esta capa \u00e9 uma aut\u00eantica obra de arte que captura a ess\u00eancia vibrante de Barcelona. A colorida ilustra\u00e7\u00e3o, em tons azuis, laranjas, rosas e amarelos, apresenta um efeito de ondas que evoca a energia e o dinamismo da cidade condal. No centro, a palavra &#8220;Barcelona&#8221; destaca-se em letras brancas, com eleg\u00e2ncia, convertendo esta capa n\u00e3o s\u00f3 num acess\u00f3rio funcional, mas tamb\u00e9m numa declara\u00e7\u00e3o de amor pela cultura barcelonesa.<\/p>\n<p>A superf\u00edcie suave e flex\u00edvel do TPU proporciona uma excelente prote\u00e7\u00e3o contra golpes e quedas, assegurando a integridade do seu dispositivo, enquanto o seu design leve permite um f\u00e1cil manuseamento. Esta capa \u00e9 ideal para quem aprecia a arte e a criatividade, pois permite-lhes levar consigo um peda\u00e7o de Barcelona para qualquer lugar. Como recorda\u00e7\u00e3o da cidade, representa a modernidade e a diversidade cultural, tornando-se uma op\u00e7\u00e3o perfeita para turistas em busca de mem\u00f3rias \u00fanicas e aut\u00eanticas. Na Ol\u00e9 Mosaic, dedicamo-nos \u00e0 distribui\u00e7\u00e3o de recorda\u00e7\u00f5es por grosso, e esta capa somar-se-\u00e1 sem d\u00favida a qualquer oferta de acess\u00f3rios chamativos e culturalmente relevantes. Se deseja oferecer produtos que liguem \u00e0 ess\u00eancia de Barcelona, esta capa \u00e9 a escolha ideal para a sua loja de presentes tur\u00edsticos.<\/p>\n","protected":false},"excerpt":{"rendered":"<p>Capa para telem\u00f3vel Xiaomi 12 de TPU, com um design abstrato em tons azuis, laranjas, rosas e amarelos. A colorida ilustra\u00e7\u00e3o apresenta um efeito de ondas vibrantes que evocam a energia de Barcelona. Esta capa n\u00e3o s\u00f3 protege o seu dispositivo, como tamb\u00e9m o adorna com a palavra &#8220;Barcelona&#8221; em letras brancas, destacando o esp\u00edrito criativo e moderno da cidade. Ideal para quem aprecia a arte e deseja levar um pedacinho desta vibrante cidade sempre consigo.<\/p>\n","protected":false},"featured_media":12661,"template":"","meta":{"_acf_changed":false},"product_brand":[],"product_cat":[685],"product_tag":[],"class_list":{"0":"post-36406","1":"product","2":"type-product","3":"status-publish","4":"has-post-thumbnail","6":"product_cat-capas-para-telemoveis","7":"pa_ciudad-barcelona","8":"pa_motivo-resumo","9":"pa_pais-espana","11":"first","12":"instock","13":"shipping-taxable","14":"product-type-simple"},"acf":[],"_links":{"self":[{"href":"https:\/\/olemosaic.com\/pt-pt\/wp-json\/wp\/v2\/product\/36406","targetHints":{"allow":["GET"]}}],"collection":[{"href":"https:\/\/olemosaic.com\/pt-pt\/wp-json\/wp\/v2\/product"}],"about":[{"href":"https:\/\/olemosaic.com\/pt-pt\/wp-json\/wp\/v2\/types\/product"}],"wp:featuredmedia":[{"embeddable":true,"href":"https:\/\/olemosaic.com\/pt-pt\/wp-json\/wp\/v2\/media\/12661"}],"wp:attachment":[{"href":"https:\/\/olemosaic.com\/pt-pt\/wp-json\/wp\/v2\/media?parent=36406"}],"wp:term":[{"taxonomy":"product_brand","embeddable":true,"href":"https:\/\/olemosaic.com\/pt-pt\/wp-json\/wp\/v2\/product_brand?post=36406"},{"taxonomy":"product_cat","embeddable":true,"href":"https:\/\/olemosaic.com\/pt-pt\/wp-json\/wp\/v2\/product_cat?post=36406"},{"taxonomy":"product_tag","embeddable":true,"href":"https:\/\/olemosaic.com\/pt-pt\/wp-json\/wp\/v2\/product_tag?post=36406"}],"curies":[{"name":"wp","href":"https:\/\/api.w.org\/{rel}","templated":true}]}}