{"id":36405,"date":"2025-02-20T23:35:48","date_gmt":"2025-02-20T22:35:48","guid":{"rendered":"http:\/\/olemosaic.com\/producto\/funda-de-telefono-para-xiaomi-12-tpu-abstracto-verde-2\/"},"modified":"2025-07-25T18:50:47","modified_gmt":"2025-07-25T16:50:47","slug":"capa-de-telemovel-para-xiaomi-12-tpu-abstrato-verde-2","status":"publish","type":"product","link":"https:\/\/olemosaic.com\/pt-pt\/produto\/capa-de-telemovel-para-xiaomi-12-tpu-abstrato-verde-2\/","title":{"rendered":"Capa de telem\u00f3vel para Xiaomi 12 (TPU). Abstrato. Formas onduladas. Verde"},"content":{"rendered":"<p>Capa para Xiaomi 12 com design abstrato em tons verdes e coloridos. Esta original capa, elaborada em TPU \u2014 um material conhecido pela sua flexibilidade e suavidade \u2014, assegura uma excelente prote\u00e7\u00e3o contra golpes e riscos. O design apresenta um vibrante padr\u00e3o de formas onduladas que fluem numa mistura de cores chamativas e brilhantes, ideal para quem procura personalizar o seu dispositivo de forma art\u00edstica e moderna. A base verde do design confere frescura e modernidade, enquanto os salpicos de outros tons criam um efeito visual din\u00e2mico e atraente, perfeito para quem quer destacar-se em qualquer ocasi\u00e3o.<\/p>\n<p>Esta capa n\u00e3o s\u00f3 \u00e9 funcional, como se torna um acess\u00f3rio de moda que reflete a criatividade e o estilo \u00fanico dos utilizadores. A sua liga\u00e7\u00e3o cultural reside na tend\u00eancia atual de combinar o pr\u00e1tico com o est\u00e9tico, alinhando-se com a procura dos turistas por recorda\u00e7\u00f5es que realcem a diversidade e a arte contempor\u00e2nea. Na Ol\u00e9 Mosaic, distribuidores de acess\u00f3rios de alta qualidade, esta capa para Xiaomi 12 \u00e9 uma excelente op\u00e7\u00e3o de recorda\u00e7\u00e3o moderna que atrair\u00e1 aqueles interessados em mem\u00f3rias aut\u00eanticas e de grande valor est\u00e9tico. Ideal para lojas que procuram oferecer produtos \u00fanicos e funcionais, esta capa representa uma op\u00e7\u00e3o excecional no mundo das recorda\u00e7\u00f5es contempor\u00e2neas.<\/p>\n","protected":false},"excerpt":{"rendered":"<p>Capa de telem\u00f3vel para Xiaomi 12 fabricada em TPU, com um design abstrato em tons verdes e outras cores vibrantes. Esta capa destaca-se pelo seu acabamento suave e flex\u00edvel, que proporciona uma excelente prote\u00e7\u00e3o contra golpes e riscos. O padr\u00e3o de formas onduladas, combinado com as cores brilhantes, oferece um estilo moderno e vibrante, ideal para quem procura personalizar o seu dispositivo de forma art\u00edstica e original.<\/p>\n","protected":false},"featured_media":12655,"template":"","meta":{"_acf_changed":false},"product_brand":[],"product_cat":[685],"product_tag":[],"class_list":{"0":"post-36405","1":"product","2":"type-product","3":"status-publish","4":"has-post-thumbnail","6":"product_cat-capas-para-telemoveis","7":"pa_motivo-resumo","9":"first","10":"instock","11":"shipping-taxable","12":"product-type-simple"},"acf":[],"_links":{"self":[{"href":"https:\/\/olemosaic.com\/pt-pt\/wp-json\/wp\/v2\/product\/36405","targetHints":{"allow":["GET"]}}],"collection":[{"href":"https:\/\/olemosaic.com\/pt-pt\/wp-json\/wp\/v2\/product"}],"about":[{"href":"https:\/\/olemosaic.com\/pt-pt\/wp-json\/wp\/v2\/types\/product"}],"wp:featuredmedia":[{"embeddable":true,"href":"https:\/\/olemosaic.com\/pt-pt\/wp-json\/wp\/v2\/media\/12655"}],"wp:attachment":[{"href":"https:\/\/olemosaic.com\/pt-pt\/wp-json\/wp\/v2\/media?parent=36405"}],"wp:term":[{"taxonomy":"product_brand","embeddable":true,"href":"https:\/\/olemosaic.com\/pt-pt\/wp-json\/wp\/v2\/product_brand?post=36405"},{"taxonomy":"product_cat","embeddable":true,"href":"https:\/\/olemosaic.com\/pt-pt\/wp-json\/wp\/v2\/product_cat?post=36405"},{"taxonomy":"product_tag","embeddable":true,"href":"https:\/\/olemosaic.com\/pt-pt\/wp-json\/wp\/v2\/product_tag?post=36405"}],"curies":[{"name":"wp","href":"https:\/\/api.w.org\/{rel}","templated":true}]}}