{"id":36404,"date":"2025-02-20T22:35:48","date_gmt":"2025-02-20T22:35:48","guid":{"rendered":"http:\/\/olemosaic.com\/producto\/funda-de-telefono-para-xiaomi-12-tpu-abstracto-azul\/"},"modified":"2025-07-25T19:34:59","modified_gmt":"2025-07-25T17:34:59","slug":"capa-de-telemovel-para-xiaomi-12-tpu-abstrato-azul","status":"publish","type":"product","link":"https:\/\/olemosaic.com\/pt-pt\/produto\/capa-de-telemovel-para-xiaomi-12-tpu-abstrato-azul\/","title":{"rendered":"Capa de telem\u00f3vel para Xiaomi 12 (TPU). Abstrato. Azul"},"content":{"rendered":"<p>Capa para Xiaomi 12 com um design abstrato colorido e moderno. Esta elegante capa, fabricada em TPU resistente, destaca-se pelo seu atraente padr\u00e3o em tons azuis, complementado por um degradado vibrante que incorpora matizes de amarelo, verde e vermelho. O seu design geom\u00e9trico e din\u00e2mico acrescenta um toque contempor\u00e2neo e estilizado, o que a torna a escolha perfeita para quem procura um acess\u00f3rio \u00fanico e funcional. O acabamento suave e flex\u00edvel da capa n\u00e3o s\u00f3 proporciona uma ader\u00eancia confort\u00e1vel, mas tamb\u00e9m protege o dispositivo de impactos e quedas, garantindo a sua durabilidade. Al\u00e9m disso, a combina\u00e7\u00e3o de cores e formas \u00e9 inspirada nas paisagens e na cultura contempor\u00e2nea, refletindo a diversidade e a criatividade que caracterizam muitas cidades espanholas. Esta capa \u00e9 mais do que um simples acess\u00f3rio; \u00e9 uma recorda\u00e7\u00e3o representativa da inova\u00e7\u00e3o e da arte moderna no design, ideal para turistas que desejem levar consigo um peda\u00e7o desse estilo vibrante. Na Ol\u00e9 Mosaic, oferecemos acess\u00f3rios de alta qualidade por grosso, sendo esta capa uma excelente op\u00e7\u00e3o para lojas de presentes tur\u00edsticos que procuram produtos aut\u00eanticos e chamativos. Connosco, podem confiar que cada artigo reflete um compromisso com o design e a funcionalidade.<\/p>\n","protected":false},"excerpt":{"rendered":"<p>Capa para Xiaomi 12 fabricada em TPU com um design abstrato de fundos em tons azuis e um degradado que inclui matizes de amarelo, verde e vermelho. Esta elegante capa destaca-se pelo seu acabamento suave e flex\u00edvel, que assegura uma boa ader\u00eancia, al\u00e9m da sua resist\u00eancia aos impactos. O seu design geom\u00e9trico e colorido confere-lhe um toque moderno e atraente, ideal para quem procura um acess\u00f3rio \u00fanico e funcional.<\/p>\n","protected":false},"featured_media":12664,"template":"","meta":{"_acf_changed":false},"product_brand":[],"product_cat":[685],"product_tag":[],"class_list":{"0":"post-36404","1":"product","2":"type-product","3":"status-publish","4":"has-post-thumbnail","6":"product_cat-capas-para-telemoveis","7":"pa_motivo-resumo","9":"first","10":"instock","11":"shipping-taxable","12":"product-type-simple"},"acf":[],"_links":{"self":[{"href":"https:\/\/olemosaic.com\/pt-pt\/wp-json\/wp\/v2\/product\/36404","targetHints":{"allow":["GET"]}}],"collection":[{"href":"https:\/\/olemosaic.com\/pt-pt\/wp-json\/wp\/v2\/product"}],"about":[{"href":"https:\/\/olemosaic.com\/pt-pt\/wp-json\/wp\/v2\/types\/product"}],"wp:featuredmedia":[{"embeddable":true,"href":"https:\/\/olemosaic.com\/pt-pt\/wp-json\/wp\/v2\/media\/12664"}],"wp:attachment":[{"href":"https:\/\/olemosaic.com\/pt-pt\/wp-json\/wp\/v2\/media?parent=36404"}],"wp:term":[{"taxonomy":"product_brand","embeddable":true,"href":"https:\/\/olemosaic.com\/pt-pt\/wp-json\/wp\/v2\/product_brand?post=36404"},{"taxonomy":"product_cat","embeddable":true,"href":"https:\/\/olemosaic.com\/pt-pt\/wp-json\/wp\/v2\/product_cat?post=36404"},{"taxonomy":"product_tag","embeddable":true,"href":"https:\/\/olemosaic.com\/pt-pt\/wp-json\/wp\/v2\/product_tag?post=36404"}],"curies":[{"name":"wp","href":"https:\/\/api.w.org\/{rel}","templated":true}]}}