{"id":36372,"date":"2025-02-20T22:35:48","date_gmt":"2025-02-20T22:35:48","guid":{"rendered":"http:\/\/olemosaic.com\/producto\/funda-de-telefono-para-xiaomi-12-tpu-gato-barcelona-negro\/"},"modified":"2025-07-25T23:09:52","modified_gmt":"2025-07-25T21:09:52","slug":"capa-de-telemovel-para-xiaomi-12-tpu-gato-barcelona-negro","status":"publish","type":"product","link":"https:\/\/olemosaic.com\/pt-pt\/produto\/capa-de-telemovel-para-xiaomi-12-tpu-gato-barcelona-negro\/","title":{"rendered":"Capa de telem\u00f3vel para Xiaomi 12 (TPU). Gato. Barcelona. Preto"},"content":{"rendered":"<p>Capa para Xiaomi 12 com um design vibrante de um gato de mosaico inspirado em Barcelona. Esta pe\u00e7a \u00fanica, fabricada em TPU preto, protege o seu dispositivo ao mesmo tempo que acrescenta um toque colorido e divertido ao seu estilo di\u00e1rio. O design inclui um gato de mosaico com requintadas combina\u00e7\u00f5es de cores brilhantes, resplandecente com formas geom\u00e9tricas, e rodeado de borboletas brincalhonas que conferem um ar de alegria e leveza. A palavra &#8220;Barcelona&#8221; est\u00e1 elegantemente impressa na parte inferior, capturando a ess\u00eancia desta cidade ic\u00f3nica, conhecida pela sua arte e arquitetura.<\/p>\n<p>Este artigo n\u00e3o s\u00f3 \u00e9 funcional, como tamb\u00e9m atua como uma aut\u00eantica recorda\u00e7\u00e3o de Barcelona, representando a criatividade e originalidade que a cidade oferece aos seus visitantes. A liga\u00e7\u00e3o cultural com Barcelona \u00e9 evidente, uma vez que o mosaico evoca o famoso estilo art\u00edstico de Antoni Gaud\u00ed, que deixou uma marca indel\u00e9vel na cidade. Al\u00e9m disso, \u00e9 uma op\u00e7\u00e3o perfeita para turistas ou residentes que procuram proteger o seu telem\u00f3vel sem sacrificar a est\u00e9tica. Na Ol\u00e9 Mosaic, somos distribuidores de produtos aut\u00eanticos que celebram a cultura local, e esta capa \u00e9 uma escolha ideal para lojas de presentes tur\u00edsticos que desejam oferecer recorda\u00e7\u00f5es de alta qualidade e relev\u00e2ncia cultural. Aposte nesta capa de telem\u00f3vel de gato de mosaico e proporcione aos seus clientes uma forma \u00fanica de levar Barcelona sempre consigo.<\/p>\n","protected":false},"excerpt":{"rendered":"<p>Capa para Xiaomi 12, fabricada em TPU preto, adornada com um design vibrante de um gato de mosaico, caracter\u00edstico de Barcelona. Esta pe\u00e7a \u00fanica inclui detalhes coloridos em formas geom\u00e9tricas, representando um gato rodeado de borboletas, o que lhe confere um toque leve e divertido. A palavra &#8220;Barcelona&#8221; est\u00e1 elegantemente impresso, capturando a ess\u00eancia desta cidade ic\u00f3nica. Ideal para quem procura proteger o seu dispositivo com estilo.<\/p>\n","protected":false},"featured_media":12666,"template":"","meta":{"_acf_changed":false},"product_brand":[],"product_cat":[685],"product_tag":[516],"class_list":{"0":"post-36372","1":"product","2":"type-product","3":"status-publish","4":"has-post-thumbnail","6":"product_cat-capas-para-telemoveis","7":"product_tag-animais","8":"pa_ciudad-barcelona","9":"pa_motivo-gatos","10":"pa_pais-espana","12":"first","13":"instock","14":"shipping-taxable","15":"product-type-simple"},"acf":[],"_links":{"self":[{"href":"https:\/\/olemosaic.com\/pt-pt\/wp-json\/wp\/v2\/product\/36372","targetHints":{"allow":["GET"]}}],"collection":[{"href":"https:\/\/olemosaic.com\/pt-pt\/wp-json\/wp\/v2\/product"}],"about":[{"href":"https:\/\/olemosaic.com\/pt-pt\/wp-json\/wp\/v2\/types\/product"}],"wp:featuredmedia":[{"embeddable":true,"href":"https:\/\/olemosaic.com\/pt-pt\/wp-json\/wp\/v2\/media\/12666"}],"wp:attachment":[{"href":"https:\/\/olemosaic.com\/pt-pt\/wp-json\/wp\/v2\/media?parent=36372"}],"wp:term":[{"taxonomy":"product_brand","embeddable":true,"href":"https:\/\/olemosaic.com\/pt-pt\/wp-json\/wp\/v2\/product_brand?post=36372"},{"taxonomy":"product_cat","embeddable":true,"href":"https:\/\/olemosaic.com\/pt-pt\/wp-json\/wp\/v2\/product_cat?post=36372"},{"taxonomy":"product_tag","embeddable":true,"href":"https:\/\/olemosaic.com\/pt-pt\/wp-json\/wp\/v2\/product_tag?post=36372"}],"curies":[{"name":"wp","href":"https:\/\/api.w.org\/{rel}","templated":true}]}}