{"id":36371,"date":"2025-02-20T22:35:48","date_gmt":"2025-02-20T22:35:48","guid":{"rendered":"http:\/\/olemosaic.com\/producto\/funda-de-telefono-para-xiaomi-12-tpu-mosaico-barcelona-blanco\/"},"modified":"2025-07-25T20:23:50","modified_gmt":"2025-07-25T18:23:50","slug":"capa-de-telemovel-para-xiaomi-12-tpu-mosaico-barcelona-blanco","status":"publish","type":"product","link":"https:\/\/olemosaic.com\/pt-pt\/produto\/capa-de-telemovel-para-xiaomi-12-tpu-mosaico-barcelona-blanco\/","title":{"rendered":"Capa de telem\u00f3vel para Xiaomi 12 (TPU). Mosaico. Barcelona. Branco"},"content":{"rendered":"<p>Capa para o Xiaomi 12 com um design vibrante de mosaico que evoca a rica cultura de Barcelona. Elaborada em TPU, esta capa combina funcionalidade e estilo, protegendo o seu dispositivo ao mesmo tempo que lhe d\u00e1 vida. O espetacular design apresenta uma variedade de padr\u00f5es numa paleta de cores quentes e frias \u2014 azul, vermelho, laranja e branco \u2014 que prestam homenagem aos ic\u00f3nicos azulejos do modernismo catal\u00e3o, fazendo eco da obra de arquitetos como Antoni Gaud\u00ed e da inova\u00e7\u00e3o est\u00e9tica da cidade.<\/p>\n<p>O texto &#8220;Barcelona&#8221; est\u00e1 elegantemente impresso, convertendo esta capa num acess\u00f3rio pessoal que reflete o esp\u00edrito vibrante da cidade. Esta recorda\u00e7\u00e3o representa a ess\u00eancia da arte e da arquitetura que marcam a identidade catal\u00e3, pelo que \u00e9 uma escolha ideal para turistas e amantes do design. A sua autenticidade como recorda\u00e7\u00e3o t\u00edpica e a sua relev\u00e2ncia cultural tornam-na uma op\u00e7\u00e3o distintiva para quem deseja levar um peda\u00e7o de Barcelona consigo.<\/p>\n<p>Na Ol\u00e9 Mosaic, especializamo-nos na distribui\u00e7\u00e3o de recorda\u00e7\u00f5es por grosso, oferecendo produtos que capturam a ess\u00eancia das suas regi\u00f5es. Esta capa de telem\u00f3vel \u00e9 uma excelente ideia para lojas de presentes tur\u00edsticos que desejem oferecer artigos de qualidade e representativos da cultura de Barcelona. Como grossistas de capas para telem\u00f3veis, garantimos originalidade e autenticidade em cada design, ideal para quem deseja recordar a sua visita de uma forma pr\u00e1tica e estilizada.<\/p>\n","protected":false},"excerpt":{"rendered":"<p>Capa para telem\u00f3vel Xiaomi 12 fabricada em TPU, adornada com um vibrante design de mosaico que evoca a rica cultura de Barcelona. Apresenta uma variedade de padr\u00f5es em tons de azul, vermelho, laranja e branco, que recordam os ic\u00f3nicos azulejos do modernismo catal\u00e3o. O texto &#8220;Barcelona&#8221; est\u00e1 elegantemente impresso, oferecendo um toque pessoal a este pr\u00e1tico acess\u00f3rio que protege o seu telem\u00f3vel ao mesmo tempo que acrescenta um estilo distintivo.<\/p>\n","protected":false},"featured_media":12654,"template":"","meta":{"_acf_changed":false},"product_brand":[],"product_cat":[685],"product_tag":[],"class_list":{"0":"post-36371","1":"product","2":"type-product","3":"status-publish","4":"has-post-thumbnail","6":"product_cat-capas-para-telemoveis","7":"pa_ciudad-barcelona","8":"pa_motivo-mosaico","9":"pa_pais-espana","11":"first","12":"instock","13":"shipping-taxable","14":"product-type-simple"},"acf":[],"_links":{"self":[{"href":"https:\/\/olemosaic.com\/pt-pt\/wp-json\/wp\/v2\/product\/36371","targetHints":{"allow":["GET"]}}],"collection":[{"href":"https:\/\/olemosaic.com\/pt-pt\/wp-json\/wp\/v2\/product"}],"about":[{"href":"https:\/\/olemosaic.com\/pt-pt\/wp-json\/wp\/v2\/types\/product"}],"wp:featuredmedia":[{"embeddable":true,"href":"https:\/\/olemosaic.com\/pt-pt\/wp-json\/wp\/v2\/media\/12654"}],"wp:attachment":[{"href":"https:\/\/olemosaic.com\/pt-pt\/wp-json\/wp\/v2\/media?parent=36371"}],"wp:term":[{"taxonomy":"product_brand","embeddable":true,"href":"https:\/\/olemosaic.com\/pt-pt\/wp-json\/wp\/v2\/product_brand?post=36371"},{"taxonomy":"product_cat","embeddable":true,"href":"https:\/\/olemosaic.com\/pt-pt\/wp-json\/wp\/v2\/product_cat?post=36371"},{"taxonomy":"product_tag","embeddable":true,"href":"https:\/\/olemosaic.com\/pt-pt\/wp-json\/wp\/v2\/product_tag?post=36371"}],"curies":[{"name":"wp","href":"https:\/\/api.w.org\/{rel}","templated":true}]}}