{"id":36368,"date":"2025-02-20T22:35:47","date_gmt":"2025-02-20T22:35:47","guid":{"rendered":"http:\/\/olemosaic.com\/producto\/funda-de-telefono-para-xiaomi-11-tpu-motivos-marinos-azul\/"},"modified":"2025-07-25T20:40:44","modified_gmt":"2025-07-25T18:40:44","slug":"capa-de-telemovel-para-xiaomi-11-tpu-motivos-marinhos-azul","status":"publish","type":"product","link":"https:\/\/olemosaic.com\/pt-pt\/produto\/capa-de-telemovel-para-xiaomi-11-tpu-motivos-marinhos-azul\/","title":{"rendered":"Capa de telem\u00f3vel para Xiaomi 11 (TPU). Motivos marinhos. Azul"},"content":{"rendered":"<p>Capa para Xiaomi 11 com motivos marinhos vibrantes. Este atraente acess\u00f3rio, fabricado em TPU de alta qualidade, apresenta um design num tom azul profundo que transporta o utilizador para um colorido mundo submarino cheio de vida. A capa ilustra uma cena marinha detalhada, onde tartarugas, golfinhos e cavalos-marinhos nadam com gra\u00e7a, representados num estilo de mosaico que acrescenta um toque art\u00edstico e alegre. As cores vibrantes e a cuidada representa\u00e7\u00e3o da fauna marinha capturam a ess\u00eancia do oceano, tornando este produto numa magn\u00edfica recorda\u00e7\u00e3o da beleza do mundo aqu\u00e1tico.<\/p>\n<p>O seu design n\u00e3o s\u00f3 protege o dispositivo contra choques e riscos, como tamb\u00e9m o embeleza, sendo ideal para quem sente uma liga\u00e7\u00e3o especial com o mar. A liga\u00e7\u00e3o cultural desta capa reside na sua homenagem \u00e0 vida marinha, um elemento fundamental nas regi\u00f5es costeiras de Espanha e Portugal, onde o oceano faz parte integrante do patrim\u00f3nio cultural e natural.<\/p>\n<p>Na Ol\u00e9 Mosaic, oferecemos uma excelente sele\u00e7\u00e3o de souvenirs que celebram a riqueza da nossa cultura. Esta capa \u00e9 uma op\u00e7\u00e3o perfeita para lojas de presentes tur\u00edsticos que procuram produtos \u00fanicos e aut\u00eanticos, ideal para turistas que desejem levar um peda\u00e7o das maravilhas marinhas. Como grossista de acess\u00f3rios de telem\u00f3veis, garantimos qualidade e design em cada pe\u00e7a.<\/p>\n","protected":false},"excerpt":{"rendered":"<p>Capa para Xiaomi 11 fabricada em TPU com vibrantes motivos marinhos. Este design azul profundo ilustra um colorido mundo submarino cheio de vida, com tartarugas, golfinhos e cavalos-marinhos representados num estilo mosaico que confere um toque art\u00edstico e alegre. Ideal para os amantes do oceano, esta capa n\u00e3o s\u00f3 protege o teu dispositivo, como tamb\u00e9m acrescenta um toque visualmente atraente inspirado na beleza marinha.<\/p>\n","protected":false},"featured_media":12637,"template":"","meta":{"_acf_changed":false},"product_brand":[],"product_cat":[685],"product_tag":[516],"class_list":{"0":"post-36368","1":"product","2":"type-product","3":"status-publish","4":"has-post-thumbnail","6":"product_cat-capas-para-telemoveis","7":"product_tag-animais","8":"pa_motivo-animais-marinhos","10":"first","11":"instock","12":"shipping-taxable","13":"product-type-simple"},"acf":[],"_links":{"self":[{"href":"https:\/\/olemosaic.com\/pt-pt\/wp-json\/wp\/v2\/product\/36368","targetHints":{"allow":["GET"]}}],"collection":[{"href":"https:\/\/olemosaic.com\/pt-pt\/wp-json\/wp\/v2\/product"}],"about":[{"href":"https:\/\/olemosaic.com\/pt-pt\/wp-json\/wp\/v2\/types\/product"}],"wp:featuredmedia":[{"embeddable":true,"href":"https:\/\/olemosaic.com\/pt-pt\/wp-json\/wp\/v2\/media\/12637"}],"wp:attachment":[{"href":"https:\/\/olemosaic.com\/pt-pt\/wp-json\/wp\/v2\/media?parent=36368"}],"wp:term":[{"taxonomy":"product_brand","embeddable":true,"href":"https:\/\/olemosaic.com\/pt-pt\/wp-json\/wp\/v2\/product_brand?post=36368"},{"taxonomy":"product_cat","embeddable":true,"href":"https:\/\/olemosaic.com\/pt-pt\/wp-json\/wp\/v2\/product_cat?post=36368"},{"taxonomy":"product_tag","embeddable":true,"href":"https:\/\/olemosaic.com\/pt-pt\/wp-json\/wp\/v2\/product_tag?post=36368"}],"curies":[{"name":"wp","href":"https:\/\/api.w.org\/{rel}","templated":true}]}}