{"id":36367,"date":"2025-02-20T22:35:47","date_gmt":"2025-02-20T22:35:47","guid":{"rendered":"http:\/\/olemosaic.com\/producto\/funda-de-telefono-para-xiaomi-11-tpu-panoramica-barcelona-azul-2\/"},"modified":"2025-07-25T23:04:10","modified_gmt":"2025-07-25T21:04:10","slug":"capa-de-telemovel-para-xiaomi-11-tpu-panoramica-barcelona-azul-2","status":"publish","type":"product","link":"https:\/\/olemosaic.com\/pt-pt\/produto\/capa-de-telemovel-para-xiaomi-11-tpu-panoramica-barcelona-azul-2\/","title":{"rendered":"Capa de telem\u00f3vel para Xiaomi 11 (TPU). Panor\u00e2mica. Barcelona. Azul"},"content":{"rendered":"<p>Capa para telem\u00f3vel Xiaomi 11 com um vibrante design panor\u00e2mico de Barcelona. Esta capa, fabricada em TPU de alta qualidade, oferece uma combina\u00e7\u00e3o perfeita de estilo e prote\u00e7\u00e3o. Apresenta uma colorida representa\u00e7\u00e3o da emblem\u00e1tica Sagrada Fam\u00edlia, um dos monumentos mais ic\u00f3nicos da cidade, rodeada por uma paisagem tropical que evoca a alegria barcelonesa. As cores vivas das palmeiras e os detalhes arquitet\u00f3nicos destacam-se sobre um fundo azul brilhante, que acentua a luminosidade e o car\u00e1ter vibrante da cidade costeira. A ilustra\u00e7\u00e3o inclui um sol radiante e gaivotas, que acrescentam um toque de frescura e dinamismo ao design, enquanto a inscri\u00e7\u00e3o &#8220;Barcelona&#8221; acrescenta um elemento identificativo que torna esta capa num verdadeiro s\u00edmbolo da capital catal\u00e3.<\/p>\n<p>Este produto n\u00e3o s\u00f3 cumpre a sua fun\u00e7\u00e3o de proteger o telem\u00f3vel, como tamb\u00e9m atua como uma atraente recorda\u00e7\u00e3o de Barcelona, perfeito para turistas que desejem levar um peda\u00e7o desta maravilhosa cidade para casa. Na Ol\u00e9 Mosaic, como distribuidores de souvenirs por grosso, oferecemos uma ampla variedade de produtos que representam a rica cultura espanhola, e esta capa para telem\u00f3vel \u00e9 uma excelente op\u00e7\u00e3o para lojas de presentes tur\u00edsticos que procuram oferecer aos seus clientes artigos aut\u00eanticos e de qualidade. Com o seu design cativante e a sua liga\u00e7\u00e3o cultural, \u00e9 um presente ideal que captura a ess\u00eancia de Barcelona, tornando-a numa recorda\u00e7\u00e3o memor\u00e1vel.<\/p>\n","protected":false},"excerpt":{"rendered":"<p>Capa para telem\u00f3vel Xiaomi 11 fabricada em TPU com uma colorida panor\u00e2mica de Barcelona. Este design vibrante mostra a emblem\u00e1tica Sagrada Fam\u00edlia, rodeada por uma paisagem tropical com palmeiras e um sol radiante, destacando os detalhes arquitet\u00f3nicos e a alegre atmosfera da cidade. A base azul contrasta na perfei\u00e7\u00e3o com as cores vivas dos edif\u00edcios e a inscri\u00e7\u00e3o &#8220;Barcelona&#8221;, tornando esta capa num acess\u00f3rio funcional e atraente para os amantes da cidade condal.<\/p>\n","protected":false},"featured_media":12640,"template":"","meta":{"_acf_changed":false},"product_brand":[],"product_cat":[685],"product_tag":[],"class_list":{"0":"post-36367","1":"product","2":"type-product","3":"status-publish","4":"has-post-thumbnail","6":"product_cat-capas-para-telemoveis","7":"pa_ciudad-barcelona","8":"pa_motivo-panoramas","9":"pa_pais-espana","11":"first","12":"instock","13":"shipping-taxable","14":"product-type-simple"},"acf":[],"_links":{"self":[{"href":"https:\/\/olemosaic.com\/pt-pt\/wp-json\/wp\/v2\/product\/36367","targetHints":{"allow":["GET"]}}],"collection":[{"href":"https:\/\/olemosaic.com\/pt-pt\/wp-json\/wp\/v2\/product"}],"about":[{"href":"https:\/\/olemosaic.com\/pt-pt\/wp-json\/wp\/v2\/types\/product"}],"wp:featuredmedia":[{"embeddable":true,"href":"https:\/\/olemosaic.com\/pt-pt\/wp-json\/wp\/v2\/media\/12640"}],"wp:attachment":[{"href":"https:\/\/olemosaic.com\/pt-pt\/wp-json\/wp\/v2\/media?parent=36367"}],"wp:term":[{"taxonomy":"product_brand","embeddable":true,"href":"https:\/\/olemosaic.com\/pt-pt\/wp-json\/wp\/v2\/product_brand?post=36367"},{"taxonomy":"product_cat","embeddable":true,"href":"https:\/\/olemosaic.com\/pt-pt\/wp-json\/wp\/v2\/product_cat?post=36367"},{"taxonomy":"product_tag","embeddable":true,"href":"https:\/\/olemosaic.com\/pt-pt\/wp-json\/wp\/v2\/product_tag?post=36367"}],"curies":[{"name":"wp","href":"https:\/\/api.w.org\/{rel}","templated":true}]}}