{"id":36361,"date":"2025-02-20T23:35:46","date_gmt":"2025-02-20T22:35:46","guid":{"rendered":"http:\/\/olemosaic.com\/producto\/funda-de-telefono-para-xiaomi-11-tpu-abstracto-verde-2\/"},"modified":"2025-07-25T18:55:22","modified_gmt":"2025-07-25T16:55:22","slug":"capa-de-telemovel-para-xiaomi-11-tpu-abstrato-verde-2","status":"publish","type":"product","link":"https:\/\/olemosaic.com\/pt-pt\/produto\/capa-de-telemovel-para-xiaomi-11-tpu-abstrato-verde-2\/","title":{"rendered":"Capa de telem\u00f3vel para Xiaomi 11 (TPU). Abstrato. Mosaico. Verde"},"content":{"rendered":"<p>Capa para Xiaomi 11 com design de arte em mosaico. Esta capa \u00e9 elaborada em TPU, um material altamente resistente que oferece uma prote\u00e7\u00e3o ideal para o seu dispositivo. O seu design abstrato apelativo evoca a beleza dos mosaicos tradicionais, com uma cor verde vibrante combinada com tons de \u00e1gua-marinha, laranja e creme que se entrela\u00e7am num padr\u00e3o intrincado. Cada detalhe desta capa real\u00e7a a est\u00e9tica art\u00edstica, tornando-a uma representa\u00e7\u00e3o visual que n\u00e3o s\u00f3 protege o seu telem\u00f3vel, mas tamb\u00e9m acrescenta um toque de sofistica\u00e7\u00e3o e distin\u00e7\u00e3o.<\/p>\n<p>O design \u00fanico da capa \u00e9 uma celebra\u00e7\u00e3o da cultura mediterr\u00e2nica, evocando os famosos mosaicos que adornaram edif\u00edcios e espa\u00e7os p\u00fablicos em toda a regi\u00e3o, especialmente em locais como a Alhambra de Granada ou o Park G\u00fcell de Barcelona. Esta recorda\u00e7\u00e3o moderna \u00e9 ideal para turistas e amantes da arte decorativa, pois capta a ess\u00eancia art\u00edstica de Espanha num formato funcional. Na Ol\u00e9 Mosaic, orgulhamo-nos de oferecer produtos aut\u00eanticos e \u00fanicos, e esta capa para Xiaomi 11 n\u00e3o \u00e9 exce\u00e7\u00e3o. \u00c9 uma excelente op\u00e7\u00e3o para lojas de presentes tur\u00edsticos que procuram recorda\u00e7\u00f5es de alta qualidade e relev\u00e2ncia cultural, e uma grande oportunidade para grossistas que desejam destacar-se na sua sele\u00e7\u00e3o de acess\u00f3rios para telem\u00f3veis.<\/p>\n","protected":false},"excerpt":{"rendered":"<p>Capa para Xiaomi 11 fabricada em TPU, com um design abstrato que evoca a beleza da arte do mosaico. A sua cor verde e os tons de \u00e1gua-marinha, laranja e creme combinam-se num padr\u00e3o intrincado que representa um mosaico precioso, ideal para quem aprecia a arte decorativa. Esta capa n\u00e3o s\u00f3 protege o seu dispositivo, como tamb\u00e9m lhe confere um toque art\u00edstico e distintivo, perfeito para qualquer amante da cultura mediterr\u00e2nica.<\/p>\n","protected":false},"featured_media":12636,"template":"","meta":{"_acf_changed":false},"product_brand":[],"product_cat":[685],"product_tag":[],"class_list":{"0":"post-36361","1":"product","2":"type-product","3":"status-publish","4":"has-post-thumbnail","6":"product_cat-capas-para-telemoveis","7":"pa_motivo-resumo","9":"first","10":"instock","11":"shipping-taxable","12":"product-type-simple"},"acf":[],"_links":{"self":[{"href":"https:\/\/olemosaic.com\/pt-pt\/wp-json\/wp\/v2\/product\/36361","targetHints":{"allow":["GET"]}}],"collection":[{"href":"https:\/\/olemosaic.com\/pt-pt\/wp-json\/wp\/v2\/product"}],"about":[{"href":"https:\/\/olemosaic.com\/pt-pt\/wp-json\/wp\/v2\/types\/product"}],"wp:featuredmedia":[{"embeddable":true,"href":"https:\/\/olemosaic.com\/pt-pt\/wp-json\/wp\/v2\/media\/12636"}],"wp:attachment":[{"href":"https:\/\/olemosaic.com\/pt-pt\/wp-json\/wp\/v2\/media?parent=36361"}],"wp:term":[{"taxonomy":"product_brand","embeddable":true,"href":"https:\/\/olemosaic.com\/pt-pt\/wp-json\/wp\/v2\/product_brand?post=36361"},{"taxonomy":"product_cat","embeddable":true,"href":"https:\/\/olemosaic.com\/pt-pt\/wp-json\/wp\/v2\/product_cat?post=36361"},{"taxonomy":"product_tag","embeddable":true,"href":"https:\/\/olemosaic.com\/pt-pt\/wp-json\/wp\/v2\/product_tag?post=36361"}],"curies":[{"name":"wp","href":"https:\/\/api.w.org\/{rel}","templated":true}]}}