{"id":36317,"date":"2025-02-20T23:35:43","date_gmt":"2025-02-20T22:35:43","guid":{"rendered":"http:\/\/olemosaic.com\/producto\/funda-de-telefono-para-samsung-a54-tpu-abstracto-verde\/"},"modified":"2025-07-25T20:07:09","modified_gmt":"2025-07-25T18:07:09","slug":"capa-de-telemovel-para-samsung-a54-tpu-abstrato-verde","status":"publish","type":"product","link":"https:\/\/olemosaic.com\/pt-pt\/produto\/capa-de-telemovel-para-samsung-a54-tpu-abstrato-verde\/","title":{"rendered":"Capa de telem\u00f3vel para Samsung A54 (TPU). Abstrato. Verde"},"content":{"rendered":"<p>Capa para telem\u00f3vel Samsung A54 com design abstrato de mosaico. Esta capa, fabricada em TPU de alta qualidade, apresenta um vibrante padr\u00e3o que evoca a ess\u00eancia da arte do mosaico, com uma combina\u00e7\u00e3o din\u00e2mica de tons verdes, azuis, laranjas e amarelos. Cada cor entrela\u00e7a-se num design fluido que n\u00e3o s\u00f3 adiciona apelo visual, como tamb\u00e9m real\u00e7a a criatividade e o estilo contempor\u00e2neo, ideal para quem deseja proteger o seu dispositivo com um toque art\u00edstico. O seu acabamento suave e moldado adapta-se perfeitamente \u00e0s linhas do Samsung A54, proporcionando uma sensa\u00e7\u00e3o confort\u00e1vel ao toque e garantindo uma leve prote\u00e7\u00e3o contra quedas e pancadas quotidianas.<\/p>\n<p>Este produto n\u00e3o \u00e9 apenas um acess\u00f3rio funcional, mas tamb\u00e9m um s\u00edmbolo da rica tradi\u00e7\u00e3o artesanal que caracteriza Espanha e Portugal, onde a arte do mosaico tem sido apreciada durante s\u00e9culos. A liga\u00e7\u00e3o cultural desta capa torna-a uma excelente recorda\u00e7\u00e3o, ideal para turistas que procuram souvenirs aut\u00eanticos que reflitam a heran\u00e7a art\u00edstica da regi\u00e3o. Na Ol\u00e9 Mosaic, orgulhamo-nos de ser grossistas de acess\u00f3rios \u00fanicos, oferecendo produtos com um design muito especial e de alta qualidade, perfeitos para lojas de presentes tur\u00edsticos que valorizam a autenticidade e a relev\u00e2ncia cultural. Esta capa \u00e9 uma escolha perfeita para quem deseja levar um peda\u00e7o de arte e tradi\u00e7\u00e3o no seu dia a dia.<\/p>\n","protected":false},"excerpt":{"rendered":"<p>Capa para o telem\u00f3vel Samsung A54, fabricada em TPU com um design abstrato e colorido. Apresenta um padr\u00e3o que lembra um mosaico, com uma combina\u00e7\u00e3o de verdes, azuis, laranjas e amarelos que criam um efeito visual din\u00e2mico e atraente. Este acess\u00f3rio n\u00e3o s\u00f3 protege o seu dispositivo, como tamb\u00e9m adiciona um toque art\u00edstico, ideal para quem aprecia o design contempor\u00e2neo. O seu acabamento suave e moldado garante um ajuste perfeito e uma leve prote\u00e7\u00e3o contra quedas.<\/p>\n","protected":false},"featured_media":12582,"template":"","meta":{"_acf_changed":false},"product_brand":[],"product_cat":[685],"product_tag":[],"class_list":{"0":"post-36317","1":"product","2":"type-product","3":"status-publish","4":"has-post-thumbnail","6":"product_cat-capas-para-telemoveis","7":"pa_motivo-resumo","9":"first","10":"instock","11":"shipping-taxable","12":"product-type-simple"},"acf":[],"_links":{"self":[{"href":"https:\/\/olemosaic.com\/pt-pt\/wp-json\/wp\/v2\/product\/36317","targetHints":{"allow":["GET"]}}],"collection":[{"href":"https:\/\/olemosaic.com\/pt-pt\/wp-json\/wp\/v2\/product"}],"about":[{"href":"https:\/\/olemosaic.com\/pt-pt\/wp-json\/wp\/v2\/types\/product"}],"wp:featuredmedia":[{"embeddable":true,"href":"https:\/\/olemosaic.com\/pt-pt\/wp-json\/wp\/v2\/media\/12582"}],"wp:attachment":[{"href":"https:\/\/olemosaic.com\/pt-pt\/wp-json\/wp\/v2\/media?parent=36317"}],"wp:term":[{"taxonomy":"product_brand","embeddable":true,"href":"https:\/\/olemosaic.com\/pt-pt\/wp-json\/wp\/v2\/product_brand?post=36317"},{"taxonomy":"product_cat","embeddable":true,"href":"https:\/\/olemosaic.com\/pt-pt\/wp-json\/wp\/v2\/product_cat?post=36317"},{"taxonomy":"product_tag","embeddable":true,"href":"https:\/\/olemosaic.com\/pt-pt\/wp-json\/wp\/v2\/product_tag?post=36317"}],"curies":[{"name":"wp","href":"https:\/\/api.w.org\/{rel}","templated":true}]}}