{"id":36316,"date":"2025-02-20T22:35:43","date_gmt":"2025-02-20T22:35:43","guid":{"rendered":"http:\/\/olemosaic.com\/producto\/funda-de-telefono-para-samsung-a34-tpu-sagrada-familia-barcelona-azul\/"},"modified":"2025-07-25T18:50:42","modified_gmt":"2025-07-25T16:50:42","slug":"capa-de-telemovel-para-samsung-a34-tpu-sagrada-familia-barcelona-azul","status":"publish","type":"product","link":"https:\/\/olemosaic.com\/pt-pt\/produto\/capa-de-telemovel-para-samsung-a34-tpu-sagrada-familia-barcelona-azul\/","title":{"rendered":"Capa de telem\u00f3vel para Samsung A34 (TPU). Sagrada Fam\u00edlia. Barcelona. Azul"},"content":{"rendered":"<p>Capa para telem\u00f3vel Samsung A34 decorada com uma vibrante ilustra\u00e7\u00e3o da emblem\u00e1tica Sagrada Fam\u00edlia de Barcelona. Esta capa, elaborada em TPU resistente, n\u00e3o s\u00f3 oferece uma prote\u00e7\u00e3o ideal para o seu dispositivo, como tamb\u00e9m o adorna com uma espetacular representa\u00e7\u00e3o de um dos monumentos mais ic\u00f3nicos da Catalunha. A ilustra\u00e7\u00e3o destaca-se pelo uso de cores azuis e quentes, que evocam o c\u00e9u ensolarado de Barcelona, e apresenta em detalhe a espetacular fachada e as imponentes torres da bas\u00edlica, capturando a sua ess\u00eancia arquitet\u00f3nica modernista, obra do afamado Antoni Gaud\u00ed. O design inclui a palavra &#8220;Barcelona&#8221; num estilo moderno, conferindo um toque contempor\u00e2neo a esta pe\u00e7a que celebra o patrim\u00f3nio cultural catal\u00e3o. Ideal como recorda\u00e7\u00e3o, esta capa de telem\u00f3vel \u00e9 perfeita para os turistas que procuram levar consigo um peda\u00e7o da beleza da cidade, tornando-se uma recorda\u00e7\u00e3o funcional e memor\u00e1vel da sua visita. Na Ol\u00e9 Mosaic, especializamo-nos na distribui\u00e7\u00e3o de recorda\u00e7\u00f5es por grosso, oferecendo produtos aut\u00eanticos que refletem a rica hist\u00f3ria de Espanha, como esta capa da Sagrada Fam\u00edlia, que encarna a magia de Barcelona e \u00e9 um excelente presente para qualquer loja de recorda\u00e7\u00f5es tur\u00edsticas.<\/p>\n","protected":false},"excerpt":{"rendered":"<p>Capa para telem\u00f3vel Samsung A34 fabricada em TPU, decorada com uma vibrante ilustra\u00e7\u00e3o da Sagrada Fam\u00edlia de Barcelona. Este design, que combina cores azuis e quentes, real\u00e7a os emblem\u00e1ticos detalhes arquitet\u00f3nicos da bas\u00edlica, representando a sua ic\u00f3nica fachada e torres. Com o texto &#8220;Barcelona&#8221; num estilo moderno, esta capa n\u00e3o s\u00f3 protege o seu dispositivo, como tamb\u00e9m celebra a beleza do patrim\u00f3nio cultural catal\u00e3o.<\/p>\n","protected":false},"featured_media":12565,"template":"","meta":{"_acf_changed":false},"product_brand":[],"product_cat":[685],"product_tag":[],"class_list":{"0":"post-36316","1":"product","2":"type-product","3":"status-publish","4":"has-post-thumbnail","6":"product_cat-capas-para-telemoveis","7":"pa_ciudad-barcelona","8":"pa_motivo-sagrada-familia","9":"pa_pais-espana","11":"first","12":"instock","13":"shipping-taxable","14":"product-type-simple"},"acf":[],"_links":{"self":[{"href":"https:\/\/olemosaic.com\/pt-pt\/wp-json\/wp\/v2\/product\/36316","targetHints":{"allow":["GET"]}}],"collection":[{"href":"https:\/\/olemosaic.com\/pt-pt\/wp-json\/wp\/v2\/product"}],"about":[{"href":"https:\/\/olemosaic.com\/pt-pt\/wp-json\/wp\/v2\/types\/product"}],"wp:featuredmedia":[{"embeddable":true,"href":"https:\/\/olemosaic.com\/pt-pt\/wp-json\/wp\/v2\/media\/12565"}],"wp:attachment":[{"href":"https:\/\/olemosaic.com\/pt-pt\/wp-json\/wp\/v2\/media?parent=36316"}],"wp:term":[{"taxonomy":"product_brand","embeddable":true,"href":"https:\/\/olemosaic.com\/pt-pt\/wp-json\/wp\/v2\/product_brand?post=36316"},{"taxonomy":"product_cat","embeddable":true,"href":"https:\/\/olemosaic.com\/pt-pt\/wp-json\/wp\/v2\/product_cat?post=36316"},{"taxonomy":"product_tag","embeddable":true,"href":"https:\/\/olemosaic.com\/pt-pt\/wp-json\/wp\/v2\/product_tag?post=36316"}],"curies":[{"name":"wp","href":"https:\/\/api.w.org\/{rel}","templated":true}]}}