{"id":36314,"date":"2025-02-20T22:35:43","date_gmt":"2025-02-20T22:35:43","guid":{"rendered":"http:\/\/olemosaic.com\/producto\/funda-de-telefono-para-samsung-a34-tpu-mosaico-barcelona-blanco\/"},"modified":"2025-07-25T20:36:28","modified_gmt":"2025-07-25T18:36:28","slug":"capa-de-telemovel-para-samsung-a34-tpu-mosaico-barcelona-branco","status":"publish","type":"product","link":"https:\/\/olemosaic.com\/pt-pt\/produto\/capa-de-telemovel-para-samsung-a34-tpu-mosaico-barcelona-branco\/","title":{"rendered":"Capa de telem\u00f3vel para Samsung A34 (TPU). Mosaico. Barcelona. Branco"},"content":{"rendered":"<p>Capa para Samsung A34 com um vibrante design de mosaico barcelon\u00eas. Esta capa, fabricada em TPU de alta qualidade, apresenta um atraente fundo branco que real\u00e7a um requintado padr\u00e3o de azulejos em vivas cores azul, vermelho e laranja, inspirado na rica tradi\u00e7\u00e3o art\u00edstica da cidade condal. Cada azulejo foi desenhado com precis\u00e3o, fundindo motivos florais e geom\u00e9tricos que evocam o estilo distintivo dos famosos mosaicos que adornam as ruas e edif\u00edcios de Barcelona, como os de Gaud\u00ed. O texto &#8220;Barcelona&#8221; em it\u00e1lico adiciona um toque pessoal e moderno, convertendo esta capa numa recorda\u00e7\u00e3o \u00fanica e aut\u00eantica da emblem\u00e1tica cultura catal\u00e3.<\/p>\n<p>Esta capa n\u00e3o s\u00f3 protege o seu dispositivo, como tamb\u00e9m lhe permite levar consigo um peda\u00e7o da vibrante ess\u00eancia de Barcelona, tornando-a a escolha ideal para quem procura souvenirs representativos da cidade. Al\u00e9m disso, o seu design leve e resistente assegura a facilidade de utiliza\u00e7\u00e3o, mantendo o seu telem\u00f3vel a salvo de pancadas e riscos.<\/p>\n<p>Na Ol\u00e9 Mosaic, distribu\u00edmos produtos de qualidade por grosso, como esta original capa de telem\u00f3vel, perfeita para lojas de presentes tur\u00edsticos que procuram artigos aut\u00eanticos e culturais. Oferecer ou adquirir esta capa \u00e9 uma excelente op\u00e7\u00e3o para todos aqueles que desejam recordar a sua visita a Barcelona com um toque de estilo e cor.<\/p>\n","protected":false},"excerpt":{"rendered":"<p>Capa de telem\u00f3vel para Samsung A34 de TPU, decorada com um vibrante design de mosaico inspirado na rica tradi\u00e7\u00e3o art\u00edstica de Barcelona. Este acess\u00f3rio apresenta um fundo branco que real\u00e7a os coloridos azulejos em tons azuis, vermelhos e laranjas, criando um efeito visual atraente. O texto &#8220;Barcelona&#8221; em it\u00e1lico adiciona um toque personalizado, tornando esta capa uma op\u00e7\u00e3o ideal para quem deseja levar consigo um peda\u00e7o da emblem\u00e1tica cultura catal\u00e3.<\/p>\n","protected":false},"featured_media":12560,"template":"","meta":{"_acf_changed":false},"product_brand":[],"product_cat":[685],"product_tag":[],"class_list":{"0":"post-36314","1":"product","2":"type-product","3":"status-publish","4":"has-post-thumbnail","6":"product_cat-capas-para-telemoveis","7":"pa_ciudad-barcelona","8":"pa_motivo-mosaico","9":"pa_pais-espana","11":"first","12":"instock","13":"shipping-taxable","14":"product-type-simple"},"acf":[],"_links":{"self":[{"href":"https:\/\/olemosaic.com\/pt-pt\/wp-json\/wp\/v2\/product\/36314","targetHints":{"allow":["GET"]}}],"collection":[{"href":"https:\/\/olemosaic.com\/pt-pt\/wp-json\/wp\/v2\/product"}],"about":[{"href":"https:\/\/olemosaic.com\/pt-pt\/wp-json\/wp\/v2\/types\/product"}],"wp:featuredmedia":[{"embeddable":true,"href":"https:\/\/olemosaic.com\/pt-pt\/wp-json\/wp\/v2\/media\/12560"}],"wp:attachment":[{"href":"https:\/\/olemosaic.com\/pt-pt\/wp-json\/wp\/v2\/media?parent=36314"}],"wp:term":[{"taxonomy":"product_brand","embeddable":true,"href":"https:\/\/olemosaic.com\/pt-pt\/wp-json\/wp\/v2\/product_brand?post=36314"},{"taxonomy":"product_cat","embeddable":true,"href":"https:\/\/olemosaic.com\/pt-pt\/wp-json\/wp\/v2\/product_cat?post=36314"},{"taxonomy":"product_tag","embeddable":true,"href":"https:\/\/olemosaic.com\/pt-pt\/wp-json\/wp\/v2\/product_tag?post=36314"}],"curies":[{"name":"wp","href":"https:\/\/api.w.org\/{rel}","templated":true}]}}