{"id":36313,"date":"2025-02-20T23:35:43","date_gmt":"2025-02-20T22:35:43","guid":{"rendered":"http:\/\/olemosaic.com\/producto\/funda-de-telefono-para-samsung-a34-tpu-panoramica-barcelona-azul-2\/"},"modified":"2025-07-25T23:01:54","modified_gmt":"2025-07-25T21:01:54","slug":"capa-para-telemovel-samsung-a34-tpu-panoramica-barcelona-azul-2","status":"publish","type":"product","link":"https:\/\/olemosaic.com\/pt-pt\/produto\/capa-para-telemovel-samsung-a34-tpu-panoramica-barcelona-azul-2\/","title":{"rendered":"Capa para telem\u00f3vel para Samsung A34 (TPU). Panor\u00e2mica. Mosaico. Barcelona. Azul"},"content":{"rendered":"<p>Capa para Samsung A34 com uma vibrante panor\u00e2mica de Barcelona que funde estilo e prote\u00e7\u00e3o. Fabricada em TPU de alta qualidade, esta capa apresenta um design art\u00edstico em tons azuis, destacando elementos ic\u00f3nicos da capital catal\u00e3, como a imponente Sagrada Fam\u00edlia e os inconfund\u00edveis mosaicos do Parque G\u00fcell. O fundo azul brilhante evoca o c\u00e9u luminoso de Barcelona, enquanto as cores chamativas dos edif\u00edcios e os mosaicos adicionam um toque de modernidade e criatividade, capturando a ess\u00eancia da cidade.<\/p>\n<p>Ideal para quem deseja exibir o seu amor por Barcelona, esta capa n\u00e3o s\u00f3 protege o dispositivo de pancadas e riscos, como tamb\u00e9m \u00e9 um excelente souvenir, representando a rica heran\u00e7a cultural e arquitet\u00f3nica da regi\u00e3o. Os detalhes art\u00edsticos da ilustra\u00e7\u00e3o refletem a fus\u00e3o entre tradi\u00e7\u00e3o e vanguarda que caracteriza a cidade, convertendo cada olhar numa viagem pelos seus recantos mais emblem\u00e1ticos. Na Ol\u00e9 Mosaic, distribu\u00edmos souvenirs de Barcelona por grosso e esta capa \u00e9 uma op\u00e7\u00e3o perfeita para lojas de presentes tur\u00edsticos que procuram oferecer produtos aut\u00eanticos e de qualidade. N\u00e3o \u00e9 apenas um acess\u00f3rio funcional, mas um emblema da beleza de Barcelona.<\/p>\n","protected":false},"excerpt":{"rendered":"<p>Capa para telem\u00f3vel Samsung A34 fabricada em TPU, que apresenta uma vibrante panor\u00e2mica de Barcelona em tons azuis. Este design colorido combina elementos ic\u00f3nicos da cidade, como a Sagrada Fam\u00edlia e os coloridos mosaicos inspirados no Parque G\u00fcell, criando uma representa\u00e7\u00e3o art\u00edstica e moderna da capital catal\u00e3. A prote\u00e7\u00e3o e o estilo unem-se nesta capa, ideal para quem quer demonstrar o seu amor por Barcelona.<\/p>\n","protected":false},"featured_media":12564,"template":"","meta":{"_acf_changed":false},"product_brand":[],"product_cat":[685],"product_tag":[],"class_list":{"0":"post-36313","1":"product","2":"type-product","3":"status-publish","4":"has-post-thumbnail","6":"product_cat-capas-para-telemoveis","7":"pa_ciudad-barcelona","8":"pa_motivo-panoramas","9":"pa_pais-espana","11":"first","12":"instock","13":"shipping-taxable","14":"product-type-simple"},"acf":[],"_links":{"self":[{"href":"https:\/\/olemosaic.com\/pt-pt\/wp-json\/wp\/v2\/product\/36313","targetHints":{"allow":["GET"]}}],"collection":[{"href":"https:\/\/olemosaic.com\/pt-pt\/wp-json\/wp\/v2\/product"}],"about":[{"href":"https:\/\/olemosaic.com\/pt-pt\/wp-json\/wp\/v2\/types\/product"}],"wp:featuredmedia":[{"embeddable":true,"href":"https:\/\/olemosaic.com\/pt-pt\/wp-json\/wp\/v2\/media\/12564"}],"wp:attachment":[{"href":"https:\/\/olemosaic.com\/pt-pt\/wp-json\/wp\/v2\/media?parent=36313"}],"wp:term":[{"taxonomy":"product_brand","embeddable":true,"href":"https:\/\/olemosaic.com\/pt-pt\/wp-json\/wp\/v2\/product_brand?post=36313"},{"taxonomy":"product_cat","embeddable":true,"href":"https:\/\/olemosaic.com\/pt-pt\/wp-json\/wp\/v2\/product_cat?post=36313"},{"taxonomy":"product_tag","embeddable":true,"href":"https:\/\/olemosaic.com\/pt-pt\/wp-json\/wp\/v2\/product_tag?post=36313"}],"curies":[{"name":"wp","href":"https:\/\/api.w.org\/{rel}","templated":true}]}}