{"id":36311,"date":"2025-02-20T22:35:42","date_gmt":"2025-02-20T22:35:42","guid":{"rendered":"http:\/\/olemosaic.com\/producto\/funda-de-telefono-para-samsung-a34-tpu-gato-barcelona-blanco\/"},"modified":"2025-07-25T19:24:22","modified_gmt":"2025-07-25T17:24:22","slug":"capa-para-telemovel-samsung-a34-tpu-gato-barcelona-branco","status":"publish","type":"product","link":"https:\/\/olemosaic.com\/pt-pt\/produto\/capa-para-telemovel-samsung-a34-tpu-gato-barcelona-branco\/","title":{"rendered":"Capa para telem\u00f3vel para Samsung A34 (TPU). Gato. Barcelona. Branco"},"content":{"rendered":"<p>Capa para telem\u00f3vel Samsung A34 com um vibrante design de um gato barcelon\u00eas. Esta capa, fabricada em TPU, \u00e9 tanto um acess\u00f3rio protetor como uma obra de arte que representa a ess\u00eancia art\u00edstica e colorida desta ic\u00f3nica cidade mediterr\u00e2nica. O design mostra um gato num mosaico cheio de cores vivas que captam a aten\u00e7\u00e3o, acompanhado por borboletas multicoloridas que adicionam um ar de alegria e dinamismo. O fundo branco real\u00e7a os ricos matizes do gato, criando um contraste chamativo que combina modernidade com a tradi\u00e7\u00e3o do mosaico t\u00e3o emblem\u00e1tica de Barcelona.<\/p>\n<p>Este artigo n\u00e3o s\u00f3 se destaca pela sua funcionalidade, protegendo eficazmente o dispositivo m\u00f3vel, como tamb\u00e9m se ergue como um souvenir aut\u00eantico, perfeito para aqueles turistas que desejam levar um pedacinho da cultura catal\u00e3. O gato, presente em muitas hist\u00f3rias e lendas locais, simboliza a criatividade e o esp\u00edrito livre que caracteriza a capital catal\u00e3. Na Ol\u00e9 Mosaic, entendemos la import\u00e2ncia de oferecer souvenirs que contem uma hist\u00f3ria, e esta capa reflete perfeitamente a arte e a vitalidade de Barcelona. Ideal para lojas de presentes tur\u00edsticos, este produto \u00e9 uma excelente op\u00e7\u00e3o para quem procura autenticidade e estilo nos seus acess\u00f3rios m\u00f3veis, posicionando-se como uma recorda\u00e7\u00e3o de destaque de Barcelona que combina eleg\u00e2ncia e prote\u00e7\u00e3o.<\/p>\n","protected":false},"excerpt":{"rendered":"<p>Capa de telem\u00f3vel para Samsung A34 fabricada em TPU, com um vibrante design de um gato em cores vivas. Esta capa apresenta um belo mosaico que evoca a ess\u00eancia art\u00edstica de Barcelona, com borboletas multicoloridas que conferem um toque de alegria. O fundo branco real\u00e7a o colorido do gato, criando um contraste atraente que combina modernidade e tradi\u00e7\u00e3o. \u00c9 um acess\u00f3rio ideal para quem procura prote\u00e7\u00e3o e estilo para o seu dispositivo.<\/p>\n","protected":false},"featured_media":12556,"template":"","meta":{"_acf_changed":false},"product_brand":[],"product_cat":[685],"product_tag":[516],"class_list":{"0":"post-36311","1":"product","2":"type-product","3":"status-publish","4":"has-post-thumbnail","6":"product_cat-capas-para-telemoveis","7":"product_tag-animais","8":"pa_ciudad-barcelona","9":"pa_motivo-gatos","10":"pa_pais-espana","12":"first","13":"instock","14":"shipping-taxable","15":"product-type-simple"},"acf":[],"_links":{"self":[{"href":"https:\/\/olemosaic.com\/pt-pt\/wp-json\/wp\/v2\/product\/36311","targetHints":{"allow":["GET"]}}],"collection":[{"href":"https:\/\/olemosaic.com\/pt-pt\/wp-json\/wp\/v2\/product"}],"about":[{"href":"https:\/\/olemosaic.com\/pt-pt\/wp-json\/wp\/v2\/types\/product"}],"wp:featuredmedia":[{"embeddable":true,"href":"https:\/\/olemosaic.com\/pt-pt\/wp-json\/wp\/v2\/media\/12556"}],"wp:attachment":[{"href":"https:\/\/olemosaic.com\/pt-pt\/wp-json\/wp\/v2\/media?parent=36311"}],"wp:term":[{"taxonomy":"product_brand","embeddable":true,"href":"https:\/\/olemosaic.com\/pt-pt\/wp-json\/wp\/v2\/product_brand?post=36311"},{"taxonomy":"product_cat","embeddable":true,"href":"https:\/\/olemosaic.com\/pt-pt\/wp-json\/wp\/v2\/product_cat?post=36311"},{"taxonomy":"product_tag","embeddable":true,"href":"https:\/\/olemosaic.com\/pt-pt\/wp-json\/wp\/v2\/product_tag?post=36311"}],"curies":[{"name":"wp","href":"https:\/\/api.w.org\/{rel}","templated":true}]}}