{"id":36309,"date":"2025-02-20T22:35:42","date_gmt":"2025-02-20T22:35:42","guid":{"rendered":"http:\/\/olemosaic.com\/producto\/funda-de-telefono-para-samsung-a34-tpu-mariposa-barcelona-blanco\/"},"modified":"2025-07-25T18:34:36","modified_gmt":"2025-07-25T16:34:36","slug":"capa-para-telemovel-samsung-a34-tpu-borboleta-barcelona-branco","status":"publish","type":"product","link":"https:\/\/olemosaic.com\/pt-pt\/produto\/capa-para-telemovel-samsung-a34-tpu-borboleta-barcelona-branco\/","title":{"rendered":"Capa para telem\u00f3vel para Samsung A34 (TPU). Borboleta. Barcelona. Branco"},"content":{"rendered":"<p>Capa para telem\u00f3vel para Samsung A34 com um design espetacular e vibrante que presta homenagem \u00e0 magia de Barcelona. Fabricada em TPU, esta capa oferece uma prote\u00e7\u00e3o fi\u00e1vel para o seu dispositivo enquanto exibe uma cativante ilustra\u00e7\u00e3o de borboletas que adicionam um toque de alegria e cor. As borboletas, representadas em tons de laranja, azul, verde e rosa, parecem ganhar vida sobre um fundo branco, criando um mosaico que evoca a famosa arte da cidade condal, particularmente o estilo distintivo de Antoni Gaud\u00ed. A parte inferior da capa inclui a inscri\u00e7\u00e3o &#8220;Barcelona&#8221;, que sugere a autenticidade e o car\u00e1ter local do produto, tornando-a uma recorda\u00e7\u00e3o perfeita para os visitantes da cidade. Este acess\u00f3rio combina funcionalidade e est\u00e9tica, protegendo o seu telem\u00f3vel e, ao mesmo tempo, celebrando o patrim\u00f3nio cultural de Barcelona. \u00c9 uma op\u00e7\u00e3o ideal para turistas que procuram souvenirs \u00fanicos e representativos que lhes recordem a sua experi\u00eancia nesta emblem\u00e1tica cidade. Na Ol\u00e9 Mosaic, dedicamo-nos \u00e0 distribui\u00e7\u00e3o de souvenirs por grosso, oferecendo produtos como esta capa que encapsulam a ess\u00eancia de Barcelona, perfeita para lojas de presentes tur\u00edsticos.<\/p>\n","protected":false},"excerpt":{"rendered":"<p>Capa para telem\u00f3vel Samsung A34 fabricada em TPU, decorada com borboletas vibrantes sobre um fundo branco. O seu design apresenta um mosaico colorido que evoca a arte barcelonesa, destacando borboletas em tons de laranja, azul, verde e rosa. Na parte inferior, a inscri\u00e7\u00e3o &#8220;Barcelona&#8221; adiciona um toque de autenticidade. Este acess\u00f3rio combina funcionalidade e estilo, protegendo o seu dispositivo ao mesmo tempo que mostra um fragmento do encanto cultural da cidade.<\/p>\n","protected":false},"featured_media":12557,"template":"","meta":{"_acf_changed":false},"product_brand":[],"product_cat":[685],"product_tag":[516],"class_list":{"0":"post-36309","1":"product","2":"type-product","3":"status-publish","4":"has-post-thumbnail","6":"product_cat-capas-para-telemoveis","7":"product_tag-animais","8":"pa_ciudad-barcelona","9":"pa_motivo-borboletas","10":"pa_pais-espana","12":"first","13":"instock","14":"shipping-taxable","15":"product-type-simple"},"acf":[],"_links":{"self":[{"href":"https:\/\/olemosaic.com\/pt-pt\/wp-json\/wp\/v2\/product\/36309","targetHints":{"allow":["GET"]}}],"collection":[{"href":"https:\/\/olemosaic.com\/pt-pt\/wp-json\/wp\/v2\/product"}],"about":[{"href":"https:\/\/olemosaic.com\/pt-pt\/wp-json\/wp\/v2\/types\/product"}],"wp:featuredmedia":[{"embeddable":true,"href":"https:\/\/olemosaic.com\/pt-pt\/wp-json\/wp\/v2\/media\/12557"}],"wp:attachment":[{"href":"https:\/\/olemosaic.com\/pt-pt\/wp-json\/wp\/v2\/media?parent=36309"}],"wp:term":[{"taxonomy":"product_brand","embeddable":true,"href":"https:\/\/olemosaic.com\/pt-pt\/wp-json\/wp\/v2\/product_brand?post=36309"},{"taxonomy":"product_cat","embeddable":true,"href":"https:\/\/olemosaic.com\/pt-pt\/wp-json\/wp\/v2\/product_cat?post=36309"},{"taxonomy":"product_tag","embeddable":true,"href":"https:\/\/olemosaic.com\/pt-pt\/wp-json\/wp\/v2\/product_tag?post=36309"}],"curies":[{"name":"wp","href":"https:\/\/api.w.org\/{rel}","templated":true}]}}