{"id":36282,"date":"2025-02-20T22:35:41","date_gmt":"2025-02-20T22:35:41","guid":{"rendered":"http:\/\/olemosaic.com\/producto\/funda-de-telefono-para-samsung-a23-tpu-punt-de-trobada\/"},"modified":"2025-07-25T19:16:52","modified_gmt":"2025-07-25T17:16:52","slug":"capa-para-telemovel-samsung-a23-tpu-punt-de-trobada","status":"publish","type":"product","link":"https:\/\/olemosaic.com\/pt-pt\/produto\/capa-para-telemovel-samsung-a23-tpu-punt-de-trobada\/","title":{"rendered":"Capa para telem\u00f3vel Samsung A23 (TPU). Punt de trobada"},"content":{"rendered":"<p>Capa para telem\u00f3vel Samsung A23 inspirada no &#8220;Punt de trobada&#8221; de Barcelona. Esta original capa, fabricada em TPU de alta qualidade, destaca-se por um design colorido que presta homenagem ao ic\u00f3nico mosaico que caracteriza as obras de Antoni Gaud\u00ed. Apresenta um vibrante mosaico de formas geom\u00e9tricas em tons de vermelho, amarelo, verde e azul, sobre um fundo branco que simula a cer\u00e2mica, criando um contraste visual que capta a aten\u00e7\u00e3o. O design inclui a palavra &#8220;Barcelona&#8221; num estilo l\u00fadico e moderno, o que adiciona um toque distintivo e personalizado a este pr\u00e1tico acess\u00f3rio.<\/p>\n<p>Ideal tanto para quem procura proteger o seu dispositivo como para aqueles que desejam levar um peda\u00e7o da cultura catal\u00e3 consigo. Esta capa n\u00e3o s\u00f3 oferece uma excelente resist\u00eancia e durabilidade, como tamb\u00e9m se erige como um pequeno s\u00edmbolo da rica heran\u00e7a art\u00edstica de Barcelona, tornando-a numa recorda\u00e7\u00e3o perfeita para turistas. Na Ol\u00e9 Mosaic, especializamo-nos na distribui\u00e7\u00e3o de recorda\u00e7\u00f5es por grosso, e esta capa para telem\u00f3vel \u00e9 uma op\u00e7\u00e3o excecional para lojas de brindes tur\u00edsticos que procuram produtos aut\u00eanticos e cheios de estilo. Destacar a liga\u00e7\u00e3o cultural e a singularidade desta capa garante que cada cliente leve uma recorda\u00e7\u00e3o memor\u00e1vel da sua visita \u00e0 Cidade Condal. Como grossistas de acess\u00f3rios, oferecemos esta capa como um excelente investimento para quem deseja apresentar produtos de qualidade, representativos da emblem\u00e1tica Barcelona.<\/p>\n","protected":false},"excerpt":{"rendered":"<p>Capa para o telem\u00f3vel Samsung A23 fabricada em TPU, inspirada no design do &#8220;Punt de trobada&#8221; de Barcelona. O seu colorido motivo apresenta um mosaico vibrante com formas geom\u00e9tricas em tons de vermelho, amarelo, verde e azul, sobre um fundo branco e linhas que simulam a cer\u00e2mica do conhecido artista Antoni Gaud\u00ed. O design inclui a palavra &#8220;Barcelona&#8221; com um estilo l\u00fadico, ideal para quem procura um acess\u00f3rio pr\u00e1tico e cheio de estilo.<\/p>\n","protected":false},"featured_media":12598,"template":"","meta":{"_acf_changed":false},"product_brand":[],"product_cat":[685],"product_tag":[],"class_list":{"0":"post-36282","1":"product","2":"type-product","3":"status-publish","4":"has-post-thumbnail","6":"product_cat-capas-para-telemoveis","7":"pa_ciudad-barcelona","8":"pa_motivo-punt-de-trobada","9":"pa_pais-espana","11":"first","12":"instock","13":"shipping-taxable","14":"product-type-simple"},"acf":[],"_links":{"self":[{"href":"https:\/\/olemosaic.com\/pt-pt\/wp-json\/wp\/v2\/product\/36282","targetHints":{"allow":["GET"]}}],"collection":[{"href":"https:\/\/olemosaic.com\/pt-pt\/wp-json\/wp\/v2\/product"}],"about":[{"href":"https:\/\/olemosaic.com\/pt-pt\/wp-json\/wp\/v2\/types\/product"}],"wp:featuredmedia":[{"embeddable":true,"href":"https:\/\/olemosaic.com\/pt-pt\/wp-json\/wp\/v2\/media\/12598"}],"wp:attachment":[{"href":"https:\/\/olemosaic.com\/pt-pt\/wp-json\/wp\/v2\/media?parent=36282"}],"wp:term":[{"taxonomy":"product_brand","embeddable":true,"href":"https:\/\/olemosaic.com\/pt-pt\/wp-json\/wp\/v2\/product_brand?post=36282"},{"taxonomy":"product_cat","embeddable":true,"href":"https:\/\/olemosaic.com\/pt-pt\/wp-json\/wp\/v2\/product_cat?post=36282"},{"taxonomy":"product_tag","embeddable":true,"href":"https:\/\/olemosaic.com\/pt-pt\/wp-json\/wp\/v2\/product_tag?post=36282"}],"curies":[{"name":"wp","href":"https:\/\/api.w.org\/{rel}","templated":true}]}}