{"id":36280,"date":"2025-02-20T22:35:41","date_gmt":"2025-02-20T22:35:41","guid":{"rendered":"http:\/\/olemosaic.com\/producto\/funda-de-telefono-para-samsung-a23-tpu-mariposa\/"},"modified":"2025-07-25T20:19:59","modified_gmt":"2025-07-25T18:19:59","slug":"capa-para-telemovel-samsung-a23-tpu-borboleta","status":"publish","type":"product","link":"https:\/\/olemosaic.com\/pt-pt\/produto\/capa-para-telemovel-samsung-a23-tpu-borboleta\/","title":{"rendered":"Capa para telem\u00f3vel Samsung A23 (TPU). Borboleta"},"content":{"rendered":"<p>Capa para o telem\u00f3vel Samsung A23 decorada com vibrantes borboletas de design colorido, que capta a ess\u00eancia art\u00edstica de Barcelona. Esta elegante capa \u00e9 elaborada em TPU, um material resistente que proporciona uma excelente prote\u00e7\u00e3o ao teu dispositivo, ao mesmo tempo que adiciona um toque distintivo e criativo. As borboletas, em tons intensos de laranja, azul e rosa, evocam a rica vida e cultura da cidade, destacando-se sobre um fundo de mosaico que recorda o famoso estilo de Gaud\u00ed. Este padr\u00e3o, cheio de matizes e texturas, evoca as obras-primas arquitet\u00f3nicas que adornam as ruas de Barcelona, criando uma liga\u00e7\u00e3o \u00fanica entre o objeto e o seu lugar de origem. Na parte inferior, a palavra &#8220;Barcelona&#8221; apresenta-se numa tipografia elegante, complementando o design e refor\u00e7ando a identidade desta recorda\u00e7\u00e3o. N\u00e3o \u00e9 apenas uma capa funcional, mas tamb\u00e9m uma lembran\u00e7a representativa e aut\u00eantica do patrim\u00f3nio cultural da regi\u00e3o. Ideal para turistas que procuram recorda\u00e7\u00f5es de Barcelona, esta capa para o telem\u00f3vel \u00e9 uma excelente op\u00e7\u00e3o para lojas de brindes tur\u00edsticos. Na Ol\u00e9 Mosaic, como grossista de capas de telem\u00f3vel, oferecemos produtos que combinam arte e funcionalidade com a rica cultura catal\u00e3.<\/p>\n","protected":false},"excerpt":{"rendered":"<p>Capa para o telem\u00f3vel Samsung A23 fabricada em TPU, decorada com coloridas borboletas que evocam a ess\u00eancia vibrante de Barcelona. O design apresenta borboletas em tons brilhantes de laranja, azul e rosa, sobre um fundo de mosaico inspirado no famoso estilo de Gaud\u00ed. A parte inferior mostra a palavra &#8220;Barcelona&#8221; numa tipografia elegante, complementando o colorido design. Esta capa n\u00e3o s\u00f3 oferece prote\u00e7\u00e3o, como tamb\u00e9m um toque art\u00edstico e distintivo para o teu dispositivo.<\/p>\n","protected":false},"featured_media":12597,"template":"","meta":{"_acf_changed":false},"product_brand":[],"product_cat":[685],"product_tag":[516],"class_list":{"0":"post-36280","1":"product","2":"type-product","3":"status-publish","4":"has-post-thumbnail","6":"product_cat-capas-para-telemoveis","7":"product_tag-animais","8":"pa_ciudad-barcelona","9":"pa_motivo-borboletas","10":"pa_pais-espana","12":"first","13":"instock","14":"shipping-taxable","15":"product-type-simple"},"acf":[],"_links":{"self":[{"href":"https:\/\/olemosaic.com\/pt-pt\/wp-json\/wp\/v2\/product\/36280","targetHints":{"allow":["GET"]}}],"collection":[{"href":"https:\/\/olemosaic.com\/pt-pt\/wp-json\/wp\/v2\/product"}],"about":[{"href":"https:\/\/olemosaic.com\/pt-pt\/wp-json\/wp\/v2\/types\/product"}],"wp:featuredmedia":[{"embeddable":true,"href":"https:\/\/olemosaic.com\/pt-pt\/wp-json\/wp\/v2\/media\/12597"}],"wp:attachment":[{"href":"https:\/\/olemosaic.com\/pt-pt\/wp-json\/wp\/v2\/media?parent=36280"}],"wp:term":[{"taxonomy":"product_brand","embeddable":true,"href":"https:\/\/olemosaic.com\/pt-pt\/wp-json\/wp\/v2\/product_brand?post=36280"},{"taxonomy":"product_cat","embeddable":true,"href":"https:\/\/olemosaic.com\/pt-pt\/wp-json\/wp\/v2\/product_cat?post=36280"},{"taxonomy":"product_tag","embeddable":true,"href":"https:\/\/olemosaic.com\/pt-pt\/wp-json\/wp\/v2\/product_tag?post=36280"}],"curies":[{"name":"wp","href":"https:\/\/api.w.org\/{rel}","templated":true}]}}