{"id":36278,"date":"2025-02-20T22:35:40","date_gmt":"2025-02-20T22:35:40","guid":{"rendered":"http:\/\/olemosaic.com\/producto\/funda-de-telefono-para-samsung-a23-tpu-forjas\/"},"modified":"2025-07-25T18:02:48","modified_gmt":"2025-07-25T16:02:48","slug":"capa-de-telemovel-para-samsung-a23-tpu-forjas","status":"publish","type":"product","link":"https:\/\/olemosaic.com\/pt-pt\/produto\/capa-de-telemovel-para-samsung-a23-tpu-forjas\/","title":{"rendered":"Capa de telem\u00f3vel para Samsung A23 (TPU). Forjas"},"content":{"rendered":"<p>Capa de telem\u00f3vel para Samsung A23 decorada com um elegante design de forja em cor branca sobre um fundo azul intenso. Fabricada em TPU, esta capa combina funcionalidade e estilo distintivo, evocando a riqueza da arquitetura tradicional espanhola. O intrincado padr\u00e3o de forja apresenta espirais e curvas, s\u00edmbolos que refletem a beleza e a mestria caracter\u00edsticas das grades e varandas que adornam muitas cidades de Espanha, proporcionando uma liga\u00e7\u00e3o cultural \u00fanica.<\/p>\n<p>A sofistica\u00e7\u00e3o do seu design n\u00e3o s\u00f3 protege o dispositivo de choques e riscos, como tamb\u00e9m transforma um acess\u00f3rio quotidiano numa pe\u00e7a de express\u00e3o pessoal e cultural. Ao escolher esta capa, os turistas e amantes da cultura espanhola adquirem um souvenir pr\u00e1tico que, al\u00e9m disso, representa o legado art\u00edstico da pen\u00ednsula ib\u00e9rica. Na Ol\u00e9 Mosaic, como grossista de acess\u00f3rios, orgulhamo-nos de oferecer produtos que celebram a autenticidade e a criatividade. Esta capa para Samsung A23 \u00e9 uma excelente op\u00e7\u00e3o para lojas de presentes tur\u00edsticos que procuram artigos \u00fanicos e de qualidade, de acordo com a ess\u00eancia cultural de Espanha.<\/p>\n","protected":false},"excerpt":{"rendered":"<p>Capa para telem\u00f3vel Samsung A23 fabricada em TPU, com um design intrincado de forja branca sobre fundo azul. Este acess\u00f3rio une funcionalidade e est\u00e9tica, protegendo o seu dispositivo ao mesmo tempo que acrescenta um toque de eleg\u00e2ncia inspirado na arquitetura espanhola. Os detalhes em espirais e curvas evocam elementos decorativos tradicionais, perfeitos para quem procura personalizar o seu telem\u00f3vel com um motivo cultural distintivo.<\/p>\n","protected":false},"featured_media":12608,"template":"","meta":{"_acf_changed":false},"product_brand":[],"product_cat":[685],"product_tag":[],"class_list":{"0":"post-36278","1":"product","2":"type-product","3":"status-publish","4":"has-post-thumbnail","6":"product_cat-capas-para-telemoveis","7":"pa_motivo-forjas","9":"first","10":"instock","11":"shipping-taxable","12":"product-type-simple"},"acf":[],"_links":{"self":[{"href":"https:\/\/olemosaic.com\/pt-pt\/wp-json\/wp\/v2\/product\/36278","targetHints":{"allow":["GET"]}}],"collection":[{"href":"https:\/\/olemosaic.com\/pt-pt\/wp-json\/wp\/v2\/product"}],"about":[{"href":"https:\/\/olemosaic.com\/pt-pt\/wp-json\/wp\/v2\/types\/product"}],"wp:featuredmedia":[{"embeddable":true,"href":"https:\/\/olemosaic.com\/pt-pt\/wp-json\/wp\/v2\/media\/12608"}],"wp:attachment":[{"href":"https:\/\/olemosaic.com\/pt-pt\/wp-json\/wp\/v2\/media?parent=36278"}],"wp:term":[{"taxonomy":"product_brand","embeddable":true,"href":"https:\/\/olemosaic.com\/pt-pt\/wp-json\/wp\/v2\/product_brand?post=36278"},{"taxonomy":"product_cat","embeddable":true,"href":"https:\/\/olemosaic.com\/pt-pt\/wp-json\/wp\/v2\/product_cat?post=36278"},{"taxonomy":"product_tag","embeddable":true,"href":"https:\/\/olemosaic.com\/pt-pt\/wp-json\/wp\/v2\/product_tag?post=36278"}],"curies":[{"name":"wp","href":"https:\/\/api.w.org\/{rel}","templated":true}]}}