{"id":36277,"date":"2025-02-20T23:35:40","date_gmt":"2025-02-20T22:35:40","guid":{"rendered":"http:\/\/olemosaic.com\/producto\/funda-de-telefono-para-samsung-a23-tpu-gato-2\/"},"modified":"2025-07-25T20:17:35","modified_gmt":"2025-07-25T18:17:35","slug":"capa-de-telemovel-para-samsung-a23-tpu-gato-2","status":"publish","type":"product","link":"https:\/\/olemosaic.com\/pt-pt\/produto\/capa-de-telemovel-para-samsung-a23-tpu-gato-2\/","title":{"rendered":"Capa de telem\u00f3vel para Samsung A23 (TPU). Gato. Mosaico."},"content":{"rendered":"<p>Capa para telem\u00f3vel Samsung A23 com uma chamativa ilustra\u00e7\u00e3o de um gato em design de mosaico, perfeita para quem procura uma recorda\u00e7\u00e3o aut\u00eantica de Barcelona. Fabricada em TPU, esta capa oferece uma excelente prote\u00e7\u00e3o para o seu dispositivo, adaptando-se na perfei\u00e7\u00e3o ao modelo Samsung A23. A colorida representa\u00e7\u00e3o de um gato, rodeado de vibrantes borboletas, evoca a ess\u00eancia art\u00edstica da cidade, destacando os intensos tons azul, vermelho, verde e amarelo que adornam a sua figura. O fundo escuro real\u00e7a ainda mais estas cores, criando um contraste cativante que atrair\u00e1 a aten\u00e7\u00e3o de qualquer amante da cultura catal\u00e3. A palavra &#8220;Barcelona&#8221; aparece num estilo elegante, acrescentando um toque de sofistica\u00e7\u00e3o a este acess\u00f3rio imprescind\u00edvel. Este produto n\u00e3o s\u00f3 \u00e9 funcional, como tamb\u00e9m permite aos utilizadores levar consigo um peda\u00e7o da rica heran\u00e7a art\u00edstica de Barcelona, sendo um excelente souvenir para turistas que desejam recordar a sua visita. Na Ol\u00e9 Mosaic, dedicamo-nos \u00e0 distribui\u00e7\u00e3o de souvenirs por grosso, oferecendo produtos \u00fanicos que representam a diversidade cultural e art\u00edstica de Espanha. Esta capa para telem\u00f3vel \u00e9 uma op\u00e7\u00e3o perfeita para lojas de presentes tur\u00edsticos que procuram oferecer artigos aut\u00eanticos e de qualidade.<\/p>\n","protected":false},"excerpt":{"rendered":"<p>Capa para telem\u00f3vel Samsung A23, fabricada em TPU. Apresenta uma colorida ilustra\u00e7\u00e3o de um gato num design de mosaico, rodeado de borboletas vibrantes. O fundo escuro real\u00e7a as intensas cores azul, vermelho, verde e amarelo do gato, que capta a ess\u00eancia art\u00edstica de Barcelona. A palavra &#8220;Barcelona&#8221; aparece num estilo elegante, complementando este atraente acess\u00f3rio, ideal para quem deseja levar um peda\u00e7o da cultura catal\u00e3 no seu dia a dia.<\/p>\n","protected":false},"featured_media":12612,"template":"","meta":{"_acf_changed":false},"product_brand":[],"product_cat":[685],"product_tag":[516],"class_list":{"0":"post-36277","1":"product","2":"type-product","3":"status-publish","4":"has-post-thumbnail","6":"product_cat-capas-para-telemoveis","7":"product_tag-animais","8":"pa_ciudad-barcelona","9":"pa_motivo-gatos","10":"pa_pais-espana","12":"first","13":"instock","14":"shipping-taxable","15":"product-type-simple"},"acf":[],"_links":{"self":[{"href":"https:\/\/olemosaic.com\/pt-pt\/wp-json\/wp\/v2\/product\/36277","targetHints":{"allow":["GET"]}}],"collection":[{"href":"https:\/\/olemosaic.com\/pt-pt\/wp-json\/wp\/v2\/product"}],"about":[{"href":"https:\/\/olemosaic.com\/pt-pt\/wp-json\/wp\/v2\/types\/product"}],"wp:featuredmedia":[{"embeddable":true,"href":"https:\/\/olemosaic.com\/pt-pt\/wp-json\/wp\/v2\/media\/12612"}],"wp:attachment":[{"href":"https:\/\/olemosaic.com\/pt-pt\/wp-json\/wp\/v2\/media?parent=36277"}],"wp:term":[{"taxonomy":"product_brand","embeddable":true,"href":"https:\/\/olemosaic.com\/pt-pt\/wp-json\/wp\/v2\/product_brand?post=36277"},{"taxonomy":"product_cat","embeddable":true,"href":"https:\/\/olemosaic.com\/pt-pt\/wp-json\/wp\/v2\/product_cat?post=36277"},{"taxonomy":"product_tag","embeddable":true,"href":"https:\/\/olemosaic.com\/pt-pt\/wp-json\/wp\/v2\/product_tag?post=36277"}],"curies":[{"name":"wp","href":"https:\/\/api.w.org\/{rel}","templated":true}]}}