{"id":36275,"date":"2025-02-20T23:35:39","date_gmt":"2025-02-20T22:35:39","guid":{"rendered":"http:\/\/olemosaic.com\/producto\/funda-de-telefono-para-samsung-a23-tpu-abstracto-5\/"},"modified":"2025-07-25T18:56:03","modified_gmt":"2025-07-25T16:56:03","slug":"capa-de-telemovel-para-samsung-a23-tpu-abstrato-5","status":"publish","type":"product","link":"https:\/\/olemosaic.com\/pt-pt\/produto\/capa-de-telemovel-para-samsung-a23-tpu-abstrato-5\/","title":{"rendered":"Capa de telem\u00f3vel para Samsung A23 (TPU). Abstrato. Mistura de cores."},"content":{"rendered":"<p>Capa para telem\u00f3vel Samsung A23 com um vibrante design abstrato que se destaca pela sua originalidade e estilo contempor\u00e2neo. Fabricada em material TPU, esta capa adapta-se perfeitamente \u00e0s linhas do Samsung A23, oferecendo uma prote\u00e7\u00e3o eficaz contra choques e quedas, enquanto a sua textura suave proporciona uma sensa\u00e7\u00e3o confort\u00e1vel ao toque. O seu design cativante apresenta uma mistura de tons coloridos que se entrela\u00e7am num padr\u00e3o art\u00edstico \u00fanico, criando um efeito visual din\u00e2mico que atrair\u00e1 todos os olhares. Este motivo abstrato n\u00e3o s\u00f3 acrescenta um toque moderno ao dispositivo, como tamb\u00e9m reflete a intensidade e diversidade da cultura espanhola, famosa pela sua arte em todas as suas formas.<\/p>\n<p>A liga\u00e7\u00e3o cultural desta capa reside na tradi\u00e7\u00e3o art\u00edstica de Espanha, onde o uso de cores vibrantes e formas criativas \u00e9 uma marca distintiva. Este acess\u00f3rio \u00e9 uma excelente op\u00e7\u00e3o para turistas que procuram souvenirs representativos que realcem a sua personalidade e estilo. Na Ol\u00e9 Mosaic, orgulhamo-nos de oferecer produtos de qualidade que ligam os viajantes \u00e0 riqueza cultural do pa\u00eds. Esta capa n\u00e3o \u00e9 apenas uma excelente recorda\u00e7\u00e3o para quem visita Espanha, mas tamb\u00e9m uma op\u00e7\u00e3o atrativa para lojas de presentes tur\u00edsticos que desejem diversificar a sua oferta. Como distribuidores de capas por grosso, garantimos autenticidade e design em cada produto.<\/p>\n","protected":false},"excerpt":{"rendered":"<p>Capa para telem\u00f3vel Samsung A23, fabricada em TPU, com um design abstrato e vibrante. A cobertura apresenta uma mistura de cores que se entrela\u00e7am num padr\u00e3o art\u00edstico, criando um efeito visual din\u00e2mico e moderno. Este acess\u00f3rio n\u00e3o s\u00f3 protege o seu dispositivo, como tamb\u00e9m lhe acrescenta um toque de estilo contempor\u00e2neo, ideal para quem procura um design muito especial que reflita a sua personalidade.<\/p>\n","protected":false},"featured_media":12601,"template":"","meta":{"_acf_changed":false},"product_brand":[],"product_cat":[685],"product_tag":[],"class_list":{"0":"post-36275","1":"product","2":"type-product","3":"status-publish","4":"has-post-thumbnail","6":"product_cat-capas-para-telemoveis","7":"pa_motivo-resumo","9":"first","10":"instock","11":"shipping-taxable","12":"product-type-simple"},"acf":[],"_links":{"self":[{"href":"https:\/\/olemosaic.com\/pt-pt\/wp-json\/wp\/v2\/product\/36275","targetHints":{"allow":["GET"]}}],"collection":[{"href":"https:\/\/olemosaic.com\/pt-pt\/wp-json\/wp\/v2\/product"}],"about":[{"href":"https:\/\/olemosaic.com\/pt-pt\/wp-json\/wp\/v2\/types\/product"}],"wp:featuredmedia":[{"embeddable":true,"href":"https:\/\/olemosaic.com\/pt-pt\/wp-json\/wp\/v2\/media\/12601"}],"wp:attachment":[{"href":"https:\/\/olemosaic.com\/pt-pt\/wp-json\/wp\/v2\/media?parent=36275"}],"wp:term":[{"taxonomy":"product_brand","embeddable":true,"href":"https:\/\/olemosaic.com\/pt-pt\/wp-json\/wp\/v2\/product_brand?post=36275"},{"taxonomy":"product_cat","embeddable":true,"href":"https:\/\/olemosaic.com\/pt-pt\/wp-json\/wp\/v2\/product_cat?post=36275"},{"taxonomy":"product_tag","embeddable":true,"href":"https:\/\/olemosaic.com\/pt-pt\/wp-json\/wp\/v2\/product_tag?post=36275"}],"curies":[{"name":"wp","href":"https:\/\/api.w.org\/{rel}","templated":true}]}}