{"id":36274,"date":"2025-02-20T23:35:39","date_gmt":"2025-02-20T22:35:39","guid":{"rendered":"http:\/\/olemosaic.com\/producto\/funda-de-telefono-para-samsung-a23-tpu-abstracto-4\/"},"modified":"2025-07-25T20:40:23","modified_gmt":"2025-07-25T18:40:23","slug":"capa-de-telemovel-para-samsung-a23-tpu-abstrato-4","status":"publish","type":"product","link":"https:\/\/olemosaic.com\/pt-pt\/produto\/capa-de-telemovel-para-samsung-a23-tpu-abstrato-4\/","title":{"rendered":"Capa de telem\u00f3vel para Samsung A23 (TPU). Abstrato. Mosaico."},"content":{"rendered":"<p>Capa para Samsung A23 com design abstrato inspirado no trencad\u00eds barcelon\u00eas. Fabricada em TPU, um material flex\u00edvel e resistente, esta capa oferece uma prote\u00e7\u00e3o eficaz contra choques e quedas, perfeita para quem quer manter o seu dispositivo impec\u00e1vel. O seu design destaca-se por um vibrante mosaico com tons azuis, laranjas e amarelos, disposto em formas geom\u00e9tricas que evocam a criatividade e o colorido da arquitetura modernista da Cidade Condal.<\/p>\n<p>O trencad\u00eds, t\u00e9cnica popularizada pelo c\u00e9lebre arquiteto Antoni Gaud\u00ed, utiliza fragmentos de cer\u00e2mica e vidro para criar composi\u00e7\u00f5es art\u00edsticas que transformam o quotidiano em obras-primas. Esta capa n\u00e3o \u00e9 apenas um acess\u00f3rio funcional, mas tamb\u00e9m uma recorda\u00e7\u00e3o representativa do estilo \u00fanico de Barcelona, convertendo cada dispositivo numa tela que reflete o legado cultural da cidade.<\/p>\n<p>Ideal para turistas e locais que desejam levar um peda\u00e7o de Barcelona para todo o lado, esta capa \u00e9 um excelente souvenir que combina arte e utilidade. Na Ol\u00e9 Mosaic, oferecemos uma vasta gama de produtos de qualidade por grosso, assegurando que cada cliente encontre aut\u00eanticos souvenirs de Barcelona que realcem a riqueza cultural da regi\u00e3o.<\/p>\n","protected":false},"excerpt":{"rendered":"<p>Capa para telem\u00f3vel Samsung A23 fabricada em TPU com um design abstrato inspirado no trencad\u00eds, caracter\u00edstico da arquitetura modernista de Barcelona. Apresenta um vibrante mosaico com tons azuis, laranjas e amarelos dispostos em formas geom\u00e9tricas que evocam a criatividade e o colorido da cidade. O seu material flex\u00edvel oferece uma prote\u00e7\u00e3o resistente, enquanto o seu design \u00fanico acrescenta um toque art\u00edstico e contempor\u00e2neo ao seu dispositivo.<\/p>\n","protected":false},"featured_media":12602,"template":"","meta":{"_acf_changed":false},"product_brand":[],"product_cat":[685],"product_tag":[],"class_list":{"0":"post-36274","1":"product","2":"type-product","3":"status-publish","4":"has-post-thumbnail","6":"product_cat-capas-para-telemoveis","7":"pa_motivo-resumo","9":"first","10":"instock","11":"shipping-taxable","12":"product-type-simple"},"acf":[],"_links":{"self":[{"href":"https:\/\/olemosaic.com\/pt-pt\/wp-json\/wp\/v2\/product\/36274","targetHints":{"allow":["GET"]}}],"collection":[{"href":"https:\/\/olemosaic.com\/pt-pt\/wp-json\/wp\/v2\/product"}],"about":[{"href":"https:\/\/olemosaic.com\/pt-pt\/wp-json\/wp\/v2\/types\/product"}],"wp:featuredmedia":[{"embeddable":true,"href":"https:\/\/olemosaic.com\/pt-pt\/wp-json\/wp\/v2\/media\/12602"}],"wp:attachment":[{"href":"https:\/\/olemosaic.com\/pt-pt\/wp-json\/wp\/v2\/media?parent=36274"}],"wp:term":[{"taxonomy":"product_brand","embeddable":true,"href":"https:\/\/olemosaic.com\/pt-pt\/wp-json\/wp\/v2\/product_brand?post=36274"},{"taxonomy":"product_cat","embeddable":true,"href":"https:\/\/olemosaic.com\/pt-pt\/wp-json\/wp\/v2\/product_cat?post=36274"},{"taxonomy":"product_tag","embeddable":true,"href":"https:\/\/olemosaic.com\/pt-pt\/wp-json\/wp\/v2\/product_tag?post=36274"}],"curies":[{"name":"wp","href":"https:\/\/api.w.org\/{rel}","templated":true}]}}