{"id":36268,"date":"2025-02-20T23:35:39","date_gmt":"2025-02-20T22:35:39","guid":{"rendered":"http:\/\/olemosaic.com\/producto\/funda-de-telefono-para-samsung-a23-tpu-abstracto-3\/"},"modified":"2025-07-25T20:13:37","modified_gmt":"2025-07-25T18:13:37","slug":"capa-de-telemovel-para-samsung-a23-tpu-abstrato-3","status":"publish","type":"product","link":"https:\/\/olemosaic.com\/pt-pt\/produto\/capa-de-telemovel-para-samsung-a23-tpu-abstrato-3\/","title":{"rendered":"Capa de telem\u00f3vel para Samsung A23 (TPU). Abstrato. Estilo moderno."},"content":{"rendered":"<p>Capa para telem\u00f3vel Samsung A23 com design abstrato de losangos vibrantes. Fabricada em TPU, esta capa n\u00e3o s\u00f3 protege o seu dispositivo de forma eficaz e duradoura, como tamb\u00e9m lhe d\u00e1 um toque moderno e din\u00e2mico gra\u00e7as ao seu design intrincado. O efeito degrad\u00ea abrange uma ampla gama de cores, desde o amarelo luminoso e o laranja quente, at\u00e9 ao verde fresco e ao azul sereno, criando uma combina\u00e7\u00e3o visual en\u00e9rgica e atrativa. A textura suave e leve do TPU proporciona uma ader\u00eancia confort\u00e1vel sem comprometer a prote\u00e7\u00e3o, o que a torna uma escolha ideal para quem procura um estilo colorido e original. Al\u00e9m disso, o seu ajuste preciso garante um f\u00e1cil acesso a todas as portas e bot\u00f5es, mantendo a funcionalidade do dispositivo. Como recorda\u00e7\u00e3o representativa da modernidade e da criatividade, esta capa \u00e9 perfeita para turistas e residentes que desejem levar um peda\u00e7o de cultura contempor\u00e2nea nas suas m\u00e3os. Na Ol\u00e9 Mosaic, distribu\u00edmos acess\u00f3rios de telefonia por grosso, oferecendo produtos aut\u00eanticos e de alta qualidade para satisfazer as exig\u00eancias de lojas de presentes tur\u00edsticos. Esta capa \u00e9 tamb\u00e9m uma excelente op\u00e7\u00e3o para quem procura lembran\u00e7as \u00fanicas e relevantes de Espanha.<\/p>\n","protected":false},"excerpt":{"rendered":"<p>Capa para telem\u00f3vel Samsung A23 fabricada em TPU, com um design abstrato que se destaca pela sua vibrante combina\u00e7\u00e3o de cores num padr\u00e3o de losangos. O efeito degrad\u00ea abrange tonalidades que v\u00e3o do amarelo e do laranja ao verde e ao azul, conferindo um toque moderno e din\u00e2mico. Esta capa leve e resistente n\u00e3o s\u00f3 protege o seu dispositivo, como tamb\u00e9m lhe d\u00e1 um estilo \u00fanico e contempor\u00e2neo, ideal para quem procura uma est\u00e9tica colorida e original.<\/p>\n","protected":false},"featured_media":12610,"template":"","meta":{"_acf_changed":false},"product_brand":[],"product_cat":[685],"product_tag":[],"class_list":{"0":"post-36268","1":"product","2":"type-product","3":"status-publish","4":"has-post-thumbnail","6":"product_cat-capas-para-telemoveis","7":"pa_motivo-resumo","9":"first","10":"instock","11":"shipping-taxable","12":"product-type-simple"},"acf":[],"_links":{"self":[{"href":"https:\/\/olemosaic.com\/pt-pt\/wp-json\/wp\/v2\/product\/36268","targetHints":{"allow":["GET"]}}],"collection":[{"href":"https:\/\/olemosaic.com\/pt-pt\/wp-json\/wp\/v2\/product"}],"about":[{"href":"https:\/\/olemosaic.com\/pt-pt\/wp-json\/wp\/v2\/types\/product"}],"wp:featuredmedia":[{"embeddable":true,"href":"https:\/\/olemosaic.com\/pt-pt\/wp-json\/wp\/v2\/media\/12610"}],"wp:attachment":[{"href":"https:\/\/olemosaic.com\/pt-pt\/wp-json\/wp\/v2\/media?parent=36268"}],"wp:term":[{"taxonomy":"product_brand","embeddable":true,"href":"https:\/\/olemosaic.com\/pt-pt\/wp-json\/wp\/v2\/product_brand?post=36268"},{"taxonomy":"product_cat","embeddable":true,"href":"https:\/\/olemosaic.com\/pt-pt\/wp-json\/wp\/v2\/product_cat?post=36268"},{"taxonomy":"product_tag","embeddable":true,"href":"https:\/\/olemosaic.com\/pt-pt\/wp-json\/wp\/v2\/product_tag?post=36268"}],"curies":[{"name":"wp","href":"https:\/\/api.w.org\/{rel}","templated":true}]}}