{"id":36265,"date":"2025-02-20T22:35:38","date_gmt":"2025-02-20T22:35:38","guid":{"rendered":"http:\/\/olemosaic.com\/producto\/funda-de-telefono-para-samsung-a14-tpu-mariposa-barcelona-blanco\/"},"modified":"2025-07-25T20:02:49","modified_gmt":"2025-07-25T18:02:49","slug":"capa-de-telemovel-para-samsung-a14-tpu-borboleta-barcelona-branco","status":"publish","type":"product","link":"https:\/\/olemosaic.com\/pt-pt\/produto\/capa-de-telemovel-para-samsung-a14-tpu-borboleta-barcelona-branco\/","title":{"rendered":"Capa de telem\u00f3vel para Samsung A14 (TPU). Borboleta. Barcelona. Branco"},"content":{"rendered":"<p>Capa de telem\u00f3vel para Samsung A14 com um vibrante design de borboletas, inspirado na ess\u00eancia art\u00edstica de Barcelona. Fabricada em TPU, oferece uma excelente resist\u00eancia e prote\u00e7\u00e3o para o seu dispositivo, enquanto o seu design colorido evoca a diversidade cultural da cidade. Sobre um fundo branco, destacam-se borboletas em tons brilhantes de vermelho, azul, amarelo e verde, com um estilo de mosaico que recorda as obras arquitet\u00f3nicas de Gaud\u00ed. A palavra &#8220;Barcelona&#8221; aparece elegantemente na parte inferior, acrescentando um toque distintivo e moderno.<\/p>\n<p>O design desta capa n\u00e3o s\u00f3 \u00e9 atrativo, como tamb\u00e9m representa a liga\u00e7\u00e3o cultural com Barcelona, uma cidade famosa pela sua arte, arquitetura e pelas vibrantes borboletas que esvoa\u00e7am nos seus jardins e parques. Esta lembran\u00e7a funcional \u00e9 perfeita para turistas que procuram uma recorda\u00e7\u00e3o da sua visita a esta ic\u00f3nica cidade. Na Ol\u00e9 Mosaic, especializamo-nos na distribui\u00e7\u00e3o de lembran\u00e7as por grosso, e esta capa de telem\u00f3vel \u00e9 uma op\u00e7\u00e3o ideal para lojas de presentes tur\u00edsticos que desejem oferecer produtos aut\u00eanticos e de qualidade. Com a sua mistura de estilo e praticidade, esta capa \u00e9 um excelente presente que capta a ess\u00eancia da cultura catal\u00e3 e a sua rica heran\u00e7a art\u00edstica.<\/p>\n","protected":false},"excerpt":{"rendered":"<p>Capa para telem\u00f3vel Samsung A14 fabricada em TPU com um design vibrante de borboletas. Inspirada na ess\u00eancia art\u00edstica de Barcelona, apresenta um fundo branco que destaca um colorido mosaico em tons azuis e vermelhos, juntamente com borboletas pintadas em diversas cores brilhantes. A palavra &#8220;Barcelona&#8221; aparece com uma caligrafia elegante, real\u00e7ando o car\u00e1cter distintivo da cidade. Esta capa combina funcionalidade e estilo para quem procura um toque \u00fanico nos seus dispositivos.<\/p>\n","protected":false},"featured_media":12537,"template":"","meta":{"_acf_changed":false},"product_brand":[],"product_cat":[685],"product_tag":[516],"class_list":{"0":"post-36265","1":"product","2":"type-product","3":"status-publish","4":"has-post-thumbnail","6":"product_cat-capas-para-telemoveis","7":"product_tag-animais","8":"pa_ciudad-barcelona","9":"pa_motivo-borboletas","10":"pa_pais-espana","12":"first","13":"instock","14":"shipping-taxable","15":"product-type-simple"},"acf":[],"_links":{"self":[{"href":"https:\/\/olemosaic.com\/pt-pt\/wp-json\/wp\/v2\/product\/36265","targetHints":{"allow":["GET"]}}],"collection":[{"href":"https:\/\/olemosaic.com\/pt-pt\/wp-json\/wp\/v2\/product"}],"about":[{"href":"https:\/\/olemosaic.com\/pt-pt\/wp-json\/wp\/v2\/types\/product"}],"wp:featuredmedia":[{"embeddable":true,"href":"https:\/\/olemosaic.com\/pt-pt\/wp-json\/wp\/v2\/media\/12537"}],"wp:attachment":[{"href":"https:\/\/olemosaic.com\/pt-pt\/wp-json\/wp\/v2\/media?parent=36265"}],"wp:term":[{"taxonomy":"product_brand","embeddable":true,"href":"https:\/\/olemosaic.com\/pt-pt\/wp-json\/wp\/v2\/product_brand?post=36265"},{"taxonomy":"product_cat","embeddable":true,"href":"https:\/\/olemosaic.com\/pt-pt\/wp-json\/wp\/v2\/product_cat?post=36265"},{"taxonomy":"product_tag","embeddable":true,"href":"https:\/\/olemosaic.com\/pt-pt\/wp-json\/wp\/v2\/product_tag?post=36265"}],"curies":[{"name":"wp","href":"https:\/\/api.w.org\/{rel}","templated":true}]}}