{"id":36264,"date":"2025-02-20T22:35:38","date_gmt":"2025-02-20T22:35:38","guid":{"rendered":"http:\/\/olemosaic.com\/producto\/funda-de-telefono-para-samsung-a14-tpu-punt-de-trobada-barcelona-blanco\/"},"modified":"2025-07-25T20:33:11","modified_gmt":"2025-07-25T18:33:11","slug":"capa-de-telemovel-para-samsung-a14-tpu-punt-de-trobada-barcelona-branco","status":"publish","type":"product","link":"https:\/\/olemosaic.com\/pt-pt\/produto\/capa-de-telemovel-para-samsung-a14-tpu-punt-de-trobada-barcelona-branco\/","title":{"rendered":"Capa de telem\u00f3vel para Samsung A14 (TPU). Punt de trobada. Barcelona. Branco"},"content":{"rendered":"<p>Capa para telem\u00f3vel Samsung A14 com um design vibrante de Barcelona. Esta capa, fabricada em TPU de alta qualidade, protege o seu dispositivo ao mesmo tempo que lhe confere um toque de estilo. O seu design colorido capta a ess\u00eancia art\u00edstica da cidade condal, evocando as obras-primas de Antoni Gaud\u00ed. Os elementos em vermelho, amarelo, verde e azul distribuem-se sobre um fundo branco, criando um mosaico din\u00e2mico que simboliza a criatividade e a lideran\u00e7a cultural de Barcelona. Na parte inferior, destaca-se o motivo &#8220;Punt de trobada&#8221;, uma homenagem aos encontros que refletem a vida social e cultural da cidade.<\/p>\n<p>A liga\u00e7\u00e3o cultural desta capa com Barcelona \u00e9 ineg\u00e1vel, sendo um s\u00edmbolo do modernismo catal\u00e3o que deixou uma marca indel\u00e9vel na arquitetura e na arte urbana. Este acess\u00f3rio torna-se uma recorda\u00e7\u00e3o aut\u00eantica e representativa, ideal para quem procura mergulhar no esp\u00edrito vibrante da cidade. Na Ol\u00e9 Mosaic, especializamo-nos na distribui\u00e7\u00e3o de lembran\u00e7as por grosso, oferecendo produtos que n\u00e3o s\u00f3 s\u00e3o funcionais, mas que tamb\u00e9m t\u00eam um valor est\u00e9tico e cultural \u00fanico. Esta capa para telem\u00f3vel \u00e9 uma excelente op\u00e7\u00e3o para lojas de presentes tur\u00edsticos, ideal para quem deseja levar um pedacinho de Barcelona para casa.<\/p>\n","protected":false},"excerpt":{"rendered":"<p>Capa para telem\u00f3vel Samsung A14 fabricada em TPU, com um design vibrante que capta o esp\u00edrito de Barcelona. Decorada com um mosaico colorido e din\u00e2mico que evoca as obras de Gaud\u00ed, inclui elementos em vermelho, amarelo, verde e azul sobre um fundo branco. O motivo &#8220;Punt de trobada&#8221; destaca-se na parte inferior, tornando-a um acess\u00f3rio elegante e distintivo, ideal para os amantes da arte e da cultura catal\u00e3.<\/p>\n","protected":false},"featured_media":12538,"template":"","meta":{"_acf_changed":false},"product_brand":[],"product_cat":[685],"product_tag":[],"class_list":{"0":"post-36264","1":"product","2":"type-product","3":"status-publish","4":"has-post-thumbnail","6":"product_cat-capas-para-telemoveis","7":"pa_ciudad-barcelona","8":"pa_motivo-punt-de-trobada","9":"pa_pais-espana","11":"first","12":"instock","13":"shipping-taxable","14":"product-type-simple"},"acf":[],"_links":{"self":[{"href":"https:\/\/olemosaic.com\/pt-pt\/wp-json\/wp\/v2\/product\/36264","targetHints":{"allow":["GET"]}}],"collection":[{"href":"https:\/\/olemosaic.com\/pt-pt\/wp-json\/wp\/v2\/product"}],"about":[{"href":"https:\/\/olemosaic.com\/pt-pt\/wp-json\/wp\/v2\/types\/product"}],"wp:featuredmedia":[{"embeddable":true,"href":"https:\/\/olemosaic.com\/pt-pt\/wp-json\/wp\/v2\/media\/12538"}],"wp:attachment":[{"href":"https:\/\/olemosaic.com\/pt-pt\/wp-json\/wp\/v2\/media?parent=36264"}],"wp:term":[{"taxonomy":"product_brand","embeddable":true,"href":"https:\/\/olemosaic.com\/pt-pt\/wp-json\/wp\/v2\/product_brand?post=36264"},{"taxonomy":"product_cat","embeddable":true,"href":"https:\/\/olemosaic.com\/pt-pt\/wp-json\/wp\/v2\/product_cat?post=36264"},{"taxonomy":"product_tag","embeddable":true,"href":"https:\/\/olemosaic.com\/pt-pt\/wp-json\/wp\/v2\/product_tag?post=36264"}],"curies":[{"name":"wp","href":"https:\/\/api.w.org\/{rel}","templated":true}]}}