{"id":36248,"date":"2025-02-20T22:35:38","date_gmt":"2025-02-20T22:35:38","guid":{"rendered":"http:\/\/olemosaic.com\/producto\/funda-de-telefono-para-samsung-a14-tpu-salamandra-barcelona-negro\/"},"modified":"2025-07-25T19:06:55","modified_gmt":"2025-07-25T17:06:55","slug":"capa-de-telemovel-para-samsung-a14-tpu-salamandra-barcelona-preto","status":"publish","type":"product","link":"https:\/\/olemosaic.com\/pt-pt\/produto\/capa-de-telemovel-para-samsung-a14-tpu-salamandra-barcelona-preto\/","title":{"rendered":"Capa para telem\u00f3vel Samsung A14 (TPU). Salamandra. Barcelona. Preto"},"content":{"rendered":"<p>Capa para telem\u00f3vel Samsung A14 com um vibrante design de salamandras, inspirada na est\u00e9tica moderna de Barcelona. Esta atrativa capa, fabricada em TPU, oferece uma excelente prote\u00e7\u00e3o ao seu dispositivo, ao mesmo tempo que se destaca pelo seu colorido e chamativo design gr\u00e1fico. O fundo preto real\u00e7a as cores vivas das salamandras, cada uma decorada com padr\u00f5es intrincados que evocam a rica tradi\u00e7\u00e3o art\u00edstica da cidade. Flores de diferentes tons adicionam um toque fresco e vibrante, criando uma composi\u00e7\u00e3o visual que captura a ess\u00eancia da arte urbana barcelonesa.<\/p>\n<p>A palavra &#8220;Barcelona&#8221; est\u00e1 elegantemente impressa num estilo distintivo, estabelecendo uma liga\u00e7\u00e3o direta com a cultura local e convertendo esta capa numa excelente recorda\u00e7\u00e3o para qualquer amante da cidade. Al\u00e9m da sua funcionalidade, este acess\u00f3rio apresenta-se como um aut\u00eantico souvenir que celebra a diversidade e criatividade da regi\u00e3o catal\u00e3. Na Ol\u00e9 Mosaic, dedicamo-nos \u00e0 distribui\u00e7\u00e3o de souvenirs por grosso, oferecendo produtos que alegram e embelezam a vida quotidiana dos turistas. Esta capa para telem\u00f3vel \u00e9 uma alternativa perfeita para lojas de recorda\u00e7\u00f5es tur\u00edsticas que procuram artigos representativos e de qualidade, oferecendo um toque de glamour e cultura que ressoar\u00e1 com aqueles que levam um pedacinho de Barcelona.<\/p>\n","protected":false},"excerpt":{"rendered":"<p>Capa para Samsung A14 fabricada em TPU, adornada com um design vibrante de salamandras que evocam a est\u00e9tica moderna de Barcelona. O fundo preto real\u00e7a as cores vivas das salamandras e das flores, apresentadas com uma t\u00e9cnica gr\u00e1fica chamativa. A palavra &#8220;Barcelona&#8221; est\u00e1 elegantemente impressa, conferindo um toque distintivo. Ideal para quem procura proteger o seu telem\u00f3vel com um acess\u00f3rio que combine funcionalidade e um design cultural atrativo.<\/p>\n","protected":false},"featured_media":12551,"template":"","meta":{"_acf_changed":false},"product_brand":[],"product_cat":[685],"product_tag":[516],"class_list":{"0":"post-36248","1":"product","2":"type-product","3":"status-publish","4":"has-post-thumbnail","6":"product_cat-capas-para-telemoveis","7":"product_tag-animais","8":"pa_ciudad-barcelona","9":"pa_motivo-salamandras","10":"pa_pais-espana","12":"first","13":"instock","14":"shipping-taxable","15":"product-type-simple"},"acf":[],"_links":{"self":[{"href":"https:\/\/olemosaic.com\/pt-pt\/wp-json\/wp\/v2\/product\/36248","targetHints":{"allow":["GET"]}}],"collection":[{"href":"https:\/\/olemosaic.com\/pt-pt\/wp-json\/wp\/v2\/product"}],"about":[{"href":"https:\/\/olemosaic.com\/pt-pt\/wp-json\/wp\/v2\/types\/product"}],"wp:featuredmedia":[{"embeddable":true,"href":"https:\/\/olemosaic.com\/pt-pt\/wp-json\/wp\/v2\/media\/12551"}],"wp:attachment":[{"href":"https:\/\/olemosaic.com\/pt-pt\/wp-json\/wp\/v2\/media?parent=36248"}],"wp:term":[{"taxonomy":"product_brand","embeddable":true,"href":"https:\/\/olemosaic.com\/pt-pt\/wp-json\/wp\/v2\/product_brand?post=36248"},{"taxonomy":"product_cat","embeddable":true,"href":"https:\/\/olemosaic.com\/pt-pt\/wp-json\/wp\/v2\/product_cat?post=36248"},{"taxonomy":"product_tag","embeddable":true,"href":"https:\/\/olemosaic.com\/pt-pt\/wp-json\/wp\/v2\/product_tag?post=36248"}],"curies":[{"name":"wp","href":"https:\/\/api.w.org\/{rel}","templated":true}]}}