{"id":36247,"date":"2025-02-20T22:35:38","date_gmt":"2025-02-20T22:35:38","guid":{"rendered":"http:\/\/olemosaic.com\/producto\/funda-de-telefono-para-samsung-a14-tpu-panoramica-barcelona-blanco\/"},"modified":"2025-07-25T18:59:09","modified_gmt":"2025-07-25T16:59:09","slug":"capa-de-telemovel-para-samsung-a14-tpu-panoramica-barcelona-branco","status":"publish","type":"product","link":"https:\/\/olemosaic.com\/pt-pt\/produto\/capa-de-telemovel-para-samsung-a14-tpu-panoramica-barcelona-branco\/","title":{"rendered":"Capa para telem\u00f3vel Samsung A14 (TPU). Panor\u00e2mica. Barcelona. Branco"},"content":{"rendered":"<p>Capa de telem\u00f3vel para Samsung A14 com um vibrante design panor\u00e2mico de Barcelona. Esta capa, fabricada em TPU de alta qualidade, combina funcionalidade e estilo num s\u00f3 produto, oferecendo uma excelente prote\u00e7\u00e3o para o seu dispositivo. A sua impressionante ilustra\u00e7\u00e3o apresenta a emblem\u00e1tica Sagrada Fam\u00edlia, um dos s\u00edmbolos mais representativos da cidade, rodeada de outros monumentos ic\u00f3nicos que destacam a rica arquitetura barcelonesa. O fundo branco real\u00e7a as cores vibrantes da ilustra\u00e7\u00e3o, com detalhes art\u00edsticos que evocam o modernismo catal\u00e3o, conferindo um toque contempor\u00e2neo e atrativo.<\/p>\n<p>Cada detalhe deste design, inspirado no estilo mosaico de Gaud\u00ed, consegue capturar a ess\u00eancia de Barcelona, convertendo esta capa numa aut\u00eantica recorda\u00e7\u00e3o que reflete a cultura local. Sendo um artigo n\u00e3o s\u00f3 pr\u00e1tico mas tamb\u00e9m evocativo, \u00e9 uma excelente op\u00e7\u00e3o para turistas que procuram levar um pedacinho da cidade. Na Ol\u00e9 Mosaic, dedicamo-nos \u00e0 distribui\u00e7\u00e3o de recorda\u00e7\u00f5es por grosso, oferecendo produtos exclusivos como esta capa que celebra a identidade e o patrim\u00f3nio da capital catal\u00e3. Ideal para lojas de recorda\u00e7\u00f5es tur\u00edsticas, este souvenir de Barcelona apresenta-se como uma op\u00e7\u00e3o \u00fanica e aut\u00eantica para quem deseja recordar a sua visita a esta maravilhosa cidade.<\/p>\n","protected":false},"excerpt":{"rendered":"<p>Capa para telem\u00f3vel Samsung A14 de TPU, com uma vibrante panor\u00e2mica de Barcelona. Este design apresenta a emblem\u00e1tica Sagrada Fam\u00edlia e outros monumentos ic\u00f3nicos da cidade, representados num estilo de mosaico colorido. A capa \u00e9 de cor branca e destaca-se pelos seus detalhes art\u00edsticos que evocam o modernismo catal\u00e3o, ao mesmo tempo que protege o dispositivo e presta homenagem ao patrim\u00f3nio arquitet\u00f3nico de Barcelona.<\/p>\n","protected":false},"featured_media":12539,"template":"","meta":{"_acf_changed":false},"product_brand":[],"product_cat":[685],"product_tag":[],"class_list":{"0":"post-36247","1":"product","2":"type-product","3":"status-publish","4":"has-post-thumbnail","6":"product_cat-capas-para-telemoveis","7":"pa_ciudad-barcelona","8":"pa_motivo-panoramas","9":"pa_pais-espana","11":"first","12":"instock","13":"shipping-taxable","14":"product-type-simple"},"acf":[],"_links":{"self":[{"href":"https:\/\/olemosaic.com\/pt-pt\/wp-json\/wp\/v2\/product\/36247","targetHints":{"allow":["GET"]}}],"collection":[{"href":"https:\/\/olemosaic.com\/pt-pt\/wp-json\/wp\/v2\/product"}],"about":[{"href":"https:\/\/olemosaic.com\/pt-pt\/wp-json\/wp\/v2\/types\/product"}],"wp:featuredmedia":[{"embeddable":true,"href":"https:\/\/olemosaic.com\/pt-pt\/wp-json\/wp\/v2\/media\/12539"}],"wp:attachment":[{"href":"https:\/\/olemosaic.com\/pt-pt\/wp-json\/wp\/v2\/media?parent=36247"}],"wp:term":[{"taxonomy":"product_brand","embeddable":true,"href":"https:\/\/olemosaic.com\/pt-pt\/wp-json\/wp\/v2\/product_brand?post=36247"},{"taxonomy":"product_cat","embeddable":true,"href":"https:\/\/olemosaic.com\/pt-pt\/wp-json\/wp\/v2\/product_cat?post=36247"},{"taxonomy":"product_tag","embeddable":true,"href":"https:\/\/olemosaic.com\/pt-pt\/wp-json\/wp\/v2\/product_tag?post=36247"}],"curies":[{"name":"wp","href":"https:\/\/api.w.org\/{rel}","templated":true}]}}