{"id":36246,"date":"2025-02-20T23:35:38","date_gmt":"2025-02-20T22:35:38","guid":{"rendered":"http:\/\/olemosaic.com\/producto\/funda-de-telefono-para-samsung-a14-tpu-abstracto-negro-2\/"},"modified":"2025-07-25T20:05:22","modified_gmt":"2025-07-25T18:05:22","slug":"capa-de-telemovel-para-samsung-a14-tpu-abstrato-preto-2","status":"publish","type":"product","link":"https:\/\/olemosaic.com\/pt-pt\/produto\/capa-de-telemovel-para-samsung-a14-tpu-abstrato-preto-2\/","title":{"rendered":"Capa para telem\u00f3vel Samsung A14 (TPU). Abstrato. Padr\u00e3o nuvens. Preto"},"content":{"rendered":"<p>Capa de telem\u00f3vel para Samsung A14 com design abstrato vibrante<\/p>\n<p>Apresentamos esta impressionante capa para o Samsung A14, fabricada em TPU com um espetacular design abstrato que se destaca pela sua combina\u00e7\u00e3o de cores vibrantes: pretos, azuis, laranjas e rosas. Esta capa \u00e9 uma obra de arte em si mesma, onde as tonalidades se fundem como nuvens de tinta, criando um efeito visual din\u00e2mico e atual que atrair\u00e1 quem procura um estilo \u00fanico e moderno. O material TPU flex\u00edvel n\u00e3o s\u00f3 oferece uma excelente prote\u00e7\u00e3o contra choques e quedas, como tamb\u00e9m assegura um ajuste perfeito ao dispositivo, permitindo um uso c\u00f3modo e acess\u00edvel de todas as fun\u00e7\u00f5es do telem\u00f3vel.<\/p>\n<p>O design abstrato n\u00e3o s\u00f3 revitaliza a est\u00e9tica do telem\u00f3vel, como tamb\u00e9m incorpora uma tend\u00eancia contempor\u00e2nea em sintonia com as \u00faltimas correntes art\u00edsticas. Esta capa representa uma liga\u00e7\u00e3o com a arte moderna, tornando-a o souvenir ideal para quem deseja levar um peda\u00e7o de criatividade e express\u00e3o no seu dia a dia. Na Ol\u00e9 Mosaic, como distribuidores de capas de telem\u00f3vel por grosso, garantimos que cada pe\u00e7a, al\u00e9m de ser pr\u00e1tica, conta com um apelo visual que cativa turistas e amantes do design. Esta capa \u00e9 uma excelente op\u00e7\u00e3o para lojas de recorda\u00e7\u00f5es tur\u00edsticas que procuram oferecer produtos aut\u00eanticos e representativos do estilo contempor\u00e2neo.<\/p>\n","protected":false},"excerpt":{"rendered":"<p>Capa de telem\u00f3vel para Samsung A14 de TPU com um design abstrato em tons vibrantes. Este acess\u00f3rio destaca-se pela sua elegante combina\u00e7\u00e3o de cores pretas, azuis, laranjas e rosas, que cria um efeito visual semelhante ao de nuvens de tinta a fundirem-se. Fabricada em TPU flex\u00edvel, oferece uma excelente prote\u00e7\u00e3o ao seu dispositivo contra choques e quedas, ao mesmo tempo que o seu design moderno confere um toque art\u00edstico e contempor\u00e2neo, ideal para quem procura um estilo \u00fanico.<\/p>\n","protected":false},"featured_media":12553,"template":"","meta":{"_acf_changed":false},"product_brand":[],"product_cat":[685],"product_tag":[],"class_list":{"0":"post-36246","1":"product","2":"type-product","3":"status-publish","4":"has-post-thumbnail","6":"product_cat-capas-para-telemoveis","7":"pa_motivo-resumo","9":"first","10":"instock","11":"shipping-taxable","12":"product-type-simple"},"acf":[],"_links":{"self":[{"href":"https:\/\/olemosaic.com\/pt-pt\/wp-json\/wp\/v2\/product\/36246","targetHints":{"allow":["GET"]}}],"collection":[{"href":"https:\/\/olemosaic.com\/pt-pt\/wp-json\/wp\/v2\/product"}],"about":[{"href":"https:\/\/olemosaic.com\/pt-pt\/wp-json\/wp\/v2\/types\/product"}],"wp:featuredmedia":[{"embeddable":true,"href":"https:\/\/olemosaic.com\/pt-pt\/wp-json\/wp\/v2\/media\/12553"}],"wp:attachment":[{"href":"https:\/\/olemosaic.com\/pt-pt\/wp-json\/wp\/v2\/media?parent=36246"}],"wp:term":[{"taxonomy":"product_brand","embeddable":true,"href":"https:\/\/olemosaic.com\/pt-pt\/wp-json\/wp\/v2\/product_brand?post=36246"},{"taxonomy":"product_cat","embeddable":true,"href":"https:\/\/olemosaic.com\/pt-pt\/wp-json\/wp\/v2\/product_cat?post=36246"},{"taxonomy":"product_tag","embeddable":true,"href":"https:\/\/olemosaic.com\/pt-pt\/wp-json\/wp\/v2\/product_tag?post=36246"}],"curies":[{"name":"wp","href":"https:\/\/api.w.org\/{rel}","templated":true}]}}