{"id":36244,"date":"2025-02-20T22:35:38","date_gmt":"2025-02-20T22:35:38","guid":{"rendered":"http:\/\/olemosaic.com\/producto\/funda-de-telefono-para-samsung-a13-tpu-gato-barcelona-blanco\/"},"modified":"2025-07-25T18:41:26","modified_gmt":"2025-07-25T16:41:26","slug":"capa-de-telemovel-para-samsung-a13-tpu-gato-barcelona-branco","status":"publish","type":"product","link":"https:\/\/olemosaic.com\/pt-pt\/produto\/capa-de-telemovel-para-samsung-a13-tpu-gato-barcelona-branco\/","title":{"rendered":"Capa para telem\u00f3vel Samsung A13 (TPU). Gato. Barcelona. Branco"},"content":{"rendered":"<p>Capa para Samsung A13 inspirada em Barcelona<\/p>\n<p>Descubra a nossa capa para Samsung A13, um acess\u00f3rio \u00fanico que funde est\u00e9tica e funcionalidade. Fabricada em TPU de alta qualidade, esta capa proporciona uma prote\u00e7\u00e3o excecional contra choques e riscos, garantindo que o seu dispositivo se mantenha impec\u00e1vel. O seu design vibrante apresenta um gato encantador num mosaico que evoca a obra magistral do c\u00e9lebre Antoni Gaud\u00ed. O fundo branco simula um mosaico arquitet\u00f3nico, real\u00e7ando a figura do gato, cujas formas geom\u00e9tricas brilham com tons vermelhos, verdes e azuis, criando um efeito visual cativante.<\/p>\n<p>A incorpora\u00e7\u00e3o de borboletas coloridas adiciona um toque din\u00e2mico e alegre, enquanto a elegante inscri\u00e7\u00e3o de &#8220;Barcelona&#8221; destaca a liga\u00e7\u00e3o cultural, convertendo esta capa numa aut\u00eantica recorda\u00e7\u00e3o da cidade. Ideal para quem deseja levar consigo um fragmento da criatividade e da arte catal\u00e3, esta capa n\u00e3o s\u00f3 protege o telem\u00f3vel, como tamb\u00e9m simboliza a rica heran\u00e7a cultural de Barcelona.<\/p>\n<p>A Ol\u00e9 Mosaic orgulha-se de oferecer produtos aut\u00eanticos e de qualidade por grosso, e esta capa \u00e9 uma excelente op\u00e7\u00e3o para lojas de recorda\u00e7\u00f5es tur\u00edsticas que procuram artigos distintivos e relevantes. Com a nossa capa de gato, os seus clientes poder\u00e3o levar uma recorda\u00e7\u00e3o ic\u00f3nica e representativa de Barcelona para onde quer que v\u00e3o.<\/p>\n","protected":false},"excerpt":{"rendered":"<p>Capa para telem\u00f3vel Samsung A13 fabricada em TPU, com um design vibrante de um gato e borboletas coloridas. Inspirada na obra do famoso artista Antoni Gaud\u00ed, apresenta um fundo branco que simula um mosaico, acentuado pelas formas geom\u00e9tricas do gato em tons vermelhos, verdes e azuis. A palavra &#8220;Barcelona&#8221; est\u00e1 elegantemente impressa, adicionando um toque distintivo e cultural a este acess\u00f3rio pr\u00e1tico. Ideal para quem deseja combinar prote\u00e7\u00e3o e estilo.<\/p>\n","protected":false},"featured_media":12504,"template":"","meta":{"_acf_changed":false},"product_brand":[],"product_cat":[685],"product_tag":[516],"class_list":{"0":"post-36244","1":"product","2":"type-product","3":"status-publish","4":"has-post-thumbnail","6":"product_cat-capas-para-telemoveis","7":"product_tag-animais","8":"pa_ciudad-barcelona","9":"pa_motivo-gatos","10":"pa_pais-espana","12":"first","13":"instock","14":"shipping-taxable","15":"product-type-simple"},"acf":[],"_links":{"self":[{"href":"https:\/\/olemosaic.com\/pt-pt\/wp-json\/wp\/v2\/product\/36244","targetHints":{"allow":["GET"]}}],"collection":[{"href":"https:\/\/olemosaic.com\/pt-pt\/wp-json\/wp\/v2\/product"}],"about":[{"href":"https:\/\/olemosaic.com\/pt-pt\/wp-json\/wp\/v2\/types\/product"}],"wp:featuredmedia":[{"embeddable":true,"href":"https:\/\/olemosaic.com\/pt-pt\/wp-json\/wp\/v2\/media\/12504"}],"wp:attachment":[{"href":"https:\/\/olemosaic.com\/pt-pt\/wp-json\/wp\/v2\/media?parent=36244"}],"wp:term":[{"taxonomy":"product_brand","embeddable":true,"href":"https:\/\/olemosaic.com\/pt-pt\/wp-json\/wp\/v2\/product_brand?post=36244"},{"taxonomy":"product_cat","embeddable":true,"href":"https:\/\/olemosaic.com\/pt-pt\/wp-json\/wp\/v2\/product_cat?post=36244"},{"taxonomy":"product_tag","embeddable":true,"href":"https:\/\/olemosaic.com\/pt-pt\/wp-json\/wp\/v2\/product_tag?post=36244"}],"curies":[{"name":"wp","href":"https:\/\/api.w.org\/{rel}","templated":true}]}}