{"id":36233,"date":"2025-02-20T22:35:37","date_gmt":"2025-02-20T22:35:37","guid":{"rendered":"http:\/\/olemosaic.com\/producto\/funda-de-telefono-para-samsung-a13-tpu-sagrada-familia-barcelona-azul\/"},"modified":"2025-07-25T20:03:52","modified_gmt":"2025-07-25T18:03:52","slug":"capa-para-telemovel-para-samsung-a13-tpu-sagrada-familia-barcelona-azul","status":"publish","type":"product","link":"https:\/\/olemosaic.com\/pt-pt\/produto\/capa-para-telemovel-para-samsung-a13-tpu-sagrada-familia-barcelona-azul\/","title":{"rendered":"Capa para telem\u00f3vel para Samsung A13 (TPU). Sagrada Fam\u00edlia. Barcelona. Azul"},"content":{"rendered":"<p>Capa de telem\u00f3vel para Samsung A13 decorada com uma impressionante ilustra\u00e7\u00e3o da Sagrada Fam\u00edlia, \u00edcone arquitet\u00f3nico de Barcelona, \u00e9 o acess\u00f3rio ideal para quem procura levar consigo um peda\u00e7o da cultura catal\u00e3. Fabricada em material TPU, esta capa n\u00e3o s\u00f3 oferece uma prote\u00e7\u00e3o robusta para o seu dispositivo, como tamb\u00e9m se destaca pelo seu vibrante design que captura os emblem\u00e1ticos telhados e torres desta magn\u00edfica bas\u00edlica. A paleta de cores azuis e quentes evoca os tons do c\u00e9u e das pedras que comp\u00f5em a Sagrada Fam\u00edlia, enquanto o mosaico que emoldura a ilustra\u00e7\u00e3o remete ao estilo modernista de Antoni Gaud\u00ed, com as suas formas org\u00e2nicas e coloridas.<\/p>\n<p>Para al\u00e9m do seu apelo visual, a palavra &#8220;Barcelona&#8221; sobressai na parte inferior, transformando esta capa numa recorda\u00e7\u00e3o representativa da cidade que acolhe esta obra-prima da arquitetura. Este produto n\u00e3o \u00e9 apenas um acess\u00f3rio funcional, mas tamb\u00e9m um aut\u00eantico souvenir que simboliza a heran\u00e7a cultural de Barcelona, ideal para turistas e amantes da cidade.<\/p>\n<p>Na Ol\u00e9 Mosaic, especializamo-nos na distribui\u00e7\u00e3o de souvenirs por grosso, e esta capa de telem\u00f3vel \u00e9 uma excelente op\u00e7\u00e3o para lojas de presentes tur\u00edsticos que procuram produtos aut\u00eanticos e de qualidade, refletindo o esp\u00edrito de Barcelona em cada detalhe. Com a nossa oferta de acess\u00f3rios por grosso, garantimos design, durabilidade e um toque de cultura em cada pe\u00e7a.<\/p>\n","protected":false},"excerpt":{"rendered":"<p>Capa para o telem\u00f3vel Samsung A13 de TPU, decorada com uma vibrante ilustra\u00e7\u00e3o da Sagrada Fam\u00edlia de Barcelona. O design apresenta uma paleta de cores azuis e quentes, que representam os emblem\u00e1ticos telhados e torres desta ic\u00f3nica bas\u00edlica, rodeada de um mosaico que evoca o estilo modernista de Gaud\u00ed. A palavra &#8216;Barcelona&#8217; destaca-se na parte inferior, tornando esta capa um acess\u00f3rio atraente e representativo da cidade.<\/p>\n","protected":false},"featured_media":12525,"template":"","meta":{"_acf_changed":false},"product_brand":[],"product_cat":[685],"product_tag":[],"class_list":{"0":"post-36233","1":"product","2":"type-product","3":"status-publish","4":"has-post-thumbnail","6":"product_cat-capas-para-telemoveis","7":"pa_ciudad-barcelona","8":"pa_motivo-sagrada-familia","9":"pa_pais-espana","11":"first","12":"instock","13":"shipping-taxable","14":"product-type-simple"},"acf":[],"_links":{"self":[{"href":"https:\/\/olemosaic.com\/pt-pt\/wp-json\/wp\/v2\/product\/36233","targetHints":{"allow":["GET"]}}],"collection":[{"href":"https:\/\/olemosaic.com\/pt-pt\/wp-json\/wp\/v2\/product"}],"about":[{"href":"https:\/\/olemosaic.com\/pt-pt\/wp-json\/wp\/v2\/types\/product"}],"wp:featuredmedia":[{"embeddable":true,"href":"https:\/\/olemosaic.com\/pt-pt\/wp-json\/wp\/v2\/media\/12525"}],"wp:attachment":[{"href":"https:\/\/olemosaic.com\/pt-pt\/wp-json\/wp\/v2\/media?parent=36233"}],"wp:term":[{"taxonomy":"product_brand","embeddable":true,"href":"https:\/\/olemosaic.com\/pt-pt\/wp-json\/wp\/v2\/product_brand?post=36233"},{"taxonomy":"product_cat","embeddable":true,"href":"https:\/\/olemosaic.com\/pt-pt\/wp-json\/wp\/v2\/product_cat?post=36233"},{"taxonomy":"product_tag","embeddable":true,"href":"https:\/\/olemosaic.com\/pt-pt\/wp-json\/wp\/v2\/product_tag?post=36233"}],"curies":[{"name":"wp","href":"https:\/\/api.w.org\/{rel}","templated":true}]}}