{"id":36232,"date":"2025-02-20T22:35:37","date_gmt":"2025-02-20T22:35:37","guid":{"rendered":"http:\/\/olemosaic.com\/producto\/funda-de-telefono-para-samsung-a13-tpu-panoramica-barcelona-azul\/"},"modified":"2025-07-25T20:17:10","modified_gmt":"2025-07-25T18:17:10","slug":"capa-para-telemovel-para-samsung-a13-tpu-panoramica-barcelona-azul","status":"publish","type":"product","link":"https:\/\/olemosaic.com\/pt-pt\/produto\/capa-para-telemovel-para-samsung-a13-tpu-panoramica-barcelona-azul\/","title":{"rendered":"Capa para telem\u00f3vel para Samsung A13 (TPU). Panor\u00e2mica. Barcelona. Azul"},"content":{"rendered":"<p>Capa para Samsung A13 com design panor\u00e2mico inspirado em Barcelona. Esta atraente capa, fabricada em TPU, oferece uma combina\u00e7\u00e3o perfeita de estilo e funcionalidade, protegendo o seu dispositivo ao mesmo tempo que real\u00e7a a vibrante ess\u00eancia da cidade condal. O seu design apresenta uma mistura de cores azuis, que recordam o brilhante c\u00e9u de Barcelona, complementados com detalhes quentes que evocam a arquitetura emblem\u00e1tica da cidade. Em primeiro plano, destaca-se a ic\u00f3nica silhueta da Sagrada Fam\u00edlia, rodeada de elementos arquitet\u00f3nicos que representam a rica heran\u00e7a cultural da zona, desde as formas ondulantes de Gaud\u00ed at\u00e9 ao estilo modernista cl\u00e1ssico.<\/p>\n<p>O texto &#8220;Barcelona&#8221; aparece em letras coloridas e din\u00e2micas, capturando o esp\u00edrito vibrante da metr\u00f3pole. Inspirado no tradicional trencad\u00eds, este design n\u00e3o s\u00f3 oferece prote\u00e7\u00e3o estilizada, como tamb\u00e9m serve como uma maravilhosa recorda\u00e7\u00e3o da arquitetura e da arte catal\u00e3. Esta capa de telem\u00f3vel torna-se um souvenir perfeito para turistas que desejam levar consigo um peda\u00e7o de Barcelona. Na Ol\u00e9 Mosaic, somos distribuidores de artigos aut\u00eanticos da regi\u00e3o, e esta capa \u00e9 uma excelente op\u00e7\u00e3o para lojas de presentes tur\u00edsticos, oferecendo um artigo de qualidade que une design e heran\u00e7a cultural.<\/p>\n","protected":false},"excerpt":{"rendered":"<p>Capa para telem\u00f3vel Samsung A13 fabricada em TPU, com um vibrante design panor\u00e2mico de Barcelona. A capa apresenta uma mistura de cores azuis e detalhes em tons quentes, onde se destaca a famosa silhueta da Sagrada Fam\u00edlia e elementos arquitet\u00f3nicos emblem\u00e1ticos da cidade. O design inclui a palavra \u201cBarcelona\u201d em letras coloridas, rodeada de motivos inspirados no trencad\u00eds, oferecendo uma prote\u00e7\u00e3o estilizada para o seu dispositivo enquanto captura a ess\u00eancia do estilo catal\u00e3o.<\/p>\n","protected":false},"featured_media":12524,"template":"","meta":{"_acf_changed":false},"product_brand":[],"product_cat":[685],"product_tag":[],"class_list":{"0":"post-36232","1":"product","2":"type-product","3":"status-publish","4":"has-post-thumbnail","6":"product_cat-capas-para-telemoveis","7":"pa_ciudad-barcelona","8":"pa_motivo-panoramas","9":"pa_pais-espana","11":"first","12":"instock","13":"shipping-taxable","14":"product-type-simple"},"acf":[],"_links":{"self":[{"href":"https:\/\/olemosaic.com\/pt-pt\/wp-json\/wp\/v2\/product\/36232","targetHints":{"allow":["GET"]}}],"collection":[{"href":"https:\/\/olemosaic.com\/pt-pt\/wp-json\/wp\/v2\/product"}],"about":[{"href":"https:\/\/olemosaic.com\/pt-pt\/wp-json\/wp\/v2\/types\/product"}],"wp:featuredmedia":[{"embeddable":true,"href":"https:\/\/olemosaic.com\/pt-pt\/wp-json\/wp\/v2\/media\/12524"}],"wp:attachment":[{"href":"https:\/\/olemosaic.com\/pt-pt\/wp-json\/wp\/v2\/media?parent=36232"}],"wp:term":[{"taxonomy":"product_brand","embeddable":true,"href":"https:\/\/olemosaic.com\/pt-pt\/wp-json\/wp\/v2\/product_brand?post=36232"},{"taxonomy":"product_cat","embeddable":true,"href":"https:\/\/olemosaic.com\/pt-pt\/wp-json\/wp\/v2\/product_cat?post=36232"},{"taxonomy":"product_tag","embeddable":true,"href":"https:\/\/olemosaic.com\/pt-pt\/wp-json\/wp\/v2\/product_tag?post=36232"}],"curies":[{"name":"wp","href":"https:\/\/api.w.org\/{rel}","templated":true}]}}